{"id":1714,"date":"2021-11-30T13:58:53","date_gmt":"2021-11-30T13:58:53","guid":{"rendered":"https:\/\/theologyx.com\/?page_id=1714"},"modified":"2021-11-30T14:04:46","modified_gmt":"2021-11-30T14:04:46","slug":"politica-de-uso-do-site","status":"publish","type":"page","link":"https:\/\/theologyx.com\/pt-pt\/politica-de-uso-do-site\/","title":{"rendered":"Pol\u00edtica de uso do site"},"content":{"rendered":"<div class=\"page-heading\"><\/div>\n<section class=\"static-content\">\n<div class=\"grid-manual grid-container\">\n<div class=\"inner-container\">\n<div class=\"row\">\n<div class=\"col col-12 sm-col-12 md-col-9\">\n<h1>Pol\u00edtica de uso aceit\u00e1vel do site<\/h1>\n<p>&nbsp;<\/p>\n<p><strong>Pol\u00edtica de uso aceit\u00e1vel do site: Cliff College Outreach<\/strong><\/p>\n<p><strong>LEIA OS TERMOS DESTA POL\u00cdTICA ATENTAMENTE ANTES DE USAR O SITE<\/strong><\/p>\n<p><strong>O que h\u00e1 nesses termos?<\/strong><\/p>\n<p>Esta pol\u00edtica de uso aceit\u00e1vel define os padr\u00f5es de conte\u00fado que se aplicam quando voc\u00ea carrega conte\u00fado em nosso site, faz contato com outros usu\u00e1rios em nosso site, faz um link para nosso site ou interage com nosso site de qualquer outra forma,<\/p>\n<p><strong>Quem somos e como nos contatar<\/strong><\/p>\n<p>www.theologyx.com \u00e9 um site operado pela Cliff College Outreach (&#8220;N\u00f3s&#8221;). Estamos registrados na Inglaterra e no Pa\u00eds de Gales sob o n\u00famero da empresa 02331438 e temos nosso escrit\u00f3rio registrado em Cliff College, Calver, Hope Valley, Derbyshire, S32 3XG.<\/p>\n<p><strong>Somos uma empresa limitada por garantia.<\/strong><\/p>\n<p>Para entrar em contato conosco, envie um e-mail para info@theologyx.com ou telefone 01246584200.<\/p>\n<p><strong>Ao usar nosso site, voc\u00ea aceita estes termos<\/strong><\/p>\n<p>Ao usar nosso site, voc\u00ea confirma que aceita os termos desta pol\u00edtica e que concorda em cumpri-los.<\/p>\n<p>Se voc\u00ea n\u00e3o concorda com estes termos, voc\u00ea n\u00e3o deve usar nosso site.<\/p>\n<p>Recomendamos que voc\u00ea imprima uma c\u00f3pia desses termos para refer\u00eancia futura.<\/p>\n<p><strong>Existem outros termos que podem se aplicar a voc\u00ea<\/strong><\/p>\n<p>Usu\u00e1rios: consulte nossa Pol\u00edtica de Privacidade, Pol\u00edtica de Cookies e Termos Gerais de Uso do Site.<\/p>\n<p>Provedores de conte\u00fado: consulte nosso Contrato de fornecimento de servi\u00e7os.<\/p>\n<p><strong>Podemos fazer altera\u00e7\u00f5es nos termos desta pol\u00edtica<\/strong><\/p>\n<p>N\u00f3s alteramos esses termos de tempos em tempos. Sempre que desejar usar nosso site, verifique estes termos para garantir que entendeu os termos que se aplicam naquele momento. Esses termos foram atualizados mais recentemente em [15\/04\/2020].<\/p>\n<p><strong>Usos proibidos<\/strong><\/p>\n<ul>\n<li>Voc\u00ea pode usar nosso site apenas para fins legais. Voc\u00ea n\u00e3o pode usar nosso site:<\/li>\n<li>De qualquer forma que viole qualquer lei ou regulamento local, nacional ou internacional aplic\u00e1vel.<\/li>\n<li>De qualquer forma que seja ilegal ou fraudulenta, ou tenha qualquer prop\u00f3sito ou efeito ilegal ou fraudulento.Com o prop\u00f3sito de prejudicar ou tentar prejudicar menores de qualquer forma.<\/li>\n<li>Intimidar, insultar, intimidar ou humilhar qualquer pessoa.<\/li>\n<li>Enviar, receber, fazer upload, baixar, usar ou reutilizar conscientemente qualquer material que n\u00e3o esteja de acordo com nossos padr\u00f5es de conte\u00fado.<\/li>\n<li>Para transmitir ou obter o envio de qualquer publicidade ou material promocional n\u00e3o solicitado ou n\u00e3o autorizado ou qualquer outra forma de solicita\u00e7\u00e3o semelhante (spam).<\/li>\n<li>Para transmitir intencionalmente quaisquer dados, enviar ou fazer upload de qualquer material que contenha v\u00edrus, cavalos de Tr\u00f3ia, worms, bombas-rel\u00f3gio, keyloggers, spyware, adware ou qualquer outro programa prejudicial ou c\u00f3digo de computador semelhante projetado para afetar adversamente o funcionamento de qualquer software de computador ou hardware.<\/li>\n<\/ul>\n<p><strong>Voc\u00ea tamb\u00e9m concorda:<\/strong><\/p>\n<ul>\n<li>N\u00e3o reproduzir, duplicar, copiar ou revender qualquer parte do nosso site em viola\u00e7\u00e3o das disposi\u00e7\u00f5es dos nossos termos de uso do site.<\/li>\n<li>N\u00e3o acessar sem autoridade, interferir, danificar ou interromper:<br \/>\nqualquer parte do nosso site;<\/li>\n<li>qualquer equipamento ou rede em que nosso site esteja armazenado;<\/li>\n<li>qualquer software usado no fornecimento de nosso site; ou<\/li>\n<li>qualquer equipamento, rede ou software de propriedade ou usado por terceiros.<\/li>\n<\/ul>\n<p><strong>Servi\u00e7os interativos<\/strong><\/p>\n<p>De tempos em tempos, podemos fornecer servi\u00e7os interativos em nosso site, incluindo, sem limita\u00e7\u00e3o:<\/p>\n<ul>\n<li>Salas de conversa.<\/li>\n<li>Quadros de avisos.<\/li>\n<\/ul>\n<p><strong>(servi\u00e7os interativos.)<\/strong><\/p>\n<p>Onde fornecermos qualquer servi\u00e7o interativo, forneceremos informa\u00e7\u00f5es claras a voc\u00ea sobre o tipo de servi\u00e7o oferecido, se ele \u00e9 moderado e que forma de modera\u00e7\u00e3o \u00e9 usada (incluindo se \u00e9 humana ou t\u00e9cnica).<\/p>\n<p>Faremos o nosso melhor para avaliar os poss\u00edveis riscos para usu\u00e1rios (e em particular, para crian\u00e7as) de terceiros quando eles usam qualquer servi\u00e7o interativo fornecido em nosso site, e decidiremos em cada caso se \u00e9 apropriado usar modera\u00e7\u00e3o de servi\u00e7o relevante (incluindo o tipo de modera\u00e7\u00e3o a usar) \u00e0 luz desses riscos. No entanto, n\u00e3o temos a obriga\u00e7\u00e3o de supervisionar, monitorar ou moderar qualquer servi\u00e7o interativo que oferecemos em nosso site e expressamente exclu\u00edmos nossa responsabilidade por qualquer perda ou dano decorrente do uso de qualquer servi\u00e7o interativo por um usu\u00e1rio em viola\u00e7\u00e3o de nossos padr\u00f5es de conte\u00fado , se o servi\u00e7o \u00e9 moderado ou n\u00e3o.<\/p>\n<p>O uso de qualquer um dos nossos servi\u00e7os interativos por um menor est\u00e1 sujeito ao consentimento de seus pais ou respons\u00e1veis. Aconselhamos os pais que permitem que seus filhos usem um servi\u00e7o interativo que \u00e9 importante que eles se comuniquem com seus filhos sobre sua seguran\u00e7a online, pois a modera\u00e7\u00e3o n\u00e3o \u00e9 infal\u00edvel. Os menores que usam qualquer servi\u00e7o interativo devem ser informados dos riscos potenciais para eles.<\/p>\n<p>Quando moderamos um servi\u00e7o interativo, normalmente forneceremos a voc\u00ea um meio de entrar em contato com o moderador, caso surja alguma preocupa\u00e7\u00e3o ou dificuldade.<\/p>\n<p><strong>Padr\u00f5es de conte\u00fado<\/strong><\/p>\n<p>Esses padr\u00f5es de conte\u00fado se aplicam a todo e qualquer material com o qual voc\u00ea contribui para o nosso site (Contribui\u00e7\u00e3o) e a quaisquer servi\u00e7os interativos associados a ele.<\/p>\n<p>Os Padr\u00f5es de Conte\u00fado devem ser cumpridos tanto no esp\u00edrito quanto na letra. Os padr\u00f5es se aplicam a cada parte de qualquer contribui\u00e7\u00e3o, bem como a seu todo.<\/p>\n<p>O Cliff College Outreach determinar\u00e1, a seu crit\u00e9rio, se uma Contribui\u00e7\u00e3o viola os Padr\u00f5es de Conte\u00fado.<\/p>\n<p>Uma contribui\u00e7\u00e3o deve:<\/p>\n<ul>\n<li>Be accurate (where it states facts).<\/li>\n<li>Be genuinely held (where it states opinions).<\/li>\n<li>Comply with the law applicable in England and Wales and in any country from which it is posted.<\/li>\n<\/ul>\n<p><strong>Uma contribui\u00e7\u00e3o n\u00e3o deve:<\/strong><\/p>\n<ul>\n<li>Seja difamat\u00f3rio de qualquer pessoa.<\/li>\n<li>Seja obsceno, ofensivo, odioso ou inflamado.<\/li>\n<li>Intimidar, insultar, intimidar ou humilhar.<\/li>\n<li>Promova material sexualmente expl\u00edcito.<\/li>\n<li>Inclua material de abuso sexual infantil.<\/li>\n<li>Promova a viol\u00eancia.<\/li>\n<li>Promova a discrimina\u00e7\u00e3o com base na ra\u00e7a, sexo, religi\u00e3o, nacionalidade, defici\u00eancia, orienta\u00e7\u00e3o sexual ou idade.<\/li>\n<li>Violar qualquer direito autoral, direito de banco de dados ou marca comercial de qualquer outra pessoa.<\/li>\n<li>\u00c9 prov\u00e1vel que engane qualquer pessoa.<\/li>\n<li>Violar qualquer dever legal devido a terceiros, como um dever contratual ou um dever de confian\u00e7a.<\/li>\n<li>Promova qualquer atividade ilegal.<\/li>\n<li>Desrespeite o tribunal.<\/li>\n<li>Amea\u00e7a, abuse ou invada a privacidade de outra pessoa, ou cause aborrecimento, inconveni\u00eancia ou ansiedade desnecess\u00e1ria.<\/li>\n<li>Tende a assediar, chatear, embara\u00e7ar, alarmar ou aborrecer qualquer outra pessoa.<\/li>\n<li>Roubar a identidade de qualquer pessoa ou deturpar a sua identidade ou afilia\u00e7\u00e3o com qualquer pessoa.<\/li>\n<li>D\u00ea a impress\u00e3o de que a contribui\u00e7\u00e3o emana do Cliff College Outreach, se este n\u00e3o for o caso.<\/li>\n<li>Advogar, promover, incitar qualquer parte a cometer ou ajudar qualquer ato ilegal ou criminoso, como (apenas a t\u00edtulo de exemplo) viola\u00e7\u00e3o de direitos autorais ou uso indevido de computador.<\/li>\n<li>Cont\u00e9m uma declara\u00e7\u00e3o que voc\u00ea sabe ou acredita, ou tem motivos razo\u00e1veis \u200b\u200bpara acreditar, que os membros do p\u00fablico para quem a declara\u00e7\u00e3o \u00e9, ou ser\u00e1,<\/li>\n<li>publicada provavelmente entender\u00e3o como um incentivo direto ou indireto ou outro incentivo \u00e0 comiss\u00e3o, prepara\u00e7\u00e3o ou instiga\u00e7\u00e3o de atos de terrorismo.<\/li>\n<li>Conter qualquer publicidade ou promover quaisquer servi\u00e7os ou links da web para outros sites, a menos que o consentimento pr\u00e9vio por escrito do Cliff College Outreach tenha sido obtido.<\/li>\n<\/ul>\n<p><strong>Viola\u00e7\u00e3o desta pol\u00edtica<\/strong><\/p>\n<p>Quando consideramos que ocorreu uma viola\u00e7\u00e3o desta pol\u00edtica de uso aceit\u00e1vel, podemos tomar as medidas que considerarmos apropriadas.<\/p>\n<p>O n\u00e3o cumprimento desta pol\u00edtica de uso aceit\u00e1vel constitui uma viola\u00e7\u00e3o material dos termos de uso (para Usu\u00e1rios) ou do Contrato de Fornecimento de Servi\u00e7os relevante (para Provedores de Conte\u00fado) em que voc\u00ea tem permiss\u00e3o para usar nosso site, e pode resultar em nossa tomada de todos ou qualquer uma das seguintes a\u00e7\u00f5es:<\/p>\n<ul>\n<li>Retirada imediata, tempor\u00e1ria ou permanente do seu direito de usar nosso site.<\/li>\n<li>Remo\u00e7\u00e3o imediata, tempor\u00e1ria ou permanente de qualquer contribui\u00e7\u00e3o enviada por voc\u00ea para o nosso site.<\/li>\n<li>Emitir um aviso para voc\u00ea.<\/li>\n<li>Procedimentos legais contra voc\u00ea para reembolso de todos os custos em uma base de indeniza\u00e7\u00e3o (incluindo, mas n\u00e3o se limitando a, custos administrativos e legais razo\u00e1veis) resultantes da viola\u00e7\u00e3o.<\/li>\n<li>Outras a\u00e7\u00f5es legais contra voc\u00ea.<\/li>\n<li>Divulga\u00e7\u00e3o de tais informa\u00e7\u00f5es \u00e0s autoridades policiais conforme consideramos razoavelmente necess\u00e1rio ou conforme exigido por lei.<\/li>\n<\/ul>\n<p>Exclu\u00edmos nossa responsabilidade por todas as a\u00e7\u00f5es que possamos tomar em resposta a viola\u00e7\u00f5es desta pol\u00edtica de uso aceit\u00e1vel. As a\u00e7\u00f5es que podemos tomar n\u00e3o se limitam \u00e0s descritas acima, e podemos tomar qualquer outra a\u00e7\u00e3o que julgarmos apropriada.<\/p>\n<p><strong>As leis de qual pa\u00eds se aplicam a quaisquer disputas?<\/strong><\/p>\n<p>Se voc\u00ea for um consumidor, observe que os termos desta pol\u00edtica, seu objeto e sua forma\u00e7\u00e3o s\u00e3o regidos pela lei inglesa. Voc\u00ea e n\u00f3s dois concordamos que os tribunais da Inglaterra e do Pa\u00eds de Gales ter\u00e3o jurisdi\u00e7\u00e3o exclusiva, exceto que, se voc\u00ea for residente da Irlanda do Norte, tamb\u00e9m poder\u00e1 iniciar um processo na Irlanda do Norte e, se for residente na Esc\u00f3cia, tamb\u00e9m poder\u00e1 iniciar um processo na Esc\u00f3cia .<\/p>\n<p>Se voc\u00ea for uma empresa, os termos desta pol\u00edtica, seu objeto e sua forma\u00e7\u00e3o (e quaisquer disputas ou reivindica\u00e7\u00f5es n\u00e3o contratuais) s\u00e3o regidos pela lei inglesa. Ambos concordamos com a jurisdi\u00e7\u00e3o exclusiva dos tribunais da Inglaterra e do Pa\u00eds de Gales.<\/p>\n<\/div>\n<\/div>\n<\/div>\n<\/div>\n<\/section>\n","protected":false},"excerpt":{"rendered":"<p>Pol\u00edtica de uso aceit\u00e1vel do site &nbsp; Pol\u00edtica de uso aceit\u00e1vel do site: Cliff College Outreach LEIA OS TERMOS DESTA POL\u00cdTICA ATENTAMENTE ANTES DE USAR O SITE O que h\u00e1 nesses termos? Esta pol\u00edtica de uso aceit\u00e1vel define os padr\u00f5es . . .<\/p>\n","protected":false},"author":1,"featured_media":0,"parent":0,"menu_order":0,"comment_status":"closed","ping_status":"closed","template":"","meta":{"_acf_changed":false,"footnotes":""},"class_list":["post-1714","page","type-page","status-publish","hentry"],"acf":[],"_links":{"self":[{"href":"https:\/\/theologyx.com\/pt-pt\/wp-json\/wp\/v2\/pages\/1714"}],"collection":[{"href":"https:\/\/theologyx.com\/pt-pt\/wp-json\/wp\/v2\/pages"}],"about":[{"href":"https:\/\/theologyx.com\/pt-pt\/wp-json\/wp\/v2\/types\/page"}],"author":[{"embeddable":true,"href":"https:\/\/theologyx.com\/pt-pt\/wp-json\/wp\/v2\/users\/1"}],"replies":[{"embeddable":true,"href":"https:\/\/theologyx.com\/pt-pt\/wp-json\/wp\/v2\/comments?post=1714"}],"version-history":[{"count":2,"href":"https:\/\/theologyx.com\/pt-pt\/wp-json\/wp\/v2\/pages\/1714\/revisions"}],"predecessor-version":[{"id":1716,"href":"https:\/\/theologyx.com\/pt-pt\/wp-json\/wp\/v2\/pages\/1714\/revisions\/1716"}],"wp:attachment":[{"href":"https:\/\/theologyx.com\/pt-pt\/wp-json\/wp\/v2\/media?parent=1714"}],"curies":[{"name":"wp","href":"https:\/\/api.w.org\/{rel}","templated":true}]}}