{"id":1679,"date":"2021-11-30T12:49:32","date_gmt":"2021-11-30T12:49:32","guid":{"rendered":"https:\/\/theologyx.com\/?page_id=1679"},"modified":"2021-11-30T12:50:22","modified_gmt":"2021-11-30T12:50:22","slug":"ajuda-com-o-login","status":"publish","type":"page","link":"https:\/\/theologyx.com\/pt-pt\/ajuda-com-o-login\/","title":{"rendered":"Ajuda com o login"},"content":{"rendered":"\t\t<div data-elementor-type=\"wp-page\" data-elementor-id=\"1679\" class=\"elementor elementor-1679 elementor-678\" data-elementor-post-type=\"page\">\n\t\t\t\t\t\t<section class=\"elementor-section elementor-top-section elementor-element elementor-element-660c4ee elementor-section-boxed elementor-section-height-default elementor-section-height-default\" data-id=\"660c4ee\" data-element_type=\"section\">\n\t\t\t\t\t\t<div class=\"elementor-container elementor-column-gap-default\">\n\t\t\t\t\t<div class=\"elementor-column elementor-col-100 elementor-top-column elementor-element elementor-element-1d61f98\" data-id=\"1d61f98\" data-element_type=\"column\">\n\t\t\t<div class=\"elementor-widget-wrap elementor-element-populated\">\n\t\t\t\t\t\t<section class=\"elementor-section elementor-inner-section elementor-element elementor-element-3b1d47d elementor-section-boxed elementor-section-height-default elementor-section-height-default\" data-id=\"3b1d47d\" data-element_type=\"section\">\n\t\t\t\t\t\t<div class=\"elementor-container elementor-column-gap-default\">\n\t\t\t\t\t<div class=\"elementor-column elementor-col-50 elementor-inner-column elementor-element elementor-element-d30f3bb\" data-id=\"d30f3bb\" data-element_type=\"column\">\n\t\t\t<div class=\"elementor-widget-wrap elementor-element-populated\">\n\t\t\t\t\t\t<div class=\"elementor-element elementor-element-7df69f3 elementor-widget elementor-widget-spacer\" data-id=\"7df69f3\" data-element_type=\"widget\" data-widget_type=\"spacer.default\">\n\t\t\t\t<div class=\"elementor-widget-container\">\n\t\t\t\t\t<div class=\"elementor-spacer\">\n\t\t\t<div class=\"elementor-spacer-inner\"><\/div>\n\t\t<\/div>\n\t\t\t\t<\/div>\n\t\t\t\t<\/div>\n\t\t\t\t<div class=\"elementor-element elementor-element-0925141 elementor-view-default elementor-invisible elementor-widget elementor-widget-icon\" data-id=\"0925141\" data-element_type=\"widget\" data-settings=\"{&quot;_animation&quot;:&quot;fadeInLeft&quot;}\" data-widget_type=\"icon.default\">\n\t\t\t\t<div class=\"elementor-widget-container\">\n\t\t\t\t\t<div class=\"elementor-icon-wrapper\">\n\t\t\t<div class=\"elementor-icon\">\n\t\t\t<i aria-hidden=\"true\" class=\"fas fa-briefcase-medical\"><\/i>\t\t\t<\/div>\n\t\t<\/div>\n\t\t\t\t<\/div>\n\t\t\t\t<\/div>\n\t\t\t\t\t<\/div>\n\t\t<\/div>\n\t\t\t\t<div class=\"elementor-column elementor-col-50 elementor-inner-column elementor-element elementor-element-e3d8f68\" data-id=\"e3d8f68\" data-element_type=\"column\">\n\t\t\t<div class=\"elementor-widget-wrap elementor-element-populated\">\n\t\t\t\t\t\t<div class=\"elementor-element elementor-element-2a95bda elementor-invisible elementor-widget elementor-widget-text-editor\" data-id=\"2a95bda\" data-element_type=\"widget\" data-settings=\"{&quot;_animation&quot;:&quot;fadeIn&quot;}\" data-widget_type=\"text-editor.default\">\n\t\t\t\t<div class=\"elementor-widget-container\">\n\t\t\t\t\t\t\t<p><strong>Estamos entusiasmados em receb\u00ea-lo em nosso site relan\u00e7ado!<\/strong><\/p><p>Se voc\u00ea era um usu\u00e1rio de nosso site anterior, deve ser capaz de fazer o login com suas credenciais anteriores.<\/p><p>Se voc\u00ea achar que a p\u00e1gina de login est\u00e1 em loop, primeiro tente limpar o cache do navegador ou usar um navegador diferente. Achamos que o Chrome ou o Firefox funcionam melhor.<\/p><p>Se isso n\u00e3o funcionar ou se voc\u00ea n\u00e3o conseguir lembrar sua senha, n\u00e3o se preocupe! Clique em &#8216;Preciso de ajuda para fazer login&#8217; na p\u00e1gina de login e voc\u00ea poder\u00e1 solicitar um e-mail de restitui\u00e7\u00e3o de senha.<\/p><p>Finalmente, se nada disso funcionou, voc\u00ea pode nos enviar um e-mail para info@theologyx.com e iremos ajud\u00e1-lo!<\/p>\t\t\t\t\t\t<\/div>\n\t\t\t\t<\/div>\n\t\t\t\t\t<\/div>\n\t\t<\/div>\n\t\t\t\t\t<\/div>\n\t\t<\/section>\n\t\t\t\t\t<\/div>\n\t\t<\/div>\n\t\t\t\t\t<\/div>\n\t\t<\/section>\n\t\t\t\t<\/div>\n\t\t","protected":false},"excerpt":{"rendered":"<p>Estamos entusiasmados em receb\u00ea-lo em nosso site relan\u00e7ado! Se voc\u00ea era um usu\u00e1rio de nosso site anterior, deve ser capaz de fazer o login com suas credenciais anteriores. Se voc\u00ea achar que a p\u00e1gina de login est\u00e1 em loop, primeiro . . .<\/p>\n","protected":false},"author":1,"featured_media":0,"parent":0,"menu_order":0,"comment_status":"closed","ping_status":"closed","template":"","meta":{"_acf_changed":false,"footnotes":""},"class_list":["post-1679","page","type-page","status-publish","hentry"],"acf":[],"_links":{"self":[{"href":"https:\/\/theologyx.com\/pt-pt\/wp-json\/wp\/v2\/pages\/1679"}],"collection":[{"href":"https:\/\/theologyx.com\/pt-pt\/wp-json\/wp\/v2\/pages"}],"about":[{"href":"https:\/\/theologyx.com\/pt-pt\/wp-json\/wp\/v2\/types\/page"}],"author":[{"embeddable":true,"href":"https:\/\/theologyx.com\/pt-pt\/wp-json\/wp\/v2\/users\/1"}],"replies":[{"embeddable":true,"href":"https:\/\/theologyx.com\/pt-pt\/wp-json\/wp\/v2\/comments?post=1679"}],"version-history":[{"count":5,"href":"https:\/\/theologyx.com\/pt-pt\/wp-json\/wp\/v2\/pages\/1679\/revisions"}],"predecessor-version":[{"id":1684,"href":"https:\/\/theologyx.com\/pt-pt\/wp-json\/wp\/v2\/pages\/1679\/revisions\/1684"}],"wp:attachment":[{"href":"https:\/\/theologyx.com\/pt-pt\/wp-json\/wp\/v2\/media?parent=1679"}],"curies":[{"name":"wp","href":"https:\/\/api.w.org\/{rel}","templated":true}]}}