{"id":1676,"date":"2021-11-30T12:41:27","date_gmt":"2021-11-30T12:41:27","guid":{"rendered":"https:\/\/theologyx.com\/?page_id=1676"},"modified":"2021-11-30T12:48:41","modified_gmt":"2021-11-30T12:48:41","slug":"termos-gerais-de-uso","status":"publish","type":"page","link":"https:\/\/theologyx.com\/pt-pt\/termos-gerais-de-uso\/","title":{"rendered":"Termos Gerais de Uso"},"content":{"rendered":"<div class=\"page-heading\"><\/div>\n<section class=\"static-content\">\n<div class=\"grid-manual grid-container\">\n<div class=\"inner-container\">\n<div class=\"row\">\n<div class=\"col col-12 sm-col-12 md-col-9\">\n<h1>Termos Gerais de Uso do Site<\/h1>\n<p>&nbsp;<\/p>\n<p><strong>LEIA ESTES TERMOS E CONDI\u00c7\u00d5ES COM ATEN\u00c7\u00c3O ANTES DE USAR ESTE SITE<\/strong><\/p>\n<p><strong>Quem somos e como nos contatar<\/strong><\/p>\n<p>www.theologyx.com \u00e9 um site operado pela Cliff College Outreach (&#8220;N\u00f3s&#8221;). Estamos registrados na Inglaterra e no Pa\u00eds de Gales sob o n\u00famero da empresa 02331438 e temos nosso escrit\u00f3rio registrado em Cliff College, Calver, Hope Valley, Derbyshire, S32 3XG.<\/p>\n<p>Somos uma empresa privada limitada por garantia sem capital social.<\/p>\n<p>Para entrar em contato conosco, envie um e-mail para info@theologyx.com ou telefone 01246584200.<\/p>\n<p>Se tivermos de contat\u00e1-lo, faremos isso por telefone ou escrevendo para o endere\u00e7o de e-mail ou endere\u00e7o postal que voc\u00ea nos forneceu em seu formul\u00e1rio de registro.<\/p>\n<p>Quando usamos as palavras &#8220;escrito&#8221; ou &#8220;escrito&#8221; nesses termos, isso inclui e-mails.<\/p>\n<p><strong>About\u00a0<a href=\"http:\/\/www.theologyx.com\/\"><em>www.theologyx.com<\/em><\/a><\/strong><\/p>\n<p>Nosso site permite que usu\u00e1rios registrados acessem materiais educacionais de uma variedade de provedores de conte\u00fado de terceiros. Nosso site tem como objetivo fornecer uma plataforma ou &#8220;mercado&#8221; onde voc\u00ea pode acessar uma variedade de materiais educacionais e cursos em um s\u00f3 lugar. N\u00e3o cobramos pelo acesso ao &#8220;mercado&#8221; em nosso site, mas provedores de conte\u00fado terceirizados podem cobrar pelo acesso a materiais educacionais fornecidos por eles e acessados \u200b\u200bpor meio de nosso site.<\/p>\n<p>Embora nosso objetivo seja trabalhar com provedores de conte\u00fado que fornecer\u00e3o conte\u00fado de qualidade para nosso site, n\u00e3o oferecemos qualquer recomenda\u00e7\u00e3o ou endosso para quaisquer provedores de conte\u00fado de terceiros ou o conte\u00fado que eles fornecem para nosso site.<\/p>\n<p>Oferecemos um \u2018mercado\u2019 para materiais educacionais; Quando voc\u00ea planeja acessar materiais fornecidos por um provedor de conte\u00fado terceirizado, deve verificar seus termos e condi\u00e7\u00f5es para garantir que est\u00e1 satisfeito com eles, pois ir\u00e1 contratar diretamente com o provedor de conte\u00fado terceirizado.<\/p>\n<p>Se voc\u00ea deseja se tornar um usu\u00e1rio registrado do nosso site (permitindo o acesso a materiais fornecidos por provedores de conte\u00fado terceirizados), voc\u00ea deve preencher um formul\u00e1rio de inscri\u00e7\u00e3o online. Se aceitarmos sua inscri\u00e7\u00e3o para se tornar um usu\u00e1rio registrado em nosso site, enviaremos um e-mail para confirmar seu registro OU voc\u00ea ver\u00e1 uma mensagem na tela confirmando seu registro.<\/p>\n<p>Se n\u00e3o formos capazes de aceitar sua inscri\u00e7\u00e3o para se tornar um usu\u00e1rio registrado, iremos inform\u00e1-lo por escrito.<\/p>\n<p><strong>Ao usar nosso site, voc\u00ea aceita estes termos<\/strong><\/p>\n<p>Ao usar nosso site, voc\u00ea confirma que aceita estes termos de uso e concorda em cumpri-los.<\/p>\n<p>Se voc\u00ea n\u00e3o concorda com estes termos, voc\u00ea n\u00e3o deve usar nosso site.<\/p>\n<p>Recomendamos que voc\u00ea imprima uma c\u00f3pia desses termos para refer\u00eancia futura.<\/p>\n<p><strong>Existem outros termos que podem se aplicar a voc\u00ea<\/strong><\/p>\n<p>Estes termos de uso referem-se aos seguintes termos adicionais, que tamb\u00e9m se aplicam ao uso de nosso site:<\/p>\n<ul>\n<li>Nossa Pol\u00edtica de Privacidade https:\/\/www.theologyx.com\/privacy-policy. Veja mais informa\u00e7\u00f5es em Como podemos usar suas informa\u00e7\u00f5es pessoais.<br \/>\nNossa Pol\u00edtica de Uso Aceit\u00e1vel https:\/\/theologyx.com\/website-use-policy\/, que define os usos permitidos e proibidos de nosso site. Ao usar nosso site, voc\u00ea<\/li>\n<li>deve cumprir esta Pol\u00edtica de Uso Aceit\u00e1vel.<\/li>\n<li>Nossa Pol\u00edtica de Cookies https:\/\/www.theologyx.com\/cookies., Que define informa\u00e7\u00f5es sobre os cookies em nosso site.<\/li>\n<\/ul>\n<p>Se voc\u00ea se registrar como um usu\u00e1rio em nosso site (ou seja, para acessar conte\u00fado \/ cursos fornecidos por terceiros), os termos e condi\u00e7\u00f5es dos provedores de conte\u00fado de terceiros se aplicar\u00e3o a voc\u00ea. Quando voc\u00ea acessa conte\u00fado \/ cursos fornecidos por provedores de conte\u00fado terceirizados, seu contrato \u00e9 com esse provedor de conte\u00fado terceirizado e n\u00e3o conosco.<\/p>\n<p>Se voc\u00ea fornecer conte\u00fado para nosso site, nossos termos e condi\u00e7\u00f5es para provedores de conte\u00fado ser\u00e3o aplicados.<\/p>\n<p><strong>Podemos fazer altera\u00e7\u00f5es nestes termos<\/strong><\/p>\n<p>N\u00f3s alteramos esses termos de tempos em tempos. Sempre que desejar usar nosso site, verifique estes termos para garantir que entendeu os termos que se aplicam naquele momento. Esses termos foram atualizados mais recentemente em [16\/04\/2020].<\/p>\n<p><strong>Podemos fazer altera\u00e7\u00f5es em nosso site<\/strong><\/p>\n<p>Podemos atualizar e alterar nosso site de tempos em tempos para refletir mudan\u00e7as em nossos produtos, nas necessidades de nossos usu\u00e1rios e em nossas prioridades de neg\u00f3cios.<\/p>\n<p><strong>Podemos suspender ou retirar nosso site<\/strong><\/p>\n<p>Parte do conte\u00fado do nosso site \u00e9 disponibilizado gratuitamente.<\/p>\n<p>N\u00e3o garantimos que nosso site, ou qualquer conte\u00fado nele, esteja sempre dispon\u00edvel ou seja ininterrupto. Podemos suspender, retirar ou restringir a disponibilidade de todo ou qualquer parte de nosso site por motivos comerciais e operacionais. Tentaremos avisar com razo\u00e1vel anteced\u00eancia sobre qualquer suspens\u00e3o ou retirada.<\/p>\n<p>Voc\u00ea tamb\u00e9m \u00e9 respons\u00e1vel por garantir que todas as pessoas que acessam nosso site por meio de sua conex\u00e3o com a Internet estejam cientes destes termos de uso e outros termos e condi\u00e7\u00f5es aplic\u00e1veis, e que os cumpram.<\/p>\n<p><strong>Voc\u00ea deve manter os detalhes da sua conta seguros<\/strong><\/p>\n<p>Se voc\u00ea escolher ou receber um c\u00f3digo de identifica\u00e7\u00e3o de usu\u00e1rio, senha ou qualquer outra informa\u00e7\u00e3o como parte de nossos procedimentos de seguran\u00e7a, voc\u00ea deve tratar tais informa\u00e7\u00f5es como confidenciais. Voc\u00ea n\u00e3o deve divulg\u00e1-lo a terceiros.<\/p>\n<p>Temos o direito de desativar qualquer c\u00f3digo de identifica\u00e7\u00e3o de usu\u00e1rio ou senha, escolhidos por voc\u00ea ou atribu\u00eddos por n\u00f3s, a qualquer momento, se em nossa opini\u00e3o razo\u00e1vel voc\u00ea n\u00e3o cumpriu com qualquer uma das disposi\u00e7\u00f5es destes termos de uso.<\/p>\n<p>Se voc\u00ea souber ou suspeitar que outra pessoa al\u00e9m de voc\u00ea saiba seu c\u00f3digo de identifica\u00e7\u00e3o de usu\u00e1rio ou senha, voc\u00ea deve nos notificar imediatamente em info@theologyx.com.<\/p>\n<p><strong>Como voc\u00ea pode usar o material em nosso site<\/strong><\/p>\n<p>N\u00f3s (ou nossos provedores de conte\u00fado terceirizados) somos os propriet\u00e1rios ou licenciados de todos os direitos de propriedade intelectual em nosso site e no material publicado nele. Essas obras s\u00e3o protegidas por leis e tratados de direitos autorais em todo o mundo. Todos esses direitos s\u00e3o reservados.<\/p>\n<p>Voc\u00ea pode imprimir uma c\u00f3pia e baixar trechos de qualquer p\u00e1gina de nosso site para seu uso pessoal e pode chamar a aten\u00e7\u00e3o de outras pessoas dentro de sua organiza\u00e7\u00e3o para o conte\u00fado postado em nosso site.<\/p>\n<p>Voc\u00ea n\u00e3o deve modificar o papel ou as c\u00f3pias digitais de qualquer material que voc\u00ea imprimiu ou baixou de qualquer forma, e voc\u00ea n\u00e3o deve usar quaisquer ilustra\u00e7\u00f5es, fotografias, sequ\u00eancias de v\u00eddeo ou \u00e1udio ou qualquer gr\u00e1fico separadamente de qualquer texto que o acompanha.<\/p>\n<p>Nosso status (e o de quaisquer provedores de conte\u00fado terceirizados identificados) como os autores do conte\u00fado em nosso site deve ser sempre reconhecido.<\/p>\n<p>Voc\u00ea n\u00e3o deve usar nenhuma parte do conte\u00fado do nosso site para fins comerciais sem obter uma licen\u00e7a para faz\u00ea-lo de n\u00f3s ou de nossos licenciados.<\/p>\n<p>Se voc\u00ea imprimir, copiar ou baixar qualquer parte de nosso site que viole estes termos de uso, seu direito de usar nosso site cessar\u00e1 imediatamente e voc\u00ea dever\u00e1, a nosso crit\u00e9rio, devolver ou destruir quaisquer c\u00f3pias dos materiais que tenha feito.<\/p>\n<p><strong>N\u00e3o confie nas informa\u00e7\u00f5es deste site<\/strong><\/p>\n<p>O conte\u00fado do nosso site \u00e9 fornecido apenas para informa\u00e7\u00e3o geral. N\u00e3o pretende ser um conselho no qual voc\u00ea deva confiar. Voc\u00ea deve obter aconselhamento profissional ou especializado antes de tomar ou se abster de qualquer a\u00e7\u00e3o com base no conte\u00fado do nosso site.<\/p>\n<p>Embora fa\u00e7amos esfor\u00e7os razo\u00e1veis \u200b\u200bpara atualizar as informa\u00e7\u00f5es em nosso site, n\u00e3o fazemos representa\u00e7\u00f5es, garantias ou garantias, expressas ou impl\u00edcitas, de que o conte\u00fado em nosso site \u00e9 preciso, completo ou atualizado.<\/p>\n<p><strong>N\u00e3o somos respons\u00e1veis \u200b\u200bpor sites para os quais temos links<\/strong><\/p>\n<p>Quando nosso site cont\u00e9m links para outros sites e recursos fornecidos por terceiros, esses links s\u00e3o fornecidos apenas para sua informa\u00e7\u00e3o. Esses links n\u00e3o devem ser interpretados como aprova\u00e7\u00e3o por n\u00f3s desses sites vinculados ou informa\u00e7\u00f5es que voc\u00ea possa obter deles.<\/p>\n<p>N\u00e3o temos controle sobre o conte\u00fado desses sites ou recursos.<\/p>\n<p><strong>O conte\u00fado gerado pelo usu\u00e1rio n\u00e3o \u00e9 aprovado por n\u00f3s<\/strong><\/p>\n<p>Este site pode incluir informa\u00e7\u00f5es e materiais carregados por outros usu\u00e1rios do site, incluindo quadros de avisos e salas de bate-papo. Essas informa\u00e7\u00f5es e esses materiais n\u00e3o foram verificados ou aprovados por n\u00f3s. As opini\u00f5es expressas por outros usu\u00e1rios em nosso site n\u00e3o representam nossas opini\u00f5es ou valores.<\/p>\n<p>Se voc\u00ea deseja reclamar sobre informa\u00e7\u00f5es e materiais carregados por outros usu\u00e1rios, entre em contato conosco em info@theologyx.com.<\/p>\n<p>Nossa responsabilidade por perdas ou danos sofridos por voc\u00ea<\/p>\n<p><strong>Quer voc\u00ea seja um consumidor ou um usu\u00e1rio empresarial:<\/strong><\/p>\n<ul>\n<li>N\u00e3o exclu\u00edmos ou limitamos de forma alguma a nossa responsabilidade para com voc\u00ea, onde seria ilegal faz\u00ea-lo. Isso inclui responsabilidade por morte ou danos pessoais causados \u200b\u200bpor nossa neglig\u00eancia ou neglig\u00eancia de nossos funcion\u00e1rios, agentes ou subcontratados e por fraude ou deturpa\u00e7\u00e3o fraudulenta.<\/li>\n<li>Diferentes limita\u00e7\u00f5es e exclus\u00f5es de responsabilidade podem se aplicar a voc\u00ea se voc\u00ea for um provedor de conte\u00fado; eles podem ser encontrados no Contrato de Fornecimento de Servi\u00e7os celebrado entre voc\u00ea e n\u00f3s.<\/li>\n<\/ul>\n<p><strong>Se voc\u00ea for um usu\u00e1rio empresarial:<\/strong><\/p>\n<ul>\n<li>Exclu\u00edmos todas as condi\u00e7\u00f5es, garantias, representa\u00e7\u00f5es ou outros termos impl\u00edcitos que possam se aplicar ao nosso site ou a qualquer conte\u00fado nele.<\/li>\n<li>N\u00e3o seremos respons\u00e1veis \u200b\u200bpor qualquer perda ou dano, seja em contrato, ato il\u00edcito (incluindo neglig\u00eancia), viola\u00e7\u00e3o de dever estatut\u00e1rio ou de outra forma, mesmo se previs\u00edvel, decorrente de ou em conex\u00e3o com:<\/li>\n<li>uso ou incapacidade de uso de nosso site; ou<\/li>\n<li>uso ou confian\u00e7a em qualquer conte\u00fado exibido em nosso site.<\/li>\n<li>Em particular, n\u00e3o seremos respons\u00e1veis \u200b\u200bpor:<\/li>\n<li>perda de lucros, vendas, neg\u00f3cios ou receita;<\/li>\n<li>interrup\u00e7\u00e3o de neg\u00f3cios;<\/li>\n<li>perda de economias antecipadas;<\/li>\n<li>perda de oportunidade de neg\u00f3cios, boa vontade ou reputa\u00e7\u00e3o; ou<\/li>\n<li>qualquer perda ou dano indireto ou conseq\u00fcencial.<\/li>\n<\/ul>\n<p><strong>Se voc\u00ea \u00e9 um usu\u00e1rio consumidor:<\/strong><\/p>\n<ul>\n<li>Por favor, note que n\u00f3s fornecemos nosso site apenas para uso dom\u00e9stico e privado. Voc\u00ea concorda em n\u00e3o usar nosso site para quaisquer fins comerciais ou de neg\u00f3cios, e n\u00e3o temos qualquer responsabilidade para com voc\u00ea por qualquer perda de lucro, perda de neg\u00f3cios, interrup\u00e7\u00e3o de neg\u00f3cios ou perda de oportunidade de neg\u00f3cios.<\/li>\n<\/ul>\n<p><strong>Como podemos usar suas informa\u00e7\u00f5es pessoais<\/strong><\/p>\n<p>S\u00f3 usaremos suas informa\u00e7\u00f5es pessoais conforme estabelecido em nossa https:\/\/theologyx.com\/privacy-policy\/.<\/p>\n<p><strong>Carregar conte\u00fado para o nosso site<\/strong><\/p>\n<p>Sempre que voc\u00ea fizer uso de um recurso que permite fazer upload de conte\u00fado para o nosso site, ou fazer contato com outros usu\u00e1rios do nosso site, voc\u00ea deve cumprir os padr\u00f5es de conte\u00fado definidos em nossa Pol\u00edtica de Uso Aceit\u00e1vel https:\/\/theologyx.com\/ website-use-policy \/.<\/p>\n<p>Voc\u00ea garante que qualquer contribui\u00e7\u00e3o est\u00e1 em conformidade com esses padr\u00f5es e ser\u00e1 respons\u00e1vel por n\u00f3s e nos indenizar\u00e1 por qualquer viola\u00e7\u00e3o dessa garantia. Isso significa que voc\u00ea ser\u00e1 respons\u00e1vel por qualquer perda ou dano que sofrermos como resultado da viola\u00e7\u00e3o da garantia.<\/p>\n<p>Qualquer conte\u00fado que voc\u00ea carregar em nosso site ser\u00e1 considerado n\u00e3o confidencial e n\u00e3o propriet\u00e1rio. Voc\u00ea ret\u00e9m todos os seus direitos de propriedade sobre o seu conte\u00fado, mas \u00e9 obrigado a conceder a n\u00f3s e a outros usu\u00e1rios do nosso site uma licen\u00e7a limitada para usar, armazenar e copiar esse conte\u00fado e distribu\u00ed-lo e disponibiliz\u00e1-lo a terceiros. Os direitos que voc\u00ea licencia para n\u00f3s s\u00e3o descritos em Direitos que voc\u00ea est\u00e1 nos dando para usar o material que voc\u00ea carregou https:\/\/theologyx.com\/website-use-policy\/.<\/p>\n<p>Tamb\u00e9m temos o direito de divulgar sua identidade a qualquer terceiro que afirme que qualquer conte\u00fado postado ou carregado por voc\u00ea em nosso site constitui uma viola\u00e7\u00e3o de seus direitos de propriedade intelectual ou de seu direito \u00e0 privacidade.<\/p>\n<p>Temos o direito de remover qualquer postagem que voc\u00ea fizer em nosso site se, em nossa opini\u00e3o, sua postagem n\u00e3o estiver em conformidade com os padr\u00f5es de conte\u00fado definidos em nossa Pol\u00edtica de uso aceit\u00e1vel https:\/\/theologyx.com\/website-use-policy\/.<\/p>\n<p><strong>Voc\u00ea \u00e9 o \u00fanico respons\u00e1vel por proteger e fazer backup de seu conte\u00fado.<\/strong><\/p>\n<p>Direitos que voc\u00ea est\u00e1 nos dando para usar o material que voc\u00ea carrega<\/p>\n<p>Quando voc\u00ea carrega ou publica conte\u00fado em nosso site, voc\u00ea nos concede direitos de uso desse conte\u00fado em nosso material promocional e em nosso site em geral.<\/p>\n<p><strong>N\u00e3o somos respons\u00e1veis \u200b\u200bpor v\u00edrus e voc\u00ea n\u00e3o deve introduzi-los<\/strong><\/p>\n<p>N\u00e3o garantimos que nosso site seja seguro ou livre de bugs ou v\u00edrus.<\/p>\n<p>You are responsible for configuring your information technology, computer programmes and platform to access our site. You should use your own virus protection software.<\/p>\n<p>Voc\u00ea n\u00e3o deve fazer mau uso de nosso site, introduzindo intencionalmente v\u00edrus, cavalos de Tr\u00f3ia, worms, bombas l\u00f3gicas ou outro material malicioso ou tecnologicamente prejudicial. Voc\u00ea n\u00e3o deve tentar obter acesso n\u00e3o autorizado ao nosso site, ao servidor no qual nosso site est\u00e1 armazenado ou a qualquer servidor, computador ou banco de dados conectado ao nosso site. Voc\u00ea n\u00e3o deve atacar nosso site por meio de um ataque de nega\u00e7\u00e3o de servi\u00e7o ou de um ataque distribu\u00eddo de nega\u00e7\u00e3o de servi\u00e7o. Ao violar esta disposi\u00e7\u00e3o, voc\u00ea cometeria uma ofensa criminal sob a Lei de Uso Indevido de Computadores de 1990. Informaremos qualquer viola\u00e7\u00e3o \u00e0s autoridades respons\u00e1veis \u200b\u200bpela aplica\u00e7\u00e3o da lei e cooperaremos com essas autoridades revelando sua identidade a elas. No caso de tal viola\u00e7\u00e3o, seu direito de usar nosso site cessar\u00e1 imediatamente.<\/p>\n<p><strong>Regras sobre links para nosso site<\/strong><\/p>\n<p>Voc\u00ea pode criar um link para nossa p\u00e1gina inicial, desde que o fa\u00e7a de maneira justa e legal e n\u00e3o prejudique nossa reputa\u00e7\u00e3o ou tire proveito dela.<\/p>\n<p>Voc\u00ea n\u00e3o deve estabelecer um v\u00ednculo de forma a sugerir qualquer forma de associa\u00e7\u00e3o, aprova\u00e7\u00e3o ou endosso de nossa parte, onde n\u00e3o houver.<\/p>\n<p>Voc\u00ea n\u00e3o deve estabelecer um link para nosso site em qualquer site que n\u00e3o seja de sua propriedade.<\/p>\n<p>Nosso site n\u00e3o deve ser enquadrado em nenhum outro site, nem voc\u00ea pode criar um link para qualquer parte de nosso site que n\u00e3o seja a p\u00e1gina inicial.<\/p>\n<p>N\u00f3s nos reservamos o direito de retirar a permiss\u00e3o de vincula\u00e7\u00e3o sem aviso pr\u00e9vio.<\/p>\n<p>O site ao qual voc\u00ea est\u00e1 se vinculando deve cumprir, em todos os aspectos, os padr\u00f5es de conte\u00fado definidos em nossa Pol\u00edtica de uso aceit\u00e1vel https:\/\/theologyx.com\/website-use-policy\/.<\/p>\n<p>Se voc\u00ea deseja criar um link para ou fazer qualquer uso de conte\u00fado em nosso site al\u00e9m do estabelecido acima, entre em contato com info@theologyx.com.<\/p>\n<p><strong>As leis de qual pa\u00eds se aplicam a quaisquer disputas?<\/strong><\/p>\n<p>Se voc\u00ea for um consumidor, observe que estes termos de uso, seu objeto e sua forma\u00e7\u00e3o s\u00e3o regidos pela lei inglesa. Voc\u00ea e n\u00f3s dois concordamos que os tribunais da Inglaterra e do Pa\u00eds de Gales ter\u00e3o jurisdi\u00e7\u00e3o exclusiva, exceto que, se voc\u00ea for residente da Irlanda do Norte, tamb\u00e9m poder\u00e1 iniciar um processo na Irlanda do Norte e, se for residente na Esc\u00f3cia, tamb\u00e9m poder\u00e1 iniciar um processo na Esc\u00f3cia .<\/p>\n<p>Se voc\u00ea for uma empresa, estes termos de uso, seu objeto e sua forma\u00e7\u00e3o (e quaisquer disputas ou reivindica\u00e7\u00f5es n\u00e3o contratuais) s\u00e3o regidos pela lei inglesa. Ambos concordamos com a jurisdi\u00e7\u00e3o exclusiva dos tribunais da Inglaterra e do Pa\u00eds de Gales.<\/p>\n<p><strong>Nossas marcas s\u00e3o registradas<\/strong><\/p>\n<p>UK00003457796 e [&#8220;TRADE MARK 2&#8221;] s\u00e3o marcas registradas do Cliff College Outreach no Reino Unido [e nos EUA]. Voc\u00ea n\u00e3o tem permiss\u00e3o para usar nossas marcas registradas sem nossa aprova\u00e7\u00e3o, a menos que elas fa\u00e7am parte do material que voc\u00ea est\u00e1 usando, conforme permitido em Como voc\u00ea pode usar o material em nosso site.<\/p>\n<\/div>\n<\/div>\n<\/div>\n<\/div>\n<\/section>\n","protected":false},"excerpt":{"rendered":"<p>Termos Gerais de Uso do Site &nbsp; LEIA ESTES TERMOS E CONDI\u00c7\u00d5ES COM ATEN\u00c7\u00c3O ANTES DE USAR ESTE SITE Quem somos e como nos contatar www.theologyx.com \u00e9 um site operado pela Cliff College Outreach (&#8220;N\u00f3s&#8221;). Estamos registrados na Inglaterra e . . .<\/p>\n","protected":false},"author":1,"featured_media":0,"parent":0,"menu_order":0,"comment_status":"closed","ping_status":"closed","template":"","meta":{"_acf_changed":false,"footnotes":""},"class_list":["post-1676","page","type-page","status-publish","hentry"],"acf":[],"_links":{"self":[{"href":"https:\/\/theologyx.com\/pt-pt\/wp-json\/wp\/v2\/pages\/1676"}],"collection":[{"href":"https:\/\/theologyx.com\/pt-pt\/wp-json\/wp\/v2\/pages"}],"about":[{"href":"https:\/\/theologyx.com\/pt-pt\/wp-json\/wp\/v2\/types\/page"}],"author":[{"embeddable":true,"href":"https:\/\/theologyx.com\/pt-pt\/wp-json\/wp\/v2\/users\/1"}],"replies":[{"embeddable":true,"href":"https:\/\/theologyx.com\/pt-pt\/wp-json\/wp\/v2\/comments?post=1676"}],"version-history":[{"count":2,"href":"https:\/\/theologyx.com\/pt-pt\/wp-json\/wp\/v2\/pages\/1676\/revisions"}],"predecessor-version":[{"id":1678,"href":"https:\/\/theologyx.com\/pt-pt\/wp-json\/wp\/v2\/pages\/1676\/revisions\/1678"}],"wp:attachment":[{"href":"https:\/\/theologyx.com\/pt-pt\/wp-json\/wp\/v2\/media?parent=1676"}],"curies":[{"name":"wp","href":"https:\/\/api.w.org\/{rel}","templated":true}]}}