{"id":1665,"date":"2021-11-30T11:38:32","date_gmt":"2021-11-30T11:38:32","guid":{"rendered":"https:\/\/theologyx.com\/?page_id=1665"},"modified":"2021-11-30T11:38:32","modified_gmt":"2021-11-30T11:38:32","slug":"biscoitos","status":"publish","type":"page","link":"https:\/\/theologyx.com\/pt-pt\/biscoitos\/","title":{"rendered":"Biscoitos"},"content":{"rendered":"<div class=\"page-heading\"><\/div>\n<section class=\"static-content\">\n<div class=\"grid-manual grid-container\">\n<div class=\"inner-container\">\n<div class=\"row\">\n<div class=\"col col-12 sm-col-12 md-col-9\">\n<h1>Pol\u00edtica de Cookies<\/h1>\n<p>&nbsp;<\/p>\n<p><strong>Pol\u00edtica de Cookies: Cliff College Outreach<\/strong><\/p>\n<p>Nosso site usa cookies para distingui-lo de outros usu\u00e1rios de nosso site. Isso nos ajuda a lhe proporcionar uma boa experi\u00eancia ao navegar em nosso site e tamb\u00e9m nos permite aprimor\u00e1-lo.<\/p>\n<p>Um cookie \u00e9 um pequeno arquivo de letras e n\u00fameros que armazenamos em seu navegador ou no disco r\u00edgido de seu computador, se voc\u00ea concordar. Os cookies cont\u00eam informa\u00e7\u00f5es que s\u00e3o transferidas para o disco r\u00edgido do seu computador.<\/p>\n<p>Usamos os seguintes cookies:<\/p>\n<p>You can find more information about the individual cookies we use and the purposes for which we use them in the table below:<\/p>\n<ul>\n<li><strong>Cookies estritamente necess\u00e1rios<\/strong>. Estes s\u00e3o cookies necess\u00e1rios para o funcionamento do nosso site. Eles incluem, por exemplo, cookies que permitem que voc\u00ea fa\u00e7a login em \u00e1reas seguras de nosso site, use um carrinho de compras ou fa\u00e7a uso de servi\u00e7os de faturamento eletr\u00f4nico.<\/li>\n<li><strong>Cookies anal\u00edticos ou de desempenho<\/strong>. Isso nos permite reconhecer e contar o n\u00famero de visitantes e ver como os visitantes se movem em nosso site quando o est\u00e3o usando. Isso nos ajuda a melhorar a forma como nosso site funciona, por exemplo, garantindo que os usu\u00e1rios encontrem facilmente o que procuram.<\/li>\n<li><strong>Cookies de funcionalidade<\/strong>. Eles s\u00e3o usados \u200b\u200bpara reconhec\u00ea-lo quando voc\u00ea retorna ao nosso site. Isso nos permite personalizar nosso conte\u00fado para voc\u00ea, saud\u00e1-lo pelo nome e lembrar suas prefer\u00eancias (por exemplo, sua escolha de idioma ou regi\u00e3o).<\/li>\n<li><strong>Cookies de segmenta\u00e7\u00e3o.<\/strong> Esses cookies registram sua visita ao nosso site, as p\u00e1ginas que visitou e os links que seguiu. Usaremos essas informa\u00e7\u00f5es para tornar nosso site e os an\u00fancios nele exibidos mais relevantes aos seus interesses. Tamb\u00e9m podemos compartilhar essas informa\u00e7\u00f5es com terceiros para esse fim.<\/li>\n<\/ul>\n<table>\n<tbody>\n<tr>\n<td><strong>T\u00edtulo do Cookie<\/strong><\/p>\n<p><strong>Nome do Cookie<\/strong><\/td>\n<td><strong>Prop\u00f3sito<\/strong><\/td>\n<\/tr>\n<tr>\n<td>[COOKIE TITLE][COOKIE NAME]<\/td>\n<td>Exemplos de finalidades para as quais um cookie pode ser usado:<\/p>\n<p>Este cookie nos permite:<\/p>\n<p>(a) Estime o tamanho do nosso p\u00fablico e o padr\u00e3o de uso.<\/p>\n<p>(b) Armazenar informa\u00e7\u00f5es sobre suas prefer\u00eancias e, assim, permitir que personalizemos nosso site e lhe forne\u00e7amos ofertas que atendam aos seus interesses individuais.<\/p>\n<p>(c) Acelere suas pesquisas.<\/p>\n<p>(d) Reconhec\u00ea-lo quando voc\u00ea retornar ao nosso site.<\/p>\n<p>(e) Permitir que voc\u00ea use nosso site de uma forma que torne sua experi\u00eancia de navega\u00e7\u00e3o mais conveniente, por exemplo, permitindo que voc\u00ea armazene itens em uma cesta de compras eletr\u00f4nica entre as visitas. Se voc\u00ea se registrar conosco ou preencher nossos formul\u00e1rios online, usaremos cookies para lembrar seus detalhes durante sua visita atual e quaisquer visitas futuras, desde que o cookie n\u00e3o tenha sido exclu\u00eddo nesse \u00ednterim.<\/p>\n<p>(f) [OUTROS PROP\u00d3SITOS].<\/td>\n<\/tr>\n<\/tbody>\n<\/table>\n<p>Observe que os seguintes terceiros tamb\u00e9m podem usar cookies, sobre os quais n\u00e3o temos controle. Esses terceiros nomeados podem incluir, por exemplo, redes de publicidade e provedores de servi\u00e7os externos, como servi\u00e7os de an\u00e1lise de tr\u00e1fego da web. Esses cookies de terceiros s\u00e3o provavelmente cookies anal\u00edticos, cookies de desempenho ou cookies de segmenta\u00e7\u00e3o:<\/p>\n<p>[NOME DE TERCEIROS]<\/p>\n<p>Para desativar o uso de cookies de publicidade de terceiros, voc\u00ea pode visitar a seguinte p\u00e1gina para gerenciar o uso desses tipos de cookies [INSERT LINK].<\/p>\n<p>Voc\u00ea pode bloquear os cookies ativando a configura\u00e7\u00e3o em seu navegador que permite recusar a configura\u00e7\u00e3o de todos ou de alguns cookies. No entanto, se voc\u00ea usar as configura\u00e7\u00f5es do seu navegador para bloquear todos os cookies (incluindo cookies essenciais), voc\u00ea n\u00e3o conseguir\u00e1 acessar todo ou parte do nosso site.<\/p>\n<p>Exceto para cookies essenciais, todos os cookies expiram ap\u00f3s [PER\u00cdODO DE VALIDADE].<\/p>\n<\/div>\n<\/div>\n<\/div>\n<\/div>\n<\/section>\n","protected":false},"excerpt":{"rendered":"<p>Pol\u00edtica de Cookies &nbsp; Pol\u00edtica de Cookies: Cliff College Outreach Nosso site usa cookies para distingui-lo de outros usu\u00e1rios de nosso site. Isso nos ajuda a lhe proporcionar uma boa experi\u00eancia ao navegar em nosso site e tamb\u00e9m nos permite . . .<\/p>\n","protected":false},"author":1,"featured_media":0,"parent":0,"menu_order":0,"comment_status":"closed","ping_status":"closed","template":"","meta":{"_acf_changed":false,"footnotes":""},"class_list":["post-1665","page","type-page","status-publish","hentry"],"acf":[],"_links":{"self":[{"href":"https:\/\/theologyx.com\/pt-pt\/wp-json\/wp\/v2\/pages\/1665"}],"collection":[{"href":"https:\/\/theologyx.com\/pt-pt\/wp-json\/wp\/v2\/pages"}],"about":[{"href":"https:\/\/theologyx.com\/pt-pt\/wp-json\/wp\/v2\/types\/page"}],"author":[{"embeddable":true,"href":"https:\/\/theologyx.com\/pt-pt\/wp-json\/wp\/v2\/users\/1"}],"replies":[{"embeddable":true,"href":"https:\/\/theologyx.com\/pt-pt\/wp-json\/wp\/v2\/comments?post=1665"}],"version-history":[{"count":1,"href":"https:\/\/theologyx.com\/pt-pt\/wp-json\/wp\/v2\/pages\/1665\/revisions"}],"predecessor-version":[{"id":1666,"href":"https:\/\/theologyx.com\/pt-pt\/wp-json\/wp\/v2\/pages\/1665\/revisions\/1666"}],"wp:attachment":[{"href":"https:\/\/theologyx.com\/pt-pt\/wp-json\/wp\/v2\/media?parent=1665"}],"curies":[{"name":"wp","href":"https:\/\/api.w.org\/{rel}","templated":true}]}}