{"id":1654,"date":"2021-11-30T11:19:53","date_gmt":"2021-11-30T11:19:53","guid":{"rendered":"https:\/\/theologyx.com\/?page_id=1654"},"modified":"2021-11-30T11:20:29","modified_gmt":"2021-11-30T11:20:29","slug":"sobre-este-site","status":"publish","type":"page","link":"https:\/\/theologyx.com\/pt-pt\/sobre-este-site\/","title":{"rendered":"Sobre este site"},"content":{"rendered":"<div class=\"page-heading\"><\/div>\n<section class=\"static-content\">\n<div class=\"grid-manual grid-container\">\n<div class=\"inner-container\">\n<div class=\"row\">\n<div class=\"col col-12 sm-col-8\">\n<h1>Sobre n\u00f3s<\/h1>\n<p>Theologyx.com oferece uma plataforma de classe mundial para facilitar o aprendizado online. Nosso esfor\u00e7o \u00e9 preencher a lacuna de acesso que existe para alunos em potencial e as barreiras geogr\u00e1ficas com rela\u00e7\u00e3o aos provedores de educa\u00e7\u00e3o. Al\u00e9m de plataformas de acesso aberto em todo o pa\u00eds, fornecemos solu\u00e7\u00f5es sob medida para empresas, instrutores corporativos, institutos de ensino, etc. para administrar suas pr\u00f3prias plataformas de aprendizagem \/ treinamento de forma exclusiva.<\/p>\n<h1>INQU\u00c9RITOS<\/h1>\n<p><a class=\"brand-link\" href=\"https:\/\/theologyx.com\/about\">info@theologyx.com<\/a><\/p>\n<\/div>\n<\/div>\n<\/div>\n<\/div>\n<\/section>\n","protected":false},"excerpt":{"rendered":"<p>Sobre n\u00f3s Theologyx.com oferece uma plataforma de classe mundial para facilitar o aprendizado online. Nosso esfor\u00e7o \u00e9 preencher a lacuna de acesso que existe para alunos em potencial e as barreiras geogr\u00e1ficas com rela\u00e7\u00e3o aos provedores de educa\u00e7\u00e3o. Al\u00e9m de . . .<\/p>\n","protected":false},"author":1,"featured_media":0,"parent":0,"menu_order":0,"comment_status":"closed","ping_status":"closed","template":"","meta":{"_acf_changed":false,"footnotes":""},"class_list":["post-1654","page","type-page","status-publish","hentry"],"acf":[],"_links":{"self":[{"href":"https:\/\/theologyx.com\/pt-pt\/wp-json\/wp\/v2\/pages\/1654"}],"collection":[{"href":"https:\/\/theologyx.com\/pt-pt\/wp-json\/wp\/v2\/pages"}],"about":[{"href":"https:\/\/theologyx.com\/pt-pt\/wp-json\/wp\/v2\/types\/page"}],"author":[{"embeddable":true,"href":"https:\/\/theologyx.com\/pt-pt\/wp-json\/wp\/v2\/users\/1"}],"replies":[{"embeddable":true,"href":"https:\/\/theologyx.com\/pt-pt\/wp-json\/wp\/v2\/comments?post=1654"}],"version-history":[{"count":2,"href":"https:\/\/theologyx.com\/pt-pt\/wp-json\/wp\/v2\/pages\/1654\/revisions"}],"predecessor-version":[{"id":1656,"href":"https:\/\/theologyx.com\/pt-pt\/wp-json\/wp\/v2\/pages\/1654\/revisions\/1656"}],"wp:attachment":[{"href":"https:\/\/theologyx.com\/pt-pt\/wp-json\/wp\/v2\/media?parent=1654"}],"curies":[{"name":"wp","href":"https:\/\/api.w.org\/{rel}","templated":true}]}}