{"id":1809,"date":"2021-12-13T10:28:03","date_gmt":"2021-12-13T10:28:03","guid":{"rendered":"https:\/\/theologyx.com\/?page_id=1809"},"modified":"2021-12-13T10:28:03","modified_gmt":"2021-12-13T10:28:03","slug":"politique-dutilisation-du-site-web","status":"publish","type":"page","link":"https:\/\/theologyx.com\/fr\/politique-dutilisation-du-site-web\/","title":{"rendered":"Politique d&#8217;utilisation du site Web"},"content":{"rendered":"<div class=\"page-heading\"><\/div>\n<section class=\"static-content\">\n<div class=\"grid-manual grid-container\">\n<div class=\"inner-container\">\n<div class=\"row\">\n<div class=\"col col-12 sm-col-12 md-col-9\">\n<h1><strong>Politique d&#8217;utilisation acceptable du site Web<\/strong><\/h1>\n<p>&nbsp;<\/p>\n<p><strong>Politique d&#8217;utilisation acceptable du site Web\u00a0: sensibilisation du Cliff College<\/strong><\/p>\n<p><strong>VEUILLEZ LIRE ATTENTIVEMENT LES TERMES DE CETTE POLITIQUE AVANT D&#8217;UTILISER LE SITE<\/strong><\/p>\n<p><strong>Qu&#8217;y a-t-il dans ces termes ?<\/strong><\/p>\n<p>Cette politique d&#8217;utilisation acceptable d\u00e9finit les normes de contenu qui s&#8217;appliquent lorsque vous t\u00e9l\u00e9chargez du contenu sur notre site, entrez en contact avec d&#8217;autres utilisateurs sur notre site, cr\u00e9ez un lien vers notre site ou interagissez avec notre site de toute autre mani\u00e8re,<\/p>\n<p><strong>Qui sommes-nous et comment nous contacter<\/strong><\/p>\n<p>www.theologyx.com est un site exploit\u00e9 par Cliff College Outreach (&#8220;Nous&#8221;). Nous sommes enregistr\u00e9s en Angleterre et au Pays de Galles sous le num\u00e9ro d&#8217;entreprise 02331438 et avons notre si\u00e8ge social \u00e0 Cliff College, Calver, Hope Valley, Derbyshire, S32 3XG.<\/p>\n<p><strong>Nous sommes une soci\u00e9t\u00e9 anonyme par garantie.<\/strong><\/p>\n<p>Pour nous contacter, veuillez envoyer un courriel \u00e0 info@theologyx.com ou t\u00e9l\u00e9phoner au 01246584200.<\/p>\n<p><strong>En utilisant notre site, vous acceptez ces conditions<\/strong><\/p>\n<p>En utilisant notre site, vous confirmez que vous acceptez les termes de cette politique et que vous vous engagez \u00e0 vous y conformer.<\/p>\n<p>Si vous n&#8217;acceptez pas ces conditions, vous ne devez pas utiliser notre site.<\/p>\n<p>Nous vous recommandons d&#8217;imprimer une copie de ces conditions pour r\u00e9f\u00e9rence future.<\/p>\n<p><strong>Il y a d&#8217;autres termes qui peuvent s&#8217;appliquer \u00e0 vous<\/strong><\/p>\n<p>Utilisateurs\u00a0: veuillez consulter notre politique de confidentialit\u00e9, notre politique en mati\u00e8re de cookies et nos conditions g\u00e9n\u00e9rales d&#8217;utilisation du site Web.<\/p>\n<p>Fournisseurs de contenu\u00a0: veuillez consulter notre contrat de fourniture de services.<\/p>\n<p><strong>Nous pouvons apporter des modifications aux termes de cette politique<\/strong><\/p>\n<p>Nous modifions ces conditions de temps \u00e0 autre. Chaque fois que vous souhaitez utiliser notre site, veuillez v\u00e9rifier ces conditions pour vous assurer de bien comprendre les conditions qui s&#8217;appliquent \u00e0 ce moment-l\u00e0. Ces conditions ont \u00e9t\u00e9 mises \u00e0 jour pour la derni\u00e8re fois le [15\/04\/2020].<\/p>\n<p><strong>Utilisations interdites<\/strong><\/p>\n<p><strong>Vous pouvez utiliser notre site uniquement \u00e0 des fins licites. Vous ne pouvez pas utiliser notre site :<\/strong><\/p>\n<ul>\n<li>De quelque mani\u00e8re que ce soit qui enfreint toute loi ou r\u00e9glementation locale, nationale ou internationale applicable.<\/li>\n<li>De toute mani\u00e8re ill\u00e9gale ou frauduleuse, ou ayant un but ou un effet ill\u00e9gal ou frauduleux.<\/li>\n<li>Dans le but de nuire ou de tenter de nuire \u00e0 des mineurs de quelque mani\u00e8re que ce soit.<\/li>\n<li>Intimider, insulter, intimider ou humilier toute personne.<\/li>\n<li>Pour envoyer, recevoir sciemment, t\u00e9l\u00e9charger, utiliser ou r\u00e9utiliser tout mat\u00e9riel non conforme \u00e0 nos normes de contenu.<\/li>\n<li>Pour transmettre ou faire envoyer tout mat\u00e9riel publicitaire ou promotionnel non sollicit\u00e9 ou non autoris\u00e9 ou toute autre forme de sollicitation similaire (spam).<\/li>\n<li>Pour transmettre sciemment des donn\u00e9es, envoyer ou t\u00e9l\u00e9charger tout mat\u00e9riel contenant des virus, des chevaux de Troie, des vers, des bombes \u00e0 retardement, des enregistreurs de frappe, des logiciels espions, des logiciels publicitaires ou tout autre programme nuisible ou code informatique similaire con\u00e7u pour nuire au fonctionnement de tout logiciel informatique ou Mat\u00e9riel.<\/li>\n<\/ul>\n<p><strong>Vous acceptez \u00e9galement :<\/strong><\/p>\n<ul>\n<li>Ne pas reproduire, dupliquer, copier ou revendre toute partie de notre site en violation des dispositions de nos conditions d&#8217;utilisation du site.<\/li>\n<li>Ne pas acc\u00e9der sans autorisation, interf\u00e9rer, endommager ou perturber :<\/li>\n<li>toute partie de notre site ;<\/li>\n<li>tout \u00e9quipement ou r\u00e9seau sur lequel notre site est stock\u00e9 ;<\/li>\n<li>tout logiciel utilis\u00e9 dans la mise \u00e0 disposition de notre site ; ou<\/li>\n<li>tout \u00e9quipement ou r\u00e9seau ou logiciel d\u00e9tenu ou utilis\u00e9 par un tiers.\n<p><strong>Services interactifs<\/strong><\/p>\n<p>Nous pouvons de temps \u00e0 autre fournir des services interactifs sur notre site, y compris, sans limitation :<\/p>\n<p>Salles de discussions.<br \/>\nBabillards.<\/p>\n<p>(services interactifs.)<\/p>\n<p>Lorsque nous fournissons un service interactif, nous vous fournirons des informations claires sur le type de service offert, s&#8217;il est mod\u00e9r\u00e9 et quelle forme de mod\u00e9ration est utilis\u00e9e (y compris si elle est humaine ou technique).<\/p>\n<p>Nous ferons de notre mieux pour \u00e9valuer les \u00e9ventuels risques pour les utilisateurs (et en particulier pour les enfants) de la part de tiers lorsqu&#8217;ils utilisent un service interactif fourni sur notre site, et nous d\u00e9ciderons dans chaque cas s&#8217;il est appropri\u00e9 d&#8217;utiliser la mod\u00e9ration de la service pertinent (y compris le type de mod\u00e9ration \u00e0 utiliser) \u00e0 la lumi\u00e8re de ces risques. Cependant, nous ne sommes aucunement tenus de superviser, surveiller ou mod\u00e9rer tout service interactif que nous fournissons sur notre site, et nous excluons express\u00e9ment notre responsabilit\u00e9 pour toute perte ou dommage r\u00e9sultant de l&#8217;utilisation de tout service interactif par un utilisateur en violation de nos normes de contenu. , que le service soit mod\u00e9r\u00e9 ou non.<\/p>\n<p>L&#8217;utilisation de l&#8217;un de nos services interactifs par un mineur est soumise au consentement de son parent ou tuteur. Nous conseillons aux parents qui autorisent leurs enfants \u00e0 utiliser un service interactif qu&#8217;il est important qu&#8217;ils communiquent avec leurs enfants sur leur s\u00e9curit\u00e9 en ligne, car la mod\u00e9ration n&#8217;est pas infaillible. Les mineurs qui utilisent un service interactif doivent \u00eatre inform\u00e9s des risques potentiels pour eux.<\/p>\n<p>Lorsque nous mod\u00e9rons un service interactif, nous vous fournirons normalement un moyen de contacter le mod\u00e9rateur en cas de probl\u00e8me ou de difficult\u00e9.<\/p>\n<p><strong>Normes de contenu<\/strong><\/p>\n<p>Ces normes de contenu s&#8217;appliquent \u00e0 tout mat\u00e9riel que vous contribuez \u00e0 notre site (Contribution) et \u00e0 tous les services interactifs qui lui sont associ\u00e9s.<\/p>\n<p>Les normes de contenu doivent \u00eatre respect\u00e9es \u00e0 l&#8217;esprit comme \u00e0 la lettre. Les normes s&#8217;appliquent \u00e0 chaque partie de toute Contribution ainsi qu&#8217;\u00e0 son ensemble.<\/p>\n<p>Cliff College Outreach d\u00e9terminera, \u00e0 sa discr\u00e9tion, si une contribution enfreint les normes de contenu.<\/p>\n<p>Une Contribution doit :<\/li>\n<\/ul>\n<p>Soyez pr\u00e9cis (o\u00f9 il \u00e9nonce des faits).<br \/>\n\u00catre sinc\u00e8rement tenu (l\u00e0 o\u00f9 il exprime des opinions).<br \/>\nSe conformer \u00e0 la loi applicable en Angleterre et au Pays de Galles et dans tout pays \u00e0 partir duquel il est publi\u00e9.<\/p>\n<p><strong>Une Contribution ne doit pas :<\/strong><\/p>\n<ul>\n<li>\u00catre diffamatoire envers toute personne.<\/li>\n<li>Soyez obsc\u00e8ne, offensant, haineux ou incendiaire.<\/li>\n<li>Intimider, insulter, intimider ou humilier.<\/li>\n<li>Promouvoir du mat\u00e9riel sexuellement explicite.<\/li>\n<li>Inclure du mat\u00e9riel d&#8217;abus sexuel d&#8217;enfants.<\/li>\n<li>Promouvoir la violence.<\/li>\n<li>Promouvoir la discrimination fond\u00e9e sur la race, le sexe, la religion, la nationalit\u00e9, le handicap, l&#8217;orientation sexuelle ou l&#8217;\u00e2ge.<\/li>\n<li>Enfreindre tout droit d&#8217;auteur, droit de base de donn\u00e9es ou marque de commerce de toute autre personne.<\/li>\n<li>\u00catre susceptible de tromper toute personne.<\/li>\n<li>Violer toute obligation l\u00e9gale envers un tiers, telle qu&#8217;une obligation contractuelle ou une obligation de confidentialit\u00e9.<\/li>\n<li>Promouvoir toute activit\u00e9 ill\u00e9gale.<\/li>\n<li>\u00catre coupable d&#8217;outrage au tribunal.<\/li>\n<li>\u00catre mena\u00e7ant, abuser ou envahir la vie priv\u00e9e d&#8217;autrui, ou causer de la g\u00eane, des d\u00e9sagr\u00e9ments ou une anxi\u00e9t\u00e9 inutile.<\/li>\n<li>\u00catre susceptible de harceler, contrarier, embarrasser, alarmer ou ennuyer toute autre personne.<\/li>\n<li>Usurper l&#8217;identit\u00e9 de toute personne ou d\u00e9former votre identit\u00e9 ou votre affiliation avec toute personne.<\/li>\n<li>Donner l&#8217;impression que la Contribution \u00e9mane de Cliff College Outreach, si ce n&#8217;est pas le cas.<\/li>\n<li>Plaider, promouvoir, inciter toute partie \u00e0 commettre ou aider tout acte ill\u00e9gal ou criminel tel que (\u00e0 titre d&#8217;exemple uniquement) une violation du droit d&#8217;auteur ou une mauvaise utilisation de l&#8217;ordinateur.<\/li>\n<li>Contenir une d\u00e9claration dont vous savez ou croyez, ou avez des motifs raisonnables de croire, que les membres du public \u00e0 qui la d\u00e9claration est ou doit \u00eatre publi\u00e9e sont susceptibles de comprendre comme un encouragement direct ou indirect ou une autre incitation \u00e0 la commission, pr\u00e9paration ou instigation d&#8217;actes de terrorisme.<\/li>\n<li>Contenir de la publicit\u00e9 ou promouvoir des services ou des liens Web vers d&#8217;autres sites, \u00e0 moins que le consentement \u00e9crit pr\u00e9alable de Cliff College Outreach n&#8217;ait \u00e9t\u00e9 obtenu.<\/li>\n<\/ul>\n<p><strong>Violation de cette politique<\/strong><\/p>\n<p>Lorsque nous consid\u00e9rons qu&#8217;une violation de cette politique d&#8217;utilisation acceptable s&#8217;est produite, nous pouvons prendre les mesures que nous jugeons appropri\u00e9es.<\/p>\n<p>Le non-respect de cette politique d&#8217;utilisation acceptable constitue une violation substantielle des conditions d&#8217;utilisation (pour les utilisateurs) ou de l&#8217;accord de fourniture de services pertinent (pour les fournisseurs de contenu) en vertu duquel vous \u00eates autoris\u00e9 \u00e0 utiliser notre site, et peut nous amener \u00e0 prendre toutes les ou l&#8217;une des actions suivantes\u00a0:<\/p>\n<ul>\n<li>Retrait imm\u00e9diat, temporaire ou d\u00e9finitif de votre droit d&#8217;utiliser notre site.<\/li>\n<li>Suppression imm\u00e9diate, temporaire ou permanente de toute Contribution que vous avez t\u00e9l\u00e9charg\u00e9e sur notre site.<\/li>\n<li>Emission d&#8217;un avertissement pour vous.<\/li>\n<li>Proc\u00e9dures judiciaires contre vous pour le remboursement de tous les frais sur une base d&#8217;indemnisation (y compris, mais sans s&#8217;y limiter, les frais<\/li>\n<li>administratifs et juridiques raisonnables) r\u00e9sultant de la violation.<\/li>\n<li>Autres poursuites judiciaires contre vous.<\/li>\n<li>Divulgation de ces informations aux autorit\u00e9s charg\u00e9es de l&#8217;application de la loi si nous le jugeons raisonnablement n\u00e9cessaire ou tel que requis par la loi.<\/li>\n<\/ul>\n<p>Nous excluons notre responsabilit\u00e9 pour toutes les mesures que nous pourrions prendre en r\u00e9ponse aux violations de cette politique d&#8217;utilisation acceptable. Les actions que nous pouvons entreprendre ne se limitent pas \u00e0 celles d\u00e9crites ci-dessus, et nous pouvons entreprendre toute autre action que nous jugeons raisonnablement appropri\u00e9e.<\/p>\n<p><strong>Les lois de quel pays s&#8217;appliquent aux litiges\u00a0?<\/strong><\/p>\n<p>Si vous \u00eates un consommateur, veuillez noter que les termes de cette politique, son objet et sa formation sont r\u00e9gis par le droit anglais. Vous et nous convenons tous les deux que les tribunaux d&#8217;Angleterre et du Pays de Galles auront comp\u00e9tence exclusive, sauf que si vous \u00eates un r\u00e9sident d&#8217;Irlande du Nord, vous pouvez \u00e9galement engager une proc\u00e9dure en Irlande du Nord, et si vous r\u00e9sidez en \u00c9cosse, vous pouvez \u00e9galement engager une proc\u00e9dure en \u00c9cosse. .<\/p>\n<p>Si vous \u00eates une entreprise, les termes de cette politique, son objet et sa formation (et tout litige ou r\u00e9clamation non contractuel) sont r\u00e9gis par le droit anglais. Nous acceptons tous les deux la comp\u00e9tence exclusive des tribunaux d&#8217;Angleterre et du Pays de Galles.<\/p>\n<\/div>\n<\/div>\n<\/div>\n<\/div>\n<\/section>\n","protected":false},"excerpt":{"rendered":"<p>Politique d&#8217;utilisation acceptable du site Web &nbsp; Politique d&#8217;utilisation acceptable du site Web\u00a0: sensibilisation du Cliff College VEUILLEZ LIRE ATTENTIVEMENT LES TERMES DE CETTE POLITIQUE AVANT D&#8217;UTILISER LE SITE Qu&#8217;y a-t-il dans ces termes ? Cette politique d&#8217;utilisation acceptable d\u00e9finit . . .<\/p>\n","protected":false},"author":10,"featured_media":0,"parent":0,"menu_order":0,"comment_status":"closed","ping_status":"closed","template":"","meta":{"_acf_changed":false,"footnotes":""},"class_list":["post-1809","page","type-page","status-publish","hentry"],"acf":[],"_links":{"self":[{"href":"https:\/\/theologyx.com\/fr\/wp-json\/wp\/v2\/pages\/1809"}],"collection":[{"href":"https:\/\/theologyx.com\/fr\/wp-json\/wp\/v2\/pages"}],"about":[{"href":"https:\/\/theologyx.com\/fr\/wp-json\/wp\/v2\/types\/page"}],"author":[{"embeddable":true,"href":"https:\/\/theologyx.com\/fr\/wp-json\/wp\/v2\/users\/10"}],"replies":[{"embeddable":true,"href":"https:\/\/theologyx.com\/fr\/wp-json\/wp\/v2\/comments?post=1809"}],"version-history":[{"count":1,"href":"https:\/\/theologyx.com\/fr\/wp-json\/wp\/v2\/pages\/1809\/revisions"}],"predecessor-version":[{"id":1810,"href":"https:\/\/theologyx.com\/fr\/wp-json\/wp\/v2\/pages\/1809\/revisions\/1810"}],"wp:attachment":[{"href":"https:\/\/theologyx.com\/fr\/wp-json\/wp\/v2\/media?parent=1809"}],"curies":[{"name":"wp","href":"https:\/\/api.w.org\/{rel}","templated":true}]}}