{"id":1768,"date":"2021-12-01T06:52:32","date_gmt":"2021-12-01T06:52:32","guid":{"rendered":"https:\/\/theologyx.com\/?page_id=1768"},"modified":"2021-12-01T06:54:25","modified_gmt":"2021-12-01T06:54:25","slug":"accueil","status":"publish","type":"page","link":"https:\/\/theologyx.com\/fr\/","title":{"rendered":"Accueil"},"content":{"rendered":"\t\t<div data-elementor-type=\"wp-page\" data-elementor-id=\"1768\" class=\"elementor elementor-1768 elementor-17\" data-elementor-post-type=\"page\">\n\t\t\t\t\t\t<section class=\"elementor-section elementor-top-section elementor-element elementor-element-32af2394 elementor-section-content-middle elementor-reverse-mobile elementor-section-height-full elementor-section-boxed elementor-section-height-default elementor-section-items-middle\" data-id=\"32af2394\" data-element_type=\"section\" data-settings=\"{&quot;background_background&quot;:&quot;gradient&quot;,&quot;shape_divider_bottom&quot;:&quot;opacity-fan&quot;}\">\n\t\t\t\t\t\t\t<div class=\"elementor-background-overlay\"><\/div>\n\t\t\t\t\t\t<div class=\"elementor-shape elementor-shape-bottom\" data-negative=\"false\">\n\t\t\t<svg xmlns=\"http:\/\/www.w3.org\/2000\/svg\" viewBox=\"0 0 283.5 19.6\" preserveAspectRatio=\"none\">\n\t<path class=\"elementor-shape-fill\" style=\"opacity:0.33\" d=\"M0 0L0 18.8 141.8 4.1 283.5 18.8 283.5 0z\"\/>\n\t<path class=\"elementor-shape-fill\" style=\"opacity:0.33\" d=\"M0 0L0 12.6 141.8 4 283.5 12.6 283.5 0z\"\/>\n\t<path class=\"elementor-shape-fill\" style=\"opacity:0.33\" d=\"M0 0L0 6.4 141.8 4 283.5 6.4 283.5 0z\"\/>\n\t<path class=\"elementor-shape-fill\" d=\"M0 0L0 1.2 141.8 4 283.5 1.2 283.5 0z\"\/>\n<\/svg>\t\t<\/div>\n\t\t\t\t\t<div class=\"elementor-container elementor-column-gap-no\">\n\t\t\t\t\t<div class=\"elementor-column elementor-col-50 elementor-top-column elementor-element elementor-element-269686b5\" data-id=\"269686b5\" data-element_type=\"column\">\n\t\t\t<div class=\"elementor-widget-wrap elementor-element-populated\">\n\t\t\t\t\t\t<div class=\"elementor-element elementor-element-6b4299fd elementor-invisible elementor-widget elementor-widget-heading\" data-id=\"6b4299fd\" data-element_type=\"widget\" data-settings=\"{&quot;_animation&quot;:&quot;fadeIn&quot;}\" data-widget_type=\"heading.default\">\n\t\t\t\t<div class=\"elementor-widget-container\">\n\t\t\t<h1 class=\"elementor-heading-title elementor-size-default\">bienvenue dans votre maison en ligne pour un apprentissage qui change la vie<\/h1>\t\t<\/div>\n\t\t\t\t<\/div>\n\t\t\t\t<div class=\"elementor-element elementor-element-2cda26cc elementor-invisible elementor-widget elementor-widget-text-editor\" data-id=\"2cda26cc\" data-element_type=\"widget\" data-settings=\"{&quot;_animation&quot;:&quot;fadeIn&quot;}\" data-widget_type=\"text-editor.default\">\n\t\t\t\t<div class=\"elementor-widget-container\">\n\t\t\t\t\t\t\t<p>TheologyX est une communaut\u00e9 mondiale de pratique engag\u00e9e \u00e0 d\u00e9velopper et \u00e0 dispenser une \u00e9ducation th\u00e9ologique et une formation professionnelle chr\u00e9tienne qui servent l&#8217;\u00e9glise de Dieu et le monde.<\/p>\t\t\t\t\t\t<\/div>\n\t\t\t\t<\/div>\n\t\t\t\t<div class=\"elementor-element elementor-element-639c7aac elementor-mobile-align-justify elementor-invisible elementor-widget elementor-widget-button\" data-id=\"639c7aac\" data-element_type=\"widget\" data-settings=\"{&quot;_animation&quot;:&quot;bounceInUp&quot;,&quot;_animation_delay&quot;:3}\" data-widget_type=\"button.default\">\n\t\t\t\t<div class=\"elementor-widget-container\">\n\t\t\t\t\t<div class=\"elementor-button-wrapper\">\n\t\t\t<a class=\"elementor-button elementor-button-link elementor-size-lg\" href=\"https:\/\/theologyx.com\/courses\/\">\n\t\t\t\t\t\t<span class=\"elementor-button-content-wrapper\">\n\t\t\t\t\t\t\t\t\t<span class=\"elementor-button-text\">Commencez votre voyage avec TheologyX ici<\/span>\n\t\t\t\t\t<\/span>\n\t\t\t\t\t<\/a>\n\t\t<\/div>\n\t\t\t\t<\/div>\n\t\t\t\t<\/div>\n\t\t\t\t\t<\/div>\n\t\t<\/div>\n\t\t\t\t<div class=\"elementor-column elementor-col-50 elementor-top-column elementor-element elementor-element-7b445354\" data-id=\"7b445354\" data-element_type=\"column\">\n\t\t\t<div class=\"elementor-widget-wrap elementor-element-populated\">\n\t\t\t\t\t\t<div class=\"elementor-element elementor-element-144a0545 animated-fast elementor-hidden-tablet elementor-hidden-phone elementor-invisible elementor-widget elementor-widget-image\" data-id=\"144a0545\" data-element_type=\"widget\" data-settings=\"{&quot;_animation&quot;:&quot;fadeInUp&quot;,&quot;_animation_delay&quot;:3}\" data-widget_type=\"image.default\">\n\t\t\t\t<div class=\"elementor-widget-container\">\n\t\t\t\t\t\t\t\t\t\t\t\t\t<img srcset='https:\/\/d2eq4bhwyzjysg.cloudfront.net\/1\/2021\/08\/TheologyX_Yellow-Banner-Tree-Element-300x208.png 300w, https:\/\/d2eq4bhwyzjysg.cloudfront.net\/1\/2021\/08\/TheologyX_Yellow-Banner-Tree-Element-768x532.png 768w, https:\/\/d2eq4bhwyzjysg.cloudfront.net\/1\/2021\/08\/TheologyX_Yellow-Banner-Tree-Element.png 911w' sizes='(max-width: 911px) 100vw, 911px' fetchpriority=\"high\" decoding=\"async\" width=\"911\" height=\"631\" src=\"https:\/\/d2eq4bhwyzjysg.cloudfront.net\/1\/2021\/08\/TheologyX_Yellow-Banner-Tree-Element.png\" class=\"attachment-full size-full wp-image-122\" alt=\"\" \/>\t\t\t\t\t\t\t\t\t\t\t\t\t<\/div>\n\t\t\t\t<\/div>\n\t\t\t\t\t<\/div>\n\t\t<\/div>\n\t\t\t\t\t<\/div>\n\t\t<\/section>\n\t\t\t\t<section class=\"elementor-section elementor-top-section elementor-element elementor-element-77a8ff6f elementor-section-boxed elementor-section-height-default elementor-section-height-default\" data-id=\"77a8ff6f\" data-element_type=\"section\">\n\t\t\t\t\t\t<div class=\"elementor-container elementor-column-gap-no\">\n\t\t\t\t\t<div class=\"elementor-column elementor-col-100 elementor-top-column elementor-element elementor-element-abae2c7\" data-id=\"abae2c7\" data-element_type=\"column\">\n\t\t\t<div class=\"elementor-widget-wrap elementor-element-populated\">\n\t\t\t\t\t\t<div class=\"elementor-element elementor-element-638292d7 elementor-widget elementor-widget-heading\" data-id=\"638292d7\" data-element_type=\"widget\" data-widget_type=\"heading.default\">\n\t\t\t\t<div class=\"elementor-widget-container\">\n\t\t\t<h2 class=\"elementor-heading-title elementor-size-default\">Cours en vedette<\/h2>\t\t<\/div>\n\t\t\t\t<\/div>\n\t\t\t\t<div class=\"elementor-element elementor-element-3522faf4 elementor-widget elementor-widget-edly_courses_slider\" data-id=\"3522faf4\" data-element_type=\"widget\" data-widget_type=\"edly_courses_slider.default\">\n\t\t\t\t<div class=\"elementor-widget-container\">\n\t\t\t<div class=\"row courses-card-slider\" >\n\t\n<div class=\"course-card\n\tfeatured \">\n\t<div class=\"course-card-wrapper\" onclick=\"window.location.href='https:\/\/theologyx.com\/fr\/course\/from-easter-to-pentecost\/';\">\n\t\t<div class=\"course-card-head\">\n\t\t\t<div class=\"frame\" onmouseover=\"(()=>{\n\t\t\t\tupdateVideoUrlArg('course-v1:cliff-college+S0FETP-0-E+L0426', 'autoplay', '1');\n\t\t\t})();\"\n\t\t\tonmouseout=\"(()=>{\n\t\t\t\tupdateVideoUrlArg('course-v1:cliff-college+S0FETP-0-E+L0426', 'autoplay', '0');\n\t\t\t})();\">\n\t\t\t\t<div style=\"overflow: hidden; width: 100%; aspect-ratio: 16\/9; position: relative; height:100%;\">\n\t\t\t\t\t\t\t\t\t\t\t<img decoding=\"async\" src=\"https:\/\/d2eq4bhwyzjysg.cloudfront.net\/1\/2026\/03\/S0FETP-0-E-feature-image-800x500-1.png\" alt=\"\">\n\t\t\t\t\t\t<a class=\"btn btn-link\" href=\"https:\/\/theologyx.com\/fr\/course\/from-easter-to-pentecost\/\">Lire la suite<\/a>\n\t\t\t\t\t\t\t\t\t<\/div>\n\n\t\t\t\t\t\t\t\t\t\t\t\t\t<div class=\"featured-tag\">Mis en exergue<\/div>\n\t\t\t\t\t\t\t<\/div>\n\t\t<\/div>\n\t\t<div class=\"course-card-body\">\n\t\t<h3 class=\"title-course-card clamp-two-lines\" style=\"font-size: 1.3rem; padding: 0px 15px;\">\n\t\t\t\t<a href=\"https:\/\/theologyx.com\/fr\/course\/from-easter-to-pentecost\/\">From Easter to Pentecost<\/a>\n\t\t\t<\/h3>\n\t\t\t\t\t\t\t\t<div class=\"paced-type-content\">\n\t\t\t\t\t\t<span class=\"start-end-dates\">\n\t\t\t\t\t\t\tApr 06, 2026 - May 25, 2026\t\t\t\t\t\t<\/span>\n\t\t\t\t\t<\/div>\n\t\t\t\t\t\t\t\t\t\t\t<div class=\"course-run\">\n\t\t\t\t<i class=\"fa fa-repeat\" aria-hidden=\"true\"><\/i>\n\t\t\t\t<span class=\"date\">L0426<\/span>\n\t\t\t<\/div>\n\t\t\t\t\t\t<p class=\"short-description\">About This Course Often as churches we can focus on Lent and leading up to the crucifixion but there is also a significant journey that takes place from Easter to Pentecost. With a weekly release of reflective materials and teaching . . .<\/p>\n\t\t\t\t\t\t<div class=\"meta-box\">\n\t\t\t\t<ul class=\"courses-meta\">\n\t\t\t\t\t<li><strong class=\"&pound;10.00\">&pound;10.00<\/strong><\/li>\n\t\t\t\t\t<li>\n\t\t\t\t\t\t<i class=\"fa fa-calendar\" aria-hidden=\"true\"><\/i>\n\t\t\t\t\t\t<span class=\"date\">Apr 06, 2026<\/span>\n\t\t\t\t\t<\/li>\n\t\t\t\t\t<li class=\"duration\">\n\t\t\t\t\t\t<span class=\"duration-text\">\n\t\t\t\t\t\t\t<i class=\"fa fa-clock-o\" aria-hidden=\"true\"><\/i>\n\t\t\t\t\t\t\t<span class=\"number\">7 Semaines<\/span>\n\t\t\t\t\t\t<\/span>\n\t\t\t\t\t<\/li>\n\t\t\t\t\t<li class=\"course-run\">\n\t\t\t\t\t\t<i class=\"fa fa-repeat\" aria-hidden=\"true\"><\/i>\n\t\t\t\t\t\t<span class=\"date\">L0426<\/span>\n\t\t\t\t\t<\/li>\n\t\t\t\t\t\t\t\t\t<\/ul>\n\t\t\t\t<a class=\"btn btn-link\" href=\"https:\/\/theologyx.com\/fr\/course\/from-easter-to-pentecost\/\">Lire la suite<\/a>\n\t\t\t<\/div>\n\t\t<\/div>\n\t<\/div>\n\n<\/div>\n\n<div class=\"course-card\n\tfeatured \">\n\t<div class=\"course-card-wrapper\" onclick=\"window.location.href='https:\/\/theologyx.com\/fr\/course\/women-in-the-bible\/';\">\n\t\t<div class=\"course-card-head\">\n\t\t\t<div class=\"frame\" onmouseover=\"(()=>{\n\t\t\t\tupdateVideoUrlArg('course-v1:cliff-college+S4NWB-0-E+L0920', 'autoplay', '1');\n\t\t\t})();\"\n\t\t\tonmouseout=\"(()=>{\n\t\t\t\tupdateVideoUrlArg('course-v1:cliff-college+S4NWB-0-E+L0920', 'autoplay', '0');\n\t\t\t})();\">\n\t\t\t\t<div style=\"overflow: hidden; width: 100%; aspect-ratio: 16\/9; position: relative; height:100%;\">\n\t\t\t\t\t\t\t\t\t\t\t<img decoding=\"async\" src=\"https:\/\/d2eq4bhwyzjysg.cloudfront.net\/1\/2021\/12\/S4NWB-0-E-course-card.jpg\" alt=\"\">\n\t\t\t\t\t\t<a class=\"btn btn-link\" href=\"https:\/\/theologyx.com\/fr\/course\/women-in-the-bible\/\">Lire la suite<\/a>\n\t\t\t\t\t\t\t\t\t<\/div>\n\n\t\t\t\t\t\t\t\t\t\t\t\t\t<div class=\"featured-tag\">Mis en exergue<\/div>\n\t\t\t\t\t\t\t<\/div>\n\t\t<\/div>\n\t\t<div class=\"course-card-body\">\n\t\t<h3 class=\"title-course-card clamp-two-lines\" style=\"font-size: 1.3rem; padding: 0px 15px;\">\n\t\t\t\t<a href=\"https:\/\/theologyx.com\/fr\/course\/women-in-the-bible\/\">Women in the Bible<\/a>\n\t\t\t<\/h3>\n\t\t\t\t\t\t\t\t<div class=\"paced-type-content\">\n\t\t\t\t\t\t<span class=\"start-anytime\">\n\t\t\t\t\t\t\tStart Anytime (Self Paced)\t\t\t\t\t\t<\/span>\n\t\t\t\t\t<\/div>\n\t\t\t\t\t\t\t\t\t\t\t<div class=\"course-run\">\n\t\t\t\t<i class=\"fa fa-repeat\" aria-hidden=\"true\"><\/i>\n\t\t\t\t<span class=\"date\">L0920<\/span>\n\t\t\t<\/div>\n\t\t\t\t\t\t\t<div itemscope=\"\" itemtype=\"http:\/\/schema.org\/Person\" class=\"instructors-list\">\n\t\t\t\t\t<ul class=\"list-circled\">\n\t\t\t\t\t\t\t\t\t\t\t<li>\n\t\t\t\t<a href=\"https:\/\/theologyx.com\/fr\/Instructor\/dr-kirsi-cobb-cliff-college\/\" title=\"Dr Kirsi Cobb &#8211; Cliff College\">\n\t\t\t\t\t<figure>\n\t\t\t\t\t\t<img decoding=\"async\" src=\"https:\/\/d2eq4bhwyzjysg.cloudfront.net\/1\/2021\/12\/KirsiC2cm.jpg\" alt=\"Dr Kirsi Cobb &#8211; Cliff College\" \/>\n\t\t\t\t\t<\/figure>\n\t\t\t\t<\/a>\n\t\t\t<\/li>\n\t\t\t\t\t\t<li>\n\t\t\t\t<a href=\"https:\/\/theologyx.com\/fr\/Instructor\/dr-holly-morse-university-of-manchester\/\" title=\"Dr Holly Morse &#8211; University Of Manchester\">\n\t\t\t\t\t<figure>\n\t\t\t\t\t\t<img decoding=\"async\" src=\"https:\/\/d2eq4bhwyzjysg.cloudfront.net\/1\/2021\/12\/dr-holly-morse-image.png\" alt=\"Dr Holly Morse &#8211; University Of Manchester\" \/>\n\t\t\t\t\t<\/figure>\n\t\t\t\t<\/a>\n\t\t\t<\/li>\n\t\t\t\t\t\t\t\t<\/ul>\n\t\t\t\t<\/div>\n\t\t\t\t\t\t<p class=\"short-description\">About This Course The Women in the Bible course is one of a series of events being sponsored by The Bible, Gender and Church Research Centre, (https:\/\/cliffcollege.ac.uk\/gender-centre) based at Cliff College. The course will be delivered by Dr Kirsi Cobb . . .<\/p>\n\t\t\t\t\t\t<div class=\"meta-box\">\n\t\t\t\t<ul class=\"courses-meta\">\n\t\t\t\t\t<li><strong class=\"&pound;37.00\">&pound;37.00<\/strong><\/li>\n\t\t\t\t\t<li>\n\t\t\t\t\t\t<i class=\"fa fa-calendar\" aria-hidden=\"true\"><\/i>\n\t\t\t\t\t\t<span class=\"date\">Jan 01, 2022<\/span>\n\t\t\t\t\t<\/li>\n\t\t\t\t\t<li class=\"duration\">\n\t\t\t\t\t\t<span class=\"duration-text\">\n\t\t\t\t\t\t\t<i class=\"fa fa-clock-o\" aria-hidden=\"true\"><\/i>\n\t\t\t\t\t\t\t<span class=\"number\">1 Weeks<\/span>\n\t\t\t\t\t\t<\/span>\n\t\t\t\t\t<\/li>\n\t\t\t\t\t<li class=\"course-run\">\n\t\t\t\t\t\t<i class=\"fa fa-repeat\" aria-hidden=\"true\"><\/i>\n\t\t\t\t\t\t<span class=\"date\">L0920<\/span>\n\t\t\t\t\t<\/li>\n\t\t\t\t\t\t\t\t\t\t\t<li itemscope=\"\" itemtype=\"http:\/\/schema.org\/Person\" class=\"instructors-list\">\n\t\t\t\t\t\t\t<ul class=\"list-circled\">\n\t\t\t\t\t\t\t\t\t\t\t\t\t<li>\n\t\t\t\t<a href=\"https:\/\/theologyx.com\/fr\/Instructor\/dr-kirsi-cobb-cliff-college\/\" title=\"Dr Kirsi Cobb &#8211; Cliff College\">\n\t\t\t\t\t<figure>\n\t\t\t\t\t\t<img decoding=\"async\" src=\"https:\/\/d2eq4bhwyzjysg.cloudfront.net\/1\/2021\/12\/KirsiC2cm.jpg\" alt=\"Dr Kirsi Cobb &#8211; Cliff College\" \/>\n\t\t\t\t\t<\/figure>\n\t\t\t\t<\/a>\n\t\t\t<\/li>\n\t\t\t\t\t\t<li>\n\t\t\t\t<a href=\"https:\/\/theologyx.com\/fr\/Instructor\/dr-holly-morse-university-of-manchester\/\" title=\"Dr Holly Morse &#8211; University Of Manchester\">\n\t\t\t\t\t<figure>\n\t\t\t\t\t\t<img decoding=\"async\" src=\"https:\/\/d2eq4bhwyzjysg.cloudfront.net\/1\/2021\/12\/dr-holly-morse-image.png\" alt=\"Dr Holly Morse &#8211; University Of Manchester\" \/>\n\t\t\t\t\t<\/figure>\n\t\t\t\t<\/a>\n\t\t\t<\/li>\n\t\t\t\t\t\t\t\t\t\t<\/ul>\n\t\t\t\t\t\t<\/li>\n\t\t\t\t\t\t\t\t\t<\/ul>\n\t\t\t\t<a class=\"btn btn-link\" href=\"https:\/\/theologyx.com\/fr\/course\/women-in-the-bible\/\">Lire la suite<\/a>\n\t\t\t<\/div>\n\t\t<\/div>\n\t<\/div>\n\n<\/div>\n<\/div><!-- .row -->\n\t\t<\/div>\n\t\t\t\t<\/div>\n\t\t\t\t\t<\/div>\n\t\t<\/div>\n\t\t\t\t\t<\/div>\n\t\t<\/section>\n\t\t\t\t<section class=\"elementor-section elementor-top-section elementor-element elementor-element-4411e525 elementor-section-height-min-height elementor-section-boxed elementor-section-height-default elementor-section-items-middle\" data-id=\"4411e525\" data-element_type=\"section\" data-settings=\"{&quot;background_background&quot;:&quot;classic&quot;}\">\n\t\t\t\t\t\t\t<div class=\"elementor-background-overlay\"><\/div>\n\t\t\t\t\t\t\t<div class=\"elementor-container elementor-column-gap-default\">\n\t\t\t\t\t<div class=\"elementor-column elementor-col-100 elementor-top-column elementor-element elementor-element-39b7b2e3\" data-id=\"39b7b2e3\" data-element_type=\"column\">\n\t\t\t<div class=\"elementor-widget-wrap elementor-element-populated\">\n\t\t\t\t\t\t<div class=\"elementor-element elementor-element-28155b03 elementor-widget elementor-widget-heading\" data-id=\"28155b03\" data-element_type=\"widget\" data-widget_type=\"heading.default\">\n\t\t\t\t<div class=\"elementor-widget-container\">\n\t\t\t<h2 class=\"elementor-heading-title elementor-size-default\">NOS PARTENAIRES<\/h2>\t\t<\/div>\n\t\t\t\t<\/div>\n\t\t\t\t<div class=\"elementor-element elementor-element-6f51dc19 elementor-widget elementor-widget-text-editor\" data-id=\"6f51dc19\" data-element_type=\"widget\" data-widget_type=\"text-editor.default\">\n\t\t\t\t<div class=\"elementor-widget-container\">\n\t\t\t\t\t\t\t<p>TheologyX dispose d&#8217;une biblioth\u00e8que de ressources d&#8217;apprentissage passionnantes. Ces cours sont dispens\u00e9s par nos fantastiques partenaires, qui s&#8217;engagent avec nous \u00e0 offrir une formation de qualit\u00e9 et transformatrice.<\/p>\t\t\t\t\t\t<\/div>\n\t\t\t\t<\/div>\n\t\t\t\t<div class=\"elementor-element elementor-element-da9c0db elementor-arrows-position-inside elementor-pagination-position-outside elementor-widget elementor-widget-image-carousel\" data-id=\"da9c0db\" data-element_type=\"widget\" data-settings=\"{&quot;navigation&quot;:&quot;both&quot;,&quot;autoplay&quot;:&quot;yes&quot;,&quot;pause_on_hover&quot;:&quot;yes&quot;,&quot;pause_on_interaction&quot;:&quot;yes&quot;,&quot;autoplay_speed&quot;:5000,&quot;infinite&quot;:&quot;yes&quot;,&quot;speed&quot;:500}\" data-widget_type=\"image-carousel.default\">\n\t\t\t\t<div class=\"elementor-widget-container\">\n\t\t\t\t\t<div class=\"elementor-image-carousel-wrapper swiper\" dir=\"ltr\">\n\t\t\t<div class=\"elementor-image-carousel swiper-wrapper\" aria-live=\"off\">\n\t\t\t\t\t\t\t\t<div class=\"swiper-slide\" role=\"group\" aria-roledescription=\"slide\" aria-label=\"1 sur 4\"><figure class=\"swiper-slide-inner\"><img decoding=\"async\" class=\"swiper-slide-image\" src=\"https:\/\/d2eq4bhwyzjysg.cloudfront.net\/1\/2021\/08\/03._Taketime_Logo_purple_on_white-300x136.jpg\" alt=\"03._Taketime_Logo_purple_on_white\" \/><\/figure><\/div><div class=\"swiper-slide\" role=\"group\" aria-roledescription=\"slide\" aria-label=\"2 sur 4\"><figure class=\"swiper-slide-inner\"><img decoding=\"async\" class=\"swiper-slide-image\" src=\"https:\/\/d2eq4bhwyzjysg.cloudfront.net\/1\/2021\/08\/Cliff-College-Logo.jpg\" alt=\"Cliff Branding- Strapline\" \/><\/figure><\/div><div class=\"swiper-slide\" role=\"group\" aria-roledescription=\"slide\" aria-label=\"3 sur 4\"><figure class=\"swiper-slide-inner\"><img decoding=\"async\" class=\"swiper-slide-image\" src=\"https:\/\/d2eq4bhwyzjysg.cloudfront.net\/1\/2021\/08\/e-academy-logo-300x237.png\" alt=\"e-academy-logo\" \/><\/figure><\/div><div class=\"swiper-slide\" role=\"group\" aria-roledescription=\"slide\" aria-label=\"4 sur 4\"><figure class=\"swiper-slide-inner\"><img decoding=\"async\" class=\"swiper-slide-image\" src=\"https:\/\/d2eq4bhwyzjysg.cloudfront.net\/1\/2021\/08\/logo-eagles-stacked-300x190.png\" alt=\"logo-eagles-stacked\" \/><\/figure><\/div>\t\t\t<\/div>\n\t\t\t\t\t\t\t\t\t\t\t\t<div class=\"elementor-swiper-button elementor-swiper-button-prev\" role=\"button\" tabindex=\"0\">\n\t\t\t\t\t\t<i aria-hidden=\"true\" class=\"eicon-chevron-left\"><\/i>\t\t\t\t\t<\/div>\n\t\t\t\t\t<div class=\"elementor-swiper-button elementor-swiper-button-next\" role=\"button\" tabindex=\"0\">\n\t\t\t\t\t\t<i aria-hidden=\"true\" class=\"eicon-chevron-right\"><\/i>\t\t\t\t\t<\/div>\n\t\t\t\t\n\t\t\t\t\t\t\t\t\t<div class=\"swiper-pagination\"><\/div>\n\t\t\t\t\t\t\t\t\t<\/div>\n\t\t\t\t<\/div>\n\t\t\t\t<\/div>\n\t\t\t\t\t<\/div>\n\t\t<\/div>\n\t\t\t\t\t<\/div>\n\t\t<\/section>\n\t\t\t\t<\/div>\n\t\t","protected":false},"excerpt":{"rendered":"<p>bienvenue dans votre maison en ligne pour un apprentissage qui change la vie TheologyX est une communaut\u00e9 mondiale de pratique engag\u00e9e \u00e0 d\u00e9velopper et \u00e0 dispenser une \u00e9ducation th\u00e9ologique et une formation professionnelle chr\u00e9tienne qui servent l&#8217;\u00e9glise de Dieu et . . .<\/p>\n","protected":false},"author":1,"featured_media":0,"parent":0,"menu_order":0,"comment_status":"closed","ping_status":"closed","template":"elementor_header_footer","meta":{"_acf_changed":false,"footnotes":""},"class_list":["post-1768","page","type-page","status-publish","hentry"],"acf":[],"_links":{"self":[{"href":"https:\/\/theologyx.com\/fr\/wp-json\/wp\/v2\/pages\/1768"}],"collection":[{"href":"https:\/\/theologyx.com\/fr\/wp-json\/wp\/v2\/pages"}],"about":[{"href":"https:\/\/theologyx.com\/fr\/wp-json\/wp\/v2\/types\/page"}],"author":[{"embeddable":true,"href":"https:\/\/theologyx.com\/fr\/wp-json\/wp\/v2\/users\/1"}],"replies":[{"embeddable":true,"href":"https:\/\/theologyx.com\/fr\/wp-json\/wp\/v2\/comments?post=1768"}],"version-history":[{"count":5,"href":"https:\/\/theologyx.com\/fr\/wp-json\/wp\/v2\/pages\/1768\/revisions"}],"predecessor-version":[{"id":1773,"href":"https:\/\/theologyx.com\/fr\/wp-json\/wp\/v2\/pages\/1768\/revisions\/1773"}],"wp:attachment":[{"href":"https:\/\/theologyx.com\/fr\/wp-json\/wp\/v2\/media?parent=1768"}],"curies":[{"name":"wp","href":"https:\/\/api.w.org\/{rel}","templated":true}]}}