{"id":1759,"date":"2021-12-01T06:42:29","date_gmt":"2021-12-01T06:42:29","guid":{"rendered":"https:\/\/theologyx.com\/?page_id=1759"},"modified":"2021-12-01T06:49:31","modified_gmt":"2021-12-01T06:49:31","slug":"conditions-generales-dutilisation","status":"publish","type":"page","link":"https:\/\/theologyx.com\/fr\/conditions-generales-dutilisation\/","title":{"rendered":"Conditions g\u00e9n\u00e9rales d&#8217;utilisation"},"content":{"rendered":"<div class=\"page-heading\"><\/div>\n<section class=\"static-content\">\n<div class=\"grid-manual grid-container\">\n<div class=\"inner-container\">\n<div class=\"row\">\n<div class=\"col col-12 sm-col-12 md-col-9\">\n<h1>Conditions g\u00e9n\u00e9rales d&#8217;utilisation du site Web<\/h1>\n<p>&nbsp;<\/p>\n<p><strong>VEUILLEZ LIRE ATTENTIVEMENT CES TERMES ET CONDITIONS AVANT D&#8217;UTILISER CE SITE<\/strong><\/p>\n<p><strong>Qui sommes-nous et comment nous contacter<\/strong><\/p>\n<p>www.theologyx.com est un site exploit\u00e9 par Cliff College Outreach (&#8220;Nous&#8221;). Nous sommes enregistr\u00e9s en Angleterre et au Pays de Galles sous le num\u00e9ro d&#8217;entreprise 02331438 et avons notre si\u00e8ge social \u00e0 Cliff College, Calver, Hope Valley, Derbyshire, S32 3XG.<\/p>\n<p>Nous sommes une soci\u00e9t\u00e9 priv\u00e9e \u00e0 responsabilit\u00e9 limit\u00e9e par garantie sans capital social.<\/p>\n<p>Pour nous contacter, veuillez envoyer un courriel \u00e0 info@theologyx.com ou t\u00e9l\u00e9phoner au 01246584200.<\/p>\n<p>Si nous devons vous contacter, nous le ferons par t\u00e9l\u00e9phone ou en vous \u00e9crivant \u00e0 l&#8217;adresse \u00e9lectronique ou postale que vous nous avez fournie dans votre demande d&#8217;inscription.<\/p>\n<p>Lorsque nous utilisons les mots \u00ab\u00a0\u00e9crit\u00a0\u00bb ou \u00ab\u00a0\u00e9crit\u00a0\u00bb dans ces termes, cela inclut les e-mails.<\/p>\n<p>\u00c0 propos de\u00a0www.theologyx.com<\/p>\n<p>Notre site permet aux utilisateurs enregistr\u00e9s d&#8217;acc\u00e9der au mat\u00e9riel p\u00e9dagogique d&#8217;une gamme de fournisseurs de contenu tiers. Notre site vise \u00e0 fournir une plate-forme ou une \u00ab\u00a0place de march\u00e9\u00a0\u00bb o\u00f9 vous pouvez acc\u00e9der \u00e0 une vari\u00e9t\u00e9 de supports p\u00e9dagogiques et de cours en un seul endroit. Nous ne vous facturons pas l&#8217;acc\u00e8s au \u00ab\u00a0march\u00e9\u00a0\u00bb sur notre site, mais les fournisseurs de contenu tiers peuvent vous facturer l&#8217;acc\u00e8s au mat\u00e9riel \u00e9ducatif fourni par eux et accessible via notre site.<\/p>\n<p>Alors que nous visons \u00e0 travailler avec des fournisseurs de contenu qui fourniront un contenu de qualit\u00e9 pour notre site, nous ne fournissons aucune recommandation ou approbation pour les fournisseurs de contenu tiers ou le contenu qu&#8217;ils fournissent pour notre site.<\/p>\n<p>Nous offrons un \u00ab\u00a0march\u00e9\u00a0\u00bb pour le mat\u00e9riel p\u00e9dagogique\u00a0; lorsque vous envisagez d&#8217;acc\u00e9der \u00e0 du mat\u00e9riel fourni par un fournisseur de contenu tiers, vous devez v\u00e9rifier ses conditions g\u00e9n\u00e9rales pour vous assurer que vous en \u00eates satisfait, car vous passerez un contrat directement avec le fournisseur de contenu tiers.<\/p>\n<p>Si vous souhaitez devenir un utilisateur enregistr\u00e9 de notre site (vous permettant d&#8217;acc\u00e9der au mat\u00e9riel fourni par des fournisseurs de contenu tiers), vous devez remplir un formulaire de demande en ligne. Si nous acceptons votre demande pour devenir un utilisateur enregistr\u00e9 de notre site, nous vous enverrons un e-mail pour confirmer votre inscription OU vous verrez un message \u00e0 l&#8217;\u00e9cran confirmant votre inscription.<\/p>\n<p>Si nous ne sommes pas en mesure d&#8217;accepter votre demande pour devenir un utilisateur enregistr\u00e9, nous vous en informerons par \u00e9crit.<\/p>\n<p><strong>En utilisant notre site, vous acceptez ces conditions<\/strong><\/p>\n<p>En utilisant notre site, vous confirmez que vous acceptez ces conditions d&#8217;utilisation et que vous vous engagez \u00e0 les respecter.<\/p>\n<p>Si vous n&#8217;acceptez pas ces conditions, vous ne devez pas utiliser notre site.<\/p>\n<p>Nous vous recommandons d&#8217;imprimer une copie de ces conditions pour r\u00e9f\u00e9rence future.<\/p>\n<p><strong>Il y a d&#8217;autres termes qui peuvent s&#8217;appliquer \u00e0 vous<\/strong><\/p>\n<p>Ces conditions d&#8217;utilisation font r\u00e9f\u00e9rence aux conditions suppl\u00e9mentaires suivantes, qui s&#8217;appliquent \u00e9galement \u00e0 votre utilisation de notre site\u00a0:<\/p>\n<ul>\n<li>Notre politique de confidentialit\u00e9 https:\/\/www.theologyx.com\/privacy-policy. Voir plus loin sous Comment nous pouvons utiliser vos informations personnelles.<\/li>\n<li>Notre politique d&#8217;utilisation acceptable https:\/\/theologyx.com\/website-use-policy\/, qui d\u00e9finit les utilisations autoris\u00e9es et les utilisations interdites de notre site. Lorsque vous utilisez notre site, vous devez vous conformer \u00e0 cette politique d&#8217;utilisation acceptable.<\/li>\n<li>Notre politique en mati\u00e8re de cookies https:\/\/www.theologyx.com\/cookies., qui contient des informations sur les cookies sur notre site.<\/li>\n<\/ul>\n<p>Si vous vous inscrivez en tant qu&#8217;utilisateur sur notre site (c&#8217;est-\u00e0-dire pour acc\u00e9der au contenu\/cours fournis par des tiers), les conditions g\u00e9n\u00e9rales des fournisseurs de contenu tiers s&#8217;appliqueront \u00e0 vous. Lorsque vous acc\u00e9dez au contenu\/cours fournis par des fournisseurs de contenu tiers, votre contrat est avec ce fournisseur de contenu tiers et non avec nous.<\/p>\n<p>Si vous fournissez du contenu pour notre site, nos conditions g\u00e9n\u00e9rales pour les fournisseurs de contenu s&#8217;appliqueront.<\/p>\n<p><strong>Nous pouvons apporter des modifications \u00e0 ces conditions<\/strong><\/p>\n<p>Nous modifions ces conditions de temps \u00e0 autre. Chaque fois que vous souhaitez utiliser notre site, veuillez v\u00e9rifier ces conditions pour vous assurer de bien comprendre les conditions qui s&#8217;appliquent \u00e0 ce moment-l\u00e0. Ces conditions ont \u00e9t\u00e9 mises \u00e0 jour pour la derni\u00e8re fois le [16\/04\/2020].<\/p>\n<p>Nous pouvons apporter des modifications \u00e0 notre site<\/p>\n<p>Nous pouvons mettre \u00e0 jour et modifier notre site de temps \u00e0 autre pour refl\u00e9ter les changements apport\u00e9s \u00e0 nos produits, les besoins de nos utilisateurs et nos priorit\u00e9s commerciales.<\/p>\n<p><strong>Nous pouvons suspendre ou retirer notre site<\/strong><\/p>\n<p>Certains contenus de notre site sont mis \u00e0 disposition gratuitement.<\/p>\n<p>Nous ne garantissons pas que notre site, ou tout contenu qu&#8217;il contient, sera toujours disponible ou ininterrompu. Nous pouvons suspendre, retirer ou restreindre la disponibilit\u00e9 de tout ou partie de notre site pour des raisons commerciales et op\u00e9rationnelles. Nous essaierons de vous donner un pr\u00e9avis raisonnable de toute suspension ou retrait.<\/p>\n<p>Vous \u00eates \u00e9galement responsable de vous assurer que toutes les personnes qui acc\u00e8dent \u00e0 notre site via votre connexion Internet sont au courant de ces conditions d&#8217;utilisation et des autres conditions g\u00e9n\u00e9rales applicables, et qu&#8217;elles s&#8217;y conforment.<\/p>\n<p><strong>Vous devez garder les d\u00e9tails de votre compte en s\u00e9curit\u00e9<\/strong><\/p>\n<p>Si vous choisissez ou recevez un code d&#8217;identification d&#8217;utilisateur, un mot de passe ou tout autre \u00e9l\u00e9ment d&#8217;information dans le cadre de nos proc\u00e9dures de s\u00e9curit\u00e9, vous devez traiter ces informations de mani\u00e8re confidentielle. Vous ne devez pas le divulguer \u00e0 un tiers.<\/p>\n<p>Nous avons le droit de d\u00e9sactiver tout code d&#8217;identification d&#8217;utilisateur ou mot de passe, qu&#8217;il soit choisi par vous ou attribu\u00e9 par nous, \u00e0 tout moment, si, \u00e0 notre avis raisonnable, vous n&#8217;avez pas respect\u00e9 l&#8217;une des dispositions des pr\u00e9sentes conditions d&#8217;utilisation.<\/p>\n<p>Si vous savez ou soup\u00e7onnez que quelqu&#8217;un d&#8217;autre que vous conna\u00eet votre code d&#8217;identification d&#8217;utilisateur ou votre mot de passe, vous devez nous en informer rapidement \u00e0 info@theologyx.com.<\/p>\n<p><strong>Comment vous pouvez utiliser le mat\u00e9riel sur notre site<\/strong><\/p>\n<p>Nous (ou nos fournisseurs de contenu tiers) sommes le propri\u00e9taire ou le titulaire de tous les droits de propri\u00e9t\u00e9 intellectuelle sur notre site et sur le mat\u00e9riel qui y est publi\u00e9. Ces \u0153uvres sont prot\u00e9g\u00e9es par les lois et trait\u00e9s sur le droit d&#8217;auteur dans le monde entier. Tous droits r\u00e9serv\u00e9s.<\/p>\n<p>Vous pouvez imprimer une copie et t\u00e9l\u00e9charger des extraits de toute page de notre site pour votre usage personnel et vous pouvez attirer l&#8217;attention d&#8217;autres personnes au sein de votre organisation sur le contenu publi\u00e9 sur notre site.<\/p>\n<p>Vous ne devez en aucun cas modifier les copies papier ou num\u00e9riques de tout mat\u00e9riel que vous avez imprim\u00e9 ou t\u00e9l\u00e9charg\u00e9, et vous ne devez pas utiliser d&#8217;illustrations, de photographies, de s\u00e9quences vid\u00e9o ou audio ou de graphiques s\u00e9par\u00e9ment de tout texte d&#8217;accompagnement.<\/p>\n<p>Notre statut (et celui de tout fournisseur de contenu tiers identifi\u00e9) en tant qu&#8217;auteur de contenu sur notre site doit toujours \u00eatre reconnu.<\/p>\n<p>Vous ne devez utiliser aucune partie du contenu de notre site \u00e0 des fins commerciales sans obtenir une licence de notre part ou de celle de nos conc\u00e9dants de licence.<\/p>\n<p>Si vous imprimez, copiez ou t\u00e9l\u00e9chargez une partie de notre site en violation de ces conditions d&#8217;utilisation, votre droit d&#8217;utiliser notre site cessera imm\u00e9diatement et vous devrez, \u00e0 notre discr\u00e9tion, retourner ou d\u00e9truire toutes les copies des documents que vous avez cr\u00e9\u00e9s.<\/p>\n<p><strong>Ne vous fiez pas aux informations de ce site<\/strong><\/p>\n<p>Le contenu de notre site est fourni \u00e0 titre d&#8217;information g\u00e9n\u00e9rale seulement. Il n&#8217;est pas destin\u00e9 \u00e0 constituer des conseils sur lesquels vous devriez vous fier. Vous devez obtenir l&#8217;avis d&#8217;un professionnel ou d&#8217;un sp\u00e9cialiste avant d&#8217;entreprendre ou de vous abstenir de toute action sur la base du contenu de notre site.<\/p>\n<p>Bien que nous fassions des efforts raisonnables pour mettre \u00e0 jour les informations sur notre site, nous ne faisons aucune d\u00e9claration, garantie ou garantie, expresse ou implicite, que le contenu de notre site est exact, complet ou \u00e0 jour.<\/p>\n<p><strong>Nous ne sommes pas responsables des sites Web vers lesquels nous lions<\/strong><\/p>\n<p>Lorsque notre site contient des liens vers d&#8217;autres sites et ressources fournis par des tiers, ces liens sont fournis \u00e0 titre d&#8217;information uniquement. De tels liens ne doivent pas \u00eatre interpr\u00e9t\u00e9s comme une approbation par nous de ces sites Web li\u00e9s ou des informations que vous pouvez obtenir d&#8217;eux.<\/p>\n<p>Nous n&#8217;avons aucun contr\u00f4le sur le contenu de ces sites ou ressources.<\/p>\n<p><strong>Le contenu g\u00e9n\u00e9r\u00e9 par l&#8217;utilisateur n&#8217;est pas approuv\u00e9 par nous<\/strong><\/p>\n<p>Ce site Web peut inclure des informations et des documents t\u00e9l\u00e9charg\u00e9s par d&#8217;autres utilisateurs du site, y compris sur des tableaux d&#8217;affichage et des forums de discussion. Ces informations et ces documents n&#8217;ont pas \u00e9t\u00e9 v\u00e9rifi\u00e9s ou approuv\u00e9s par nous. Les opinions exprim\u00e9es par d&#8217;autres utilisateurs sur notre site ne repr\u00e9sentent pas nos opinions ou nos valeurs.<\/p>\n<p>Si vous souhaitez vous plaindre des informations et des documents t\u00e9l\u00e9charg\u00e9s par d&#8217;autres utilisateurs, veuillez nous contacter \u00e0 info@theologyx.com.<\/p>\n<p>Notre responsabilit\u00e9 pour les pertes ou dommages subis par vous<\/p>\n<p>Que vous soyez un consommateur ou un utilisateur professionnel :<\/p>\n<p>Nous n&#8217;excluons ni ne limitons en aucune mani\u00e8re notre responsabilit\u00e9 envers vous lorsqu&#8217;il serait ill\u00e9gal de le faire. Cela inclut la responsabilit\u00e9 en cas de d\u00e9c\u00e8s ou de blessures corporelles caus\u00e9s par notre n\u00e9gligence ou la n\u00e9gligence de nos employ\u00e9s, agents ou sous-traitants et pour fraude ou fausse d\u00e9claration frauduleuse.<br \/>\nDiff\u00e9rentes limitations et exclusions de responsabilit\u00e9 peuvent s&#8217;appliquer \u00e0 vous si vous \u00eates un fournisseur de contenu ; ceux-ci peuvent \u00eatre trouv\u00e9s dans le contrat de fourniture de services conclu entre vous et nous.<\/p>\n<p><strong>Si vous \u00eates un utilisateur professionnel\u00a0:<\/strong><\/p>\n<p>Nous excluons toutes les conditions, garanties, repr\u00e9sentations ou autres termes implicites qui peuvent s&#8217;appliquer \u00e0 notre site ou \u00e0 tout contenu qu&#8217;il contient.<br \/>\nNous ne serons pas responsables envers vous de toute perte ou dommage, qu&#8217;il s&#8217;agisse d&#8217;un contrat, d&#8217;un d\u00e9lit (y compris la n\u00e9gligence), d&#8217;un manquement \u00e0 une obligation l\u00e9gale ou autre, m\u00eame pr\u00e9visible, d\u00e9coulant de ou en relation avec\u00a0:<\/p>\n<ul>\n<li>l&#8217;utilisation ou l&#8217;impossibilit\u00e9 d&#8217;utiliser notre site ; ou<\/li>\n<li>l&#8217;utilisation ou la confiance accord\u00e9e \u00e0 tout contenu affich\u00e9 sur notre site.<\/li>\n<li>En particulier, nous ne serons pas responsables de :<\/li>\n<li>perte de b\u00e9n\u00e9fices, de ventes, d&#8217;affaires ou de revenus ;<\/li>\n<li>interruption de travail;<\/li>\n<li>perte d&#8217;\u00e9conomies anticip\u00e9es;<\/li>\n<li>perte d&#8217;opportunit\u00e9 commerciale, de bonne volont\u00e9 ou de r\u00e9putation ; ou<\/li>\n<li>toute perte ou dommage indirect ou cons\u00e9cutif.<\/li>\n<\/ul>\n<p><strong>Si vous \u00eates un utilisateur consommateur\u00a0:<\/strong><\/p>\n<ul>\n<li>Veuillez noter que nous fournissons notre site uniquement pour un usage domestique et priv\u00e9. Vous acceptez de ne pas utiliser notre site \u00e0 des fins commerciales ou commerciales, et nous n&#8217;avons aucune responsabilit\u00e9 envers vous pour toute perte de profit, perte d&#8217;activit\u00e9, interruption d&#8217;activit\u00e9 ou perte d&#8217;opportunit\u00e9 commerciale.<\/li>\n<\/ul>\n<p><strong>Comment nous pouvons utiliser vos informations personnelles<\/strong><\/p>\n<p>Nous n&#8217;utiliserons vos informations personnelles que comme indiqu\u00e9 dans notre\u00a0https:\/\/theologyx.com\/privacy-policy\/.<\/p>\n<p><strong>T\u00e9l\u00e9chargement de contenu sur notre site<\/strong><\/p>\n<p>Chaque fois que vous utilisez une fonctionnalit\u00e9 qui vous permet de t\u00e9l\u00e9charger du contenu sur notre site ou d&#8217;entrer en contact avec d&#8217;autres utilisateurs de notre site, vous devez vous conformer aux normes de contenu \u00e9nonc\u00e9es dans notre politique d&#8217;utilisation acceptable https:\/\/theologyx.com\/ Politique d&#8217;utilisation du site Web\/.<\/p>\n<p>Vous garantissez qu&#8217;une telle contribution est conforme \u00e0 ces normes, et vous serez responsable envers nous et nous indemnisera pour toute violation de cette garantie. Cela signifie que vous serez responsable de toute perte ou dommage que nous subirions \u00e0 la suite de votre violation de la garantie.<\/p>\n<p>Tout contenu que vous t\u00e9l\u00e9chargez sur notre site sera consid\u00e9r\u00e9 comme non confidentiel et non exclusif. Vous conservez tous vos droits de propri\u00e9t\u00e9 sur votre contenu, mais vous \u00eates tenu de nous accorder, ainsi qu&#8217;aux autres utilisateurs de notre site, une licence limit\u00e9e pour utiliser, stocker et copier ce contenu et pour le distribuer et le mettre \u00e0 la disposition de tiers. Les droits que vous nous accordez sont d\u00e9crits dans\u00a0Droits que vous nous accordez pour utiliser le mat\u00e9riel que vous t\u00e9l\u00e9chargez\u00a0https:\/\/theologyx.com\/website-use-policy\/.<\/p>\n<p>Nous avons \u00e9galement le droit de divulguer votre identit\u00e9 \u00e0 tout tiers qui pr\u00e9tend que tout contenu publi\u00e9 ou t\u00e9l\u00e9charg\u00e9 par vous sur notre site constitue une violation de leurs droits de propri\u00e9t\u00e9 intellectuelle ou de leur droit \u00e0 la vie priv\u00e9e.<\/p>\n<p>Nous avons le droit de supprimer toute publication que vous publiez sur notre site si, \u00e0 notre avis, votre publication n&#8217;est pas conforme aux normes de contenu \u00e9nonc\u00e9es dans notre Politique d&#8217;utilisation acceptable https:\/\/theologyx.com\/website-use-policy\/.<\/p>\n<p>Vous \u00eates seul responsable de la s\u00e9curisation et de la sauvegarde de votre contenu.<\/p>\n<p><strong>Droits que vous nous accordez pour utiliser le mat\u00e9riel que vous t\u00e9l\u00e9chargez<\/strong><\/p>\n<p>Lorsque vous t\u00e9l\u00e9chargez ou publiez du contenu sur notre site, vous nous accordez le droit d&#8217;utiliser ce contenu dans notre mat\u00e9riel promotionnel et sur notre site en g\u00e9n\u00e9ral.<\/p>\n<p><strong>Nous ne sommes pas responsables des virus et vous ne devez pas les introduire<\/strong><\/p>\n<p>Nous ne garantissons pas que notre site sera s\u00e9curis\u00e9 ou exempt de bogues ou de virus.<\/p>\n<p>Vous \u00eates responsable de la configuration de votre technologie de l&#8217;information, de vos programmes informatiques et de votre plate-forme pour acc\u00e9der \u00e0 notre site. Vous devez utiliser votre propre logiciel de protection antivirus.<\/p>\n<p>Vous ne devez pas abuser de notre site en introduisant sciemment des virus, chevaux de Troie, vers, bombes logiques ou autre mat\u00e9riel malveillant ou technologiquement nuisible. Vous ne devez pas tenter d&#8217;obtenir un acc\u00e8s non autoris\u00e9 \u00e0 notre site, au serveur sur lequel notre site est stock\u00e9 ou \u00e0 tout serveur, ordinateur ou base de donn\u00e9es connect\u00e9 \u00e0 notre site. Vous ne devez pas attaquer notre site via une attaque par d\u00e9ni de service ou une attaque par d\u00e9ni de service distribu\u00e9. En violant cette disposition, vous commettriez une infraction p\u00e9nale en vertu de la Computer Misuse Act 1990. Nous signalerons toute violation de ce type aux autorit\u00e9s charg\u00e9es de l&#8217;application des lois et nous coop\u00e9rerons avec ces autorit\u00e9s en leur r\u00e9v\u00e9lant votre identit\u00e9. Dans le cas d&#8217;une telle violation, votre droit d&#8217;utiliser notre site cessera imm\u00e9diatement.<\/p>\n<p><strong>R\u00e8gles concernant les liens vers notre site<\/strong><\/p>\n<p>Vous pouvez cr\u00e9er un lien vers notre page d&#8217;accueil, \u00e0 condition que vous le fassiez d&#8217;une mani\u00e8re juste et l\u00e9gale et qu&#8217;elle ne porte pas atteinte \u00e0 notre r\u00e9putation ou n&#8217;en profite pas.<\/p>\n<p>Vous ne devez pas \u00e9tablir de lien de mani\u00e8re \u00e0 sugg\u00e9rer une quelconque forme d&#8217;association, d&#8217;approbation ou d&#8217;approbation de notre part l\u00e0 o\u00f9 il n&#8217;en existe pas.<\/p>\n<p>Vous ne devez pas \u00e9tablir de lien vers notre site sur un site Web qui ne vous appartient pas.<\/p>\n<p>Notre site ne doit pas \u00eatre encadr\u00e9 sur un autre site, et vous ne pouvez pas non plus cr\u00e9er de lien vers une partie de notre site autre que la page d&#8217;accueil.<\/p>\n<p>Nous nous r\u00e9servons le droit de retirer l&#8217;autorisation de cr\u00e9er des liens sans pr\u00e9avis.<\/p>\n<p>Le site Web sur lequel vous cr\u00e9ez un lien doit \u00eatre conforme \u00e0 tous \u00e9gards aux normes de contenu \u00e9nonc\u00e9es dans notre politique d&#8217;utilisation acceptable https:\/\/theologyx.com\/website-use-policy\/.<\/p>\n<p>Si vous souhaitez cr\u00e9er un lien vers ou utiliser le contenu de notre site autre que celui indiqu\u00e9 ci-dessus, veuillez contacter info@theologyx.com.<\/p>\n<p><strong>Les lois de quel pays s&#8217;appliquent aux litiges\u00a0?<\/strong><\/p>\n<p>Si vous \u00eates un consommateur, veuillez noter que les pr\u00e9sentes conditions d&#8217;utilisation, leur objet et leur formation, sont r\u00e9gis par le droit anglais. Vous et nous convenons tous les deux que les tribunaux d&#8217;Angleterre et du Pays de Galles auront comp\u00e9tence exclusive, sauf que si vous \u00eates un r\u00e9sident d&#8217;Irlande du Nord, vous pouvez \u00e9galement engager une proc\u00e9dure en Irlande du Nord, et si vous r\u00e9sidez en \u00c9cosse, vous pouvez \u00e9galement engager une proc\u00e9dure en \u00c9cosse. .<\/p>\n<p>Si vous \u00eates une entreprise, les pr\u00e9sentes conditions d&#8217;utilisation, leur objet et leur formation (ainsi que tout litige ou r\u00e9clamation non contractuel) sont r\u00e9gis par le droit anglais. Nous acceptons tous les deux la comp\u00e9tence exclusive des tribunaux d&#8217;Angleterre et du Pays de Galles.<\/p>\n<p><strong>Nos marques sont d\u00e9pos\u00e9es<\/strong><\/p>\n<p>UK00003457796 et [&#8220;TRADE MARK 2&#8221;] sont des marques d\u00e9pos\u00e9es au Royaume-Uni [et aux \u00c9tats-Unis] de Cliff College Outreach. Vous n&#8217;\u00eates pas autoris\u00e9 \u00e0 utiliser nos marques de commerce sans notre approbation, \u00e0 moins qu&#8217;elles ne fassent partie du mat\u00e9riel que vous utilisez tel qu&#8217;autoris\u00e9 sous Comment vous pouvez utiliser le mat\u00e9riel sur notre site.<\/p>\n<\/div>\n<\/div>\n<\/div>\n<\/div>\n<\/section>\n","protected":false},"excerpt":{"rendered":"<p>Conditions g\u00e9n\u00e9rales d&#8217;utilisation du site Web &nbsp; VEUILLEZ LIRE ATTENTIVEMENT CES TERMES ET CONDITIONS AVANT D&#8217;UTILISER CE SITE Qui sommes-nous et comment nous contacter www.theologyx.com est un site exploit\u00e9 par Cliff College Outreach (&#8220;Nous&#8221;). Nous sommes enregistr\u00e9s en Angleterre et . . .<\/p>\n","protected":false},"author":1,"featured_media":0,"parent":0,"menu_order":0,"comment_status":"closed","ping_status":"closed","template":"","meta":{"_acf_changed":false,"footnotes":""},"class_list":["post-1759","page","type-page","status-publish","hentry"],"acf":[],"_links":{"self":[{"href":"https:\/\/theologyx.com\/fr\/wp-json\/wp\/v2\/pages\/1759"}],"collection":[{"href":"https:\/\/theologyx.com\/fr\/wp-json\/wp\/v2\/pages"}],"about":[{"href":"https:\/\/theologyx.com\/fr\/wp-json\/wp\/v2\/types\/page"}],"author":[{"embeddable":true,"href":"https:\/\/theologyx.com\/fr\/wp-json\/wp\/v2\/users\/1"}],"replies":[{"embeddable":true,"href":"https:\/\/theologyx.com\/fr\/wp-json\/wp\/v2\/comments?post=1759"}],"version-history":[{"count":2,"href":"https:\/\/theologyx.com\/fr\/wp-json\/wp\/v2\/pages\/1759\/revisions"}],"predecessor-version":[{"id":1761,"href":"https:\/\/theologyx.com\/fr\/wp-json\/wp\/v2\/pages\/1759\/revisions\/1761"}],"wp:attachment":[{"href":"https:\/\/theologyx.com\/fr\/wp-json\/wp\/v2\/media?parent=1759"}],"curies":[{"name":"wp","href":"https:\/\/api.w.org\/{rel}","templated":true}]}}