{"id":1623,"date":"2021-11-30T11:07:02","date_gmt":"2021-11-30T11:07:02","guid":{"rendered":"https:\/\/theologyx.com\/?page_id=1623"},"modified":"2021-11-30T11:07:02","modified_gmt":"2021-11-30T11:07:02","slug":"politica-de-uso-del-sitio-web","status":"publish","type":"page","link":"https:\/\/theologyx.com\/es\/politica-de-uso-del-sitio-web\/","title":{"rendered":"Pol\u00edtica de uso del sitio web"},"content":{"rendered":"<div class=\"page-heading\"><\/div>\n<section class=\"static-content\">\n<div class=\"grid-manual grid-container\">\n<div class=\"inner-container\">\n<div class=\"row\">\n<div class=\"col col-12 sm-col-12 md-col-9\">\n<h1>Pol\u00edtica de uso aceptable del sitio web<\/h1>\n<p>&nbsp;<\/p>\n<p><strong>Pol\u00edtica de uso aceptable del sitio web: Alcance de Cliff College<\/strong><\/p>\n<p><strong>POR FAVOR LEA LOS T\u00c9RMINOS DE ESTA POL\u00cdTICA DETENIDAMENTE ANTES DE UTILIZAR EL SITIO<\/strong><\/p>\n<p><strong>\u00bfQu\u00e9 hay en estos t\u00e9rminos?<\/strong><\/p>\n<p>This acceptable use policy sets out the content standards that apply when you upload content to our site, make contact with other users on our site, link to our site, or interact with our site in any other way,<\/p>\n<p><strong>Qui\u00e9nes somos y c\u00f3mo contactarnos<\/strong><\/p>\n<p>www.theologyx.com es un sitio operado por Cliff College Outreach (&#8220;Nosotros&#8221;). Estamos registrados en Inglaterra y Gales con el n\u00famero de empresa 02331438 y tenemos nuestra oficina registrada en Cliff College, Calver, Hope Valley, Derbyshire, S32 3XG.<\/p>\n<p><strong>Somos una empresa limitada por garant\u00eda.<\/strong><\/p>\n<p>Para contactarnos, env\u00ede un correo electr\u00f3nico a info@theologyx.com o llame al 01246584200.<\/p>\n<p><strong>Al utilizar nuestro sitio, acepta estos t\u00e9rminos<\/strong><\/p>\n<p>Al utilizar nuestro sitio, confirma que acepta los t\u00e9rminos de esta pol\u00edtica y que acepta cumplirlos.<\/p>\n<p>Si no est\u00e1 de acuerdo con estos t\u00e9rminos, no debe utilizar nuestro sitio.<\/p>\n<p>Le recomendamos que imprima una copia de estos t\u00e9rminos para referencia futura.<\/p>\n<p><strong>Hay otros t\u00e9rminos que pueden aplicarse a usted<\/strong><\/p>\n<p>Usuarios: consulte nuestra Pol\u00edtica de privacidad, Pol\u00edtica de cookies y Condiciones generales de uso del sitio web.<\/p>\n<p>Proveedores de contenido: consulte nuestro Acuerdo de suministro de servicios.<\/p>\n<p>Podemos hacer cambios a los t\u00e9rminos de esta pol\u00edtica.<\/p>\n<p>Modificamos estos t\u00e9rminos de vez en cuando. Cada vez que desee utilizar nuestro sitio, consulte estos t\u00e9rminos para asegurarse de que comprende los t\u00e9rminos que se aplican en ese momento. Estos t\u00e9rminos se actualizaron por \u00faltima vez el [15\/04\/2020].<\/p>\n<p><strong>Prohibited uses<\/strong><\/p>\n<p>Puede utilizar nuestro sitio \u00fanicamente con fines legales. No puede utilizar nuestro sitio:<\/p>\n<ul>\n<li>De cualquier manera que viole cualquier ley o regulaci\u00f3n local, nacional o internacional aplicable.<\/li>\n<li>De cualquier manera que sea ilegal o fraudulenta, o que tenga un prop\u00f3sito o efecto ilegal o fraudulento.<\/li>\n<li>Con el prop\u00f3sito de da\u00f1ar o intentar da\u00f1ar a menores de cualquier forma.<\/li>\n<li>Acosar, insultar, intimidar o humillar a cualquier persona.<\/li>\n<li>Para enviar, recibir a sabiendas, cargar, descargar, usar o reutilizar cualquier material que no cumpla con nuestros est\u00e1ndares de contenido.<\/li>\n<li>Para transmitir, o procurar el env\u00edo de, cualquier publicidad o material promocional no solicitado o no autorizado o cualquier otra forma de solicitud similar (spam).<\/li>\n<li>Para transmitir conscientemente cualquier dato, enviar o cargar cualquier material que contenga virus, caballos de Troya, gusanos, bombas de tiempo, registradores de pulsaciones de teclas, software esp\u00eda, software publicitario o cualquier otro programa da\u00f1ino o c\u00f3digo inform\u00e1tico similar dise\u00f1ado para afectar negativamente el funcionamiento de cualquier software inform\u00e1tico o hardware.<\/li>\n<\/ul>\n<\/div>\n<p><strong>Tambi\u00e9n est\u00e1s de acuerdo:<\/strong><\/p>\n<ul>\n<li>No reproducir, duplicar, copiar o revender ninguna parte de nuestro sitio en contravenci\u00f3n de las disposiciones de nuestros t\u00e9rminos de uso del sitio web.<\/li>\n<li>No acceder sin autorizaci\u00f3n, interferir, da\u00f1ar o interrumpir:<\/li>\n<li>cualquier parte de nuestro sitio;<\/li>\n<li>cualquier equipo o red en la que se almacena nuestro sitio;<\/li>\n<li>cualquier software utilizado en la provisi\u00f3n de nuestro sitio; o<\/li>\n<li>cualquier equipo, red o software propiedad o utilizado por un tercero.<\/li>\n<\/ul>\n<div class=\"col col-12 sm-col-12 md-col-9\">\n<p><strong>Servicios interactivos<\/strong><\/p>\n<p>Es posible que de vez en cuando proporcionemos servicios interactivos en nuestro sitio, que incluyen, entre otros:<\/p>\n<ul>\n<li>Salas de chat.<\/li>\n<li>Tabla de anuncios.<\/li>\n<\/ul>\n<p><strong>(servicios interactivos)<\/strong><\/p>\n<p>Cuando proporcionemos alg\u00fan servicio interactivo, le proporcionaremos informaci\u00f3n clara sobre el tipo de servicio ofrecido, si es moderado y qu\u00e9 forma de moderaci\u00f3n se utiliza (incluso si es humana o t\u00e9cnica).<\/p>\n<p>Haremos todo lo posible para evaluar los posibles riesgos para los usuarios (y en particular, para los ni\u00f1os) de terceros cuando utilicen cualquier servicio interactivo proporcionado en nuestro sitio, y decidiremos en cada caso si es apropiado utilizar la moderaci\u00f3n del servicio relevante (incluido el tipo de moderaci\u00f3n a utilizar) a la luz de esos riesgos. Sin embargo, no tenemos la obligaci\u00f3n de supervisar, monitorear o moderar ning\u00fan servicio interactivo que proporcionemos en nuestro sitio, y excluimos expresamente nuestra responsabilidad por cualquier p\u00e9rdida o da\u00f1o que surja del uso de cualquier servicio interactivo por parte de un usuario en contravenci\u00f3n de nuestros est\u00e1ndares de contenido. , ya sea que el servicio sea moderado o no.<\/p>\n<p>El uso de cualquiera de nuestros servicios interactivos por un menor est\u00e1 sujeto al consentimiento de sus padres o tutores. Aconsejamos a los padres que permiten que sus hijos utilicen un servicio interactivo que es importante que se comuniquen con sus hijos sobre su seguridad en l\u00ednea, ya que la moderaci\u00f3n no es infalible. Los menores que utilicen cualquier servicio interactivo deben ser conscientes de los posibles riesgos para ellos.<\/p>\n<p>Cuando moderemos un servicio interactivo, normalmente le proporcionaremos un medio para comunicarse con el moderador, en caso de que surja una inquietud o dificultad.<\/p>\n<p><strong>Est\u00e1ndares de contenido<\/strong><\/p>\n<p>Estos est\u00e1ndares de contenido se aplican a todo el material que contribuya a nuestro sitio (Contribuci\u00f3n) y a cualquier servicio interactivo asociado con \u00e9l.<\/p>\n<p>Los est\u00e1ndares de contenido deben cumplirse tanto en esp\u00edritu como al pie de la letra. Los est\u00e1ndares se aplican a cada parte de cualquier Contribuci\u00f3n, as\u00ed como a su totalidad.<\/p>\n<p>Cliff College Outreach determinar\u00e1, a su discreci\u00f3n, si una Contribuci\u00f3n infringe los Est\u00e1ndares de contenido.<\/p>\n<p>Una contribuci\u00f3n debe:<\/p>\n<ul>\n<li>Sea preciso (donde indique los hechos).<\/li>\n<li>Ser genuinamente sostenido (donde exprese opiniones).<\/li>\n<li>Cumplir con la ley aplicable en Inglaterra y Gales y en cualquier pa\u00eds desde el que se publique.<\/li>\n<\/ul>\n<\/div>\n<p>Una Contribuci\u00f3n no debe:<\/p>\n<ul>\n<li>Sea difamatorio con cualquier persona.<\/li>\n<li>Sea obsceno, ofensivo, odioso o incendiario.<\/li>\n<li>Bullying, insultar, intimidar o humillar.<\/li>\n<li>Promociona material sexualmente expl\u00edcito.<\/li>\n<li>Incluya material sobre abuso sexual infantil.<\/li>\n<li>Promover la violencia.<\/li>\n<li>Promover la discriminaci\u00f3n por motivos de raza, sexo, religi\u00f3n, nacionalidad, discapacidad, orientaci\u00f3n sexual o edad.<\/li>\n<li>Infringir cualquier derecho de autor, derecho de base de datos o marca comercial de cualquier otra persona.<\/li>\n<li>Es probable que enga\u00f1e a cualquier persona.<\/li>\n<li>Incumplir cualquier deber legal que se deba a un tercero, como un deber contractual o un deber de confianza.<\/li>\n<li>Promocionar cualquier actividad ilegal.<\/li>\n<li>Estar en desacato al tribunal.<\/li>\n<li>Ser amenazante, abusar o invadir la privacidad de otra persona, o causar molestia, inconveniencia o ansiedad innecesaria.<\/li>\n<li>Es probable que acose, moleste, averg\u00fcence, alarme o moleste a cualquier otra persona.<\/li>\n<li>Hacerse pasar por otra persona o tergiversar su identidad o afiliaci\u00f3n con cualquier persona.<\/li>\n<li>D\u00e9 la impresi\u00f3n de que la Contribuci\u00f3n emana de Cliff College Outreach, si este no es el caso.<\/li>\n<li>Abogar, promover, incitar a cualquier parte a cometer o ayudar a cualquier acto ilegal o criminal como (solo a modo de ejemplo) infracci\u00f3n de derechos de autor o uso indebido de la computadora.<\/li>\n<li>Contener una declaraci\u00f3n que sepa o crea, o tenga motivos razonables para creer, que los miembros del p\u00fablico para quienes la declaraci\u00f3n se publica o se publicar\u00e1 probablemente la entiendan como un est\u00edmulo directo o indirecto u otro incentivo para la comisi\u00f3n, preparaci\u00f3n o instigaci\u00f3n de actos de terrorismo.<\/li>\n<li>Contener publicidad o promover servicios o enlaces web a otros sitios a menos que se haya obtenido el consentimiento previo por escrito de Cliff College Outreach.<\/li>\n<\/ul>\n<div class=\"col col-12 sm-col-12 md-col-9\">\n<p><strong>Incumplimiento de esta pol\u00edtica<\/strong><\/p>\n<p>Cuando consideramos que se ha producido un incumplimiento de esta pol\u00edtica de uso aceptable, podemos tomar las medidas que consideremos apropiadas.<\/p>\n<p>El incumplimiento de esta pol\u00edtica de uso aceptable constituye un incumplimiento sustancial de los t\u00e9rminos de uso (para los usuarios) o del Acuerdo de suministro de servicios correspondiente (para los proveedores de contenido) en el que se le permite utilizar nuestro sitio, y puede resultar en que tomemos todos o cualquiera de las siguientes acciones:<\/p>\n<ul>\n<li>Retirada inmediata, temporal o permanente de su derecho a utilizar nuestro sitio.<\/li>\n<li>Eliminaci\u00f3n inmediata, temporal o permanente de cualquier Contribuci\u00f3n cargada por usted en nuestro sitio.<\/li>\n<li>Emisi\u00f3n de una advertencia para ti.<\/li>\n<li>Procedimientos legales en su contra para el reembolso de todos los costos a t\u00edtulo de indemnizaci\u00f3n (incluidos, entre otros, los costos administrativos y legales razonables) que resulten del incumplimiento.<\/li>\n<li>M\u00e1s acciones legales en su contra.<\/li>\n<li>Divulgaci\u00f3n de dicha informaci\u00f3n a las autoridades encargadas de hacer cumplir la ley seg\u00fan lo consideremos razonablemente necesario o seg\u00fan lo requiera la ley.<\/li>\n<\/ul>\n<p>Excluimos nuestra responsabilidad por todas las acciones que podamos tomar en respuesta a incumplimientos de esta pol\u00edtica de uso aceptable. Las acciones que podemos tomar no se limitan a las descritas anteriormente, y podemos tomar cualquier otra acci\u00f3n que consideremos razonablemente apropiada.<\/p>\n<p><strong>\u00bfQu\u00e9 leyes del pa\u00eds se aplican a cualquier disputa?<\/strong><\/p>\n<p>Si es un consumidor, tenga en cuenta que los t\u00e9rminos de esta pol\u00edtica, su objeto y su formaci\u00f3n se rigen por la ley inglesa. Usted y nosotros estamos de acuerdo en que los tribunales de Inglaterra y Gales tendr\u00e1n jurisdicci\u00f3n exclusiva, excepto que si usted es residente de Irlanda del Norte tambi\u00e9n puede iniciar un procedimiento en Irlanda del Norte, y si es residente de Escocia, tambi\u00e9n puede iniciar un procedimiento en Escocia. .<\/p>\n<p>Si es una empresa, los t\u00e9rminos de esta pol\u00edtica, su objeto y su formaci\u00f3n (y cualquier disputa o reclamaci\u00f3n no contractual) se rigen por la ley inglesa. Ambos aceptamos la jurisdicci\u00f3n exclusiva de los tribunales de Inglaterra y Gales.<\/p>\n<\/div>\n<\/div>\n<\/div>\n<\/div>\n<\/section>\n","protected":false},"excerpt":{"rendered":"<p>Pol\u00edtica de uso aceptable del sitio web &nbsp; Pol\u00edtica de uso aceptable del sitio web: Alcance de Cliff College POR FAVOR LEA LOS T\u00c9RMINOS DE ESTA POL\u00cdTICA DETENIDAMENTE ANTES DE UTILIZAR EL SITIO \u00bfQu\u00e9 hay en estos t\u00e9rminos? This acceptable . . .<\/p>\n","protected":false},"author":1,"featured_media":0,"parent":0,"menu_order":0,"comment_status":"closed","ping_status":"closed","template":"","meta":{"_acf_changed":false,"footnotes":""},"class_list":["post-1623","page","type-page","status-publish","hentry"],"acf":[],"_links":{"self":[{"href":"https:\/\/theologyx.com\/es\/wp-json\/wp\/v2\/pages\/1623"}],"collection":[{"href":"https:\/\/theologyx.com\/es\/wp-json\/wp\/v2\/pages"}],"about":[{"href":"https:\/\/theologyx.com\/es\/wp-json\/wp\/v2\/types\/page"}],"author":[{"embeddable":true,"href":"https:\/\/theologyx.com\/es\/wp-json\/wp\/v2\/users\/1"}],"replies":[{"embeddable":true,"href":"https:\/\/theologyx.com\/es\/wp-json\/wp\/v2\/comments?post=1623"}],"version-history":[{"count":1,"href":"https:\/\/theologyx.com\/es\/wp-json\/wp\/v2\/pages\/1623\/revisions"}],"predecessor-version":[{"id":1624,"href":"https:\/\/theologyx.com\/es\/wp-json\/wp\/v2\/pages\/1623\/revisions\/1624"}],"wp:attachment":[{"href":"https:\/\/theologyx.com\/es\/wp-json\/wp\/v2\/media?parent=1623"}],"curies":[{"name":"wp","href":"https:\/\/api.w.org\/{rel}","templated":true}]}}