{"id":1586,"date":"2021-11-29T11:51:59","date_gmt":"2021-11-29T11:51:59","guid":{"rendered":"https:\/\/theologyx.com\/?page_id=1586"},"modified":"2021-11-29T11:53:47","modified_gmt":"2021-11-29T11:53:47","slug":"ayuda-para-iniciar-sesion","status":"publish","type":"page","link":"https:\/\/theologyx.com\/es\/ayuda-para-iniciar-sesion\/","title":{"rendered":"Ayuda para iniciar sesi\u00f3n"},"content":{"rendered":"\t\t<div data-elementor-type=\"wp-page\" data-elementor-id=\"1586\" class=\"elementor elementor-1586 elementor-678\" data-elementor-post-type=\"page\">\n\t\t\t\t\t\t<section class=\"elementor-section elementor-top-section elementor-element elementor-element-660c4ee elementor-section-boxed elementor-section-height-default elementor-section-height-default\" data-id=\"660c4ee\" data-element_type=\"section\">\n\t\t\t\t\t\t<div class=\"elementor-container elementor-column-gap-default\">\n\t\t\t\t\t<div class=\"elementor-column elementor-col-100 elementor-top-column elementor-element elementor-element-1d61f98\" data-id=\"1d61f98\" data-element_type=\"column\">\n\t\t\t<div class=\"elementor-widget-wrap elementor-element-populated\">\n\t\t\t\t\t\t<section class=\"elementor-section elementor-inner-section elementor-element elementor-element-3b1d47d elementor-section-boxed elementor-section-height-default elementor-section-height-default\" data-id=\"3b1d47d\" data-element_type=\"section\">\n\t\t\t\t\t\t<div class=\"elementor-container elementor-column-gap-default\">\n\t\t\t\t\t<div class=\"elementor-column elementor-col-50 elementor-inner-column elementor-element elementor-element-d30f3bb\" data-id=\"d30f3bb\" data-element_type=\"column\">\n\t\t\t<div class=\"elementor-widget-wrap elementor-element-populated\">\n\t\t\t\t\t\t<div class=\"elementor-element elementor-element-7df69f3 elementor-widget elementor-widget-spacer\" data-id=\"7df69f3\" data-element_type=\"widget\" data-widget_type=\"spacer.default\">\n\t\t\t\t<div class=\"elementor-widget-container\">\n\t\t\t\t\t<div class=\"elementor-spacer\">\n\t\t\t<div class=\"elementor-spacer-inner\"><\/div>\n\t\t<\/div>\n\t\t\t\t<\/div>\n\t\t\t\t<\/div>\n\t\t\t\t<div class=\"elementor-element elementor-element-0925141 elementor-view-default elementor-invisible elementor-widget elementor-widget-icon\" data-id=\"0925141\" data-element_type=\"widget\" data-settings=\"{&quot;_animation&quot;:&quot;fadeInLeft&quot;}\" data-widget_type=\"icon.default\">\n\t\t\t\t<div class=\"elementor-widget-container\">\n\t\t\t\t\t<div class=\"elementor-icon-wrapper\">\n\t\t\t<div class=\"elementor-icon\">\n\t\t\t<i aria-hidden=\"true\" class=\"fas fa-briefcase-medical\"><\/i>\t\t\t<\/div>\n\t\t<\/div>\n\t\t\t\t<\/div>\n\t\t\t\t<\/div>\n\t\t\t\t\t<\/div>\n\t\t<\/div>\n\t\t\t\t<div class=\"elementor-column elementor-col-50 elementor-inner-column elementor-element elementor-element-e3d8f68\" data-id=\"e3d8f68\" data-element_type=\"column\">\n\t\t\t<div class=\"elementor-widget-wrap elementor-element-populated\">\n\t\t\t\t\t\t<div class=\"elementor-element elementor-element-2a95bda elementor-invisible elementor-widget elementor-widget-text-editor\" data-id=\"2a95bda\" data-element_type=\"widget\" data-settings=\"{&quot;_animation&quot;:&quot;fadeIn&quot;}\" data-widget_type=\"text-editor.default\">\n\t\t\t\t<div class=\"elementor-widget-container\">\n\t\t\t\t\t\t\t<p><strong>\u00a1Nos complace darle la bienvenida a nuestro sitio web relanzado!<\/strong><\/p><p>Si era usuario de nuestro sitio web anterior, deber\u00eda poder iniciar sesi\u00f3n con sus credenciales anteriores.<\/p><p>Si encuentra que la p\u00e1gina de inicio de sesi\u00f3n est\u00e1 en bucle, primero intente borrar la memoria cach\u00e9 de su navegador o use un navegador diferente. Encontramos que Chrome o Firefox funcionan mejor.<\/p><p>Si esto no funciona o no puede recordar su contrase\u00f1a, \u00a1no se preocupe! Haga clic en &#8216;Necesita ayuda para iniciar sesi\u00f3n&#8217; en la p\u00e1gina de inicio de sesi\u00f3n y podr\u00e1 solicitar un correo electr\u00f3nico de recuperaci\u00f3n de contrase\u00f1a.<\/p><p>Por \u00faltimo, si nada de esto ha funcionado, puede enviarnos un correo electr\u00f3nico a info@theologyx.com y le ayudaremos.<\/p>\t\t\t\t\t\t<\/div>\n\t\t\t\t<\/div>\n\t\t\t\t\t<\/div>\n\t\t<\/div>\n\t\t\t\t\t<\/div>\n\t\t<\/section>\n\t\t\t\t\t<\/div>\n\t\t<\/div>\n\t\t\t\t\t<\/div>\n\t\t<\/section>\n\t\t\t\t<\/div>\n\t\t","protected":false},"excerpt":{"rendered":"<p>\u00a1Nos complace darle la bienvenida a nuestro sitio web relanzado! Si era usuario de nuestro sitio web anterior, deber\u00eda poder iniciar sesi\u00f3n con sus credenciales anteriores. Si encuentra que la p\u00e1gina de inicio de sesi\u00f3n est\u00e1 en bucle, primero intente . . .<\/p>\n","protected":false},"author":1,"featured_media":0,"parent":0,"menu_order":0,"comment_status":"closed","ping_status":"closed","template":"","meta":{"_acf_changed":false,"footnotes":""},"class_list":["post-1586","page","type-page","status-publish","hentry"],"acf":[],"_links":{"self":[{"href":"https:\/\/theologyx.com\/es\/wp-json\/wp\/v2\/pages\/1586"}],"collection":[{"href":"https:\/\/theologyx.com\/es\/wp-json\/wp\/v2\/pages"}],"about":[{"href":"https:\/\/theologyx.com\/es\/wp-json\/wp\/v2\/types\/page"}],"author":[{"embeddable":true,"href":"https:\/\/theologyx.com\/es\/wp-json\/wp\/v2\/users\/1"}],"replies":[{"embeddable":true,"href":"https:\/\/theologyx.com\/es\/wp-json\/wp\/v2\/comments?post=1586"}],"version-history":[{"count":5,"href":"https:\/\/theologyx.com\/es\/wp-json\/wp\/v2\/pages\/1586\/revisions"}],"predecessor-version":[{"id":1591,"href":"https:\/\/theologyx.com\/es\/wp-json\/wp\/v2\/pages\/1586\/revisions\/1591"}],"wp:attachment":[{"href":"https:\/\/theologyx.com\/es\/wp-json\/wp\/v2\/media?parent=1586"}],"curies":[{"name":"wp","href":"https:\/\/api.w.org\/{rel}","templated":true}]}}