{"id":1582,"date":"2021-11-29T11:33:08","date_gmt":"2021-11-29T11:33:08","guid":{"rendered":"https:\/\/theologyx.com\/?page_id=1582"},"modified":"2021-11-29T11:50:52","modified_gmt":"2021-11-29T11:50:52","slug":"condiciones-generales-de-uso","status":"publish","type":"page","link":"https:\/\/theologyx.com\/es\/condiciones-generales-de-uso\/","title":{"rendered":"Condiciones generales de uso"},"content":{"rendered":"<div class=\"page-heading\">\n<h1>Condiciones generales de uso del sitio web<\/h1>\n<\/div>\n<section class=\"static-content\">\n<div class=\"grid-manual grid-container\">\n<div class=\"inner-container\">\n<div class=\"row\">\n<div class=\"col col-12 sm-col-12 md-col-3\"><\/div>\n<div class=\"col col-12 sm-col-12 md-col-9\">\n<p><strong>POR FAVOR LEA ESTOS T\u00c9RMINOS Y CONDICIONES DETENIDAMENTE ANTES DE UTILIZAR ESTE SITIO<\/strong><\/p>\n<p><strong>Qui\u00e9nes somos y c\u00f3mo contactarnos<\/strong><\/p>\n<p>www.theologyx.com es un sitio operado por Cliff College Outreach (&#8220;Nosotros&#8221;). Estamos registrados en Inglaterra y Gales con el n\u00famero de empresa 02331438 y tenemos nuestra oficina registrada en Cliff College, Calver, Hope Valley, Derbyshire, S32 3XG.<\/p>\n<p>Somos una empresa privada limitada por garant\u00eda sin capital social.<\/p>\n<p>Para contactarnos, env\u00ede un correo electr\u00f3nico a info@theologyx.com o llame al 01246584200.<\/p>\n<p>Si tenemos que comunicarnos con usted, lo haremos por tel\u00e9fono o escribi\u00e9ndole a la direcci\u00f3n de correo electr\u00f3nico o direcci\u00f3n postal que nos proporcion\u00f3 en su solicitud de registro.<\/p>\n<p>Cuando usamos las palabras &#8220;escrito&#8221; o &#8220;escrito&#8221; en estos t\u00e9rminos, esto incluye los correos electr\u00f3nicos.<\/p>\n<p><strong>About\u00a0<a href=\"http:\/\/www.theologyx.com\/\"><em>www.theologyx.com<\/em><\/a><\/strong><\/p>\n<p>Nuestro sitio permite a los usuarios registrados acceder a materiales educativos de una variedad de proveedores de contenido de terceros. Nuestro sitio tiene como objetivo proporcionar una plataforma o &#8220;mercado&#8221; donde pueda acceder a una variedad de materiales y cursos educativos, todo en un solo lugar. No le cobramos por acceder al &#8220;mercado&#8221; en nuestro sitio, pero los proveedores de contenido de terceros pueden cobrarle por acceder a los materiales educativos proporcionados por ellos y al que se accede a trav\u00e9s de nuestro sitio.<\/p>\n<p>Si bien nuestro objetivo es trabajar con proveedores de contenido que proporcionar\u00e1n contenido de calidad para nuestro sitio, no brindamos ninguna recomendaci\u00f3n o respaldo para ning\u00fan proveedor de contenido de terceros o el contenido que brindan para nuestro sitio.<\/p>\n<p>Ofrecemos un &#8220;mercado&#8221; para materiales educativos; si planea acceder a materiales proporcionados por un proveedor de contenido externo, debe verificar sus t\u00e9rminos y condiciones para asegurarse de que est\u00e1 satisfecho con ellos, ya que contratar\u00e1 directamente con el proveedor de contenido externo.<\/p>\n<p>Si desea convertirse en un usuario registrado de nuestro sitio (lo que le permite acceder a materiales proporcionados por proveedores de contenido de terceros), debe completar un formulario de solicitud en l\u00ednea. Si aceptamos su solicitud para convertirse en un usuario registrado de nuestro sitio, le enviaremos un correo electr\u00f3nico para confirmar su registro O ver\u00e1 un mensaje en la pantalla confirmando su registro.<\/p>\n<p>Si no podemos aceptar su solicitud para convertirnos en un usuario registrado, se lo informaremos por escrito.<\/p>\n<p><strong>Al utilizar nuestro sitio, acepta estos t\u00e9rminos<\/strong><\/p>\n<p>Al utilizar nuestro sitio, confirma que acepta estos t\u00e9rminos de uso y que acepta cumplirlos.<\/p>\n<p>Si no est\u00e1 de acuerdo con estos t\u00e9rminos, no debe utilizar nuestro sitio.<\/p>\n<p>Le recomendamos que imprima una copia de estos t\u00e9rminos para referencia futura.<\/p>\n<p><strong>Hay otros t\u00e9rminos que pueden desempe\u00f1ar a usted<\/strong><\/p>\n<p>Estos t\u00e9rminos de uso se refieren a los siguientes t\u00e9rminos adicionales, que tambi\u00e9n se aplican a su uso de nuestro sitio:<\/p>\n<ul>\n<li>Nuestra pol\u00edtica de privacidad https:\/\/www.theologyx.com\/privacy-policy. Consulte m\u00e1s informaci\u00f3n en C\u00f3mo podemos utilizar su informaci\u00f3n personal.<\/li>\n<li>Nuestra Pol\u00edtica de uso aceptable https:\/\/theologyx.com\/website-use-policy\/, que establece los usos permitidos y prohibidos de nuestro sitio. Al utilizar nuestro sitio, debe cumplir con esta Pol\u00edtica de uso aceptable.<\/li>\n<li>Nuestra Pol\u00edtica de cookies https:\/\/www.theologyx.com\/cookies., Que establece informaci\u00f3n sobre las cookies en nuestro sitio.<\/li>\n<\/ul>\n<p>Si se registra como usuario en nuestro sitio (es decir, para acceder a contenido \/ cursos proporcionados por terceros), se le aplicar\u00e1n los t\u00e9rminos y condiciones de los proveedores de contenido de terceros. Cuando accede al contenido \/ cursos proporcionados por proveedores de contenido de terceros, su contrato es con dicho proveedor de contenido de terceros y no con nosotros.<\/p>\n<p>Si proporciona contenido para nuestro sitio, se aplicar\u00e1n nuestros t\u00e9rminos y condiciones para proveedores de contenido.<\/p>\n<p><strong>Podemos hacer cambios a estos t\u00e9rminos.<\/strong><\/p>\n<p>Modificamos estos t\u00e9rminos de vez en cuando. Cada vez que desee utilizar nuestro sitio, consulte estos t\u00e9rminos para asegurarse de que comprende los t\u00e9rminos que se aplican en ese momento. Estos t\u00e9rminos se actualizaron por \u00faltima vez el [16\/04\/2020].<\/p>\n<p>Podemos realizar cambios en nuestro sitio.<\/p>\n<p>Podemos actualizar y cambiar nuestro sitio de vez en cuando para reflejar los cambios en nuestros productos, las necesidades de nuestros usuarios y nuestras prioridades comerciales.<\/p>\n<p><strong>Podemos suspender o retirar nuestro sitio.<\/strong><\/p>\n<p>Parte del contenido de nuestro sitio est\u00e1 disponible de forma gratuita.<\/p>\n<p>We do not guarantee that our site, or any content on it, will always be available or be uninterrupted. We may suspend or withdraw or restrict the availability of all or any part of our site for business and operational reasons. We will try to give you reasonable notice of any suspension or withdrawal.<\/p>\n<p>You are also responsible for ensuring that all persons who access our site through your internet connection are aware of these terms of use and other applicable terms and conditions, and that they comply with them.<\/p>\n<p>&nbsp;<\/p>\n<p><strong>Debe mantener seguros los datos de su cuenta<\/strong><\/p>\n<p>Si elige, o se le proporciona, un c\u00f3digo de identificaci\u00f3n de usuario, contrase\u00f1a o cualquier otra informaci\u00f3n como parte de nuestros procedimientos de seguridad, debe tratar dicha informaci\u00f3n como confidencial. No debe divulgarlo a ning\u00fan tercero.<\/p>\n<p>Tenemos el derecho de deshabilitar cualquier c\u00f3digo de identificaci\u00f3n de usuario o contrase\u00f1a, ya sea que usted elija o asigne nosotros, en cualquier momento, si en nuestra opini\u00f3n razonable no ha cumplido con alguna de las disposiciones de estos t\u00e9rminos de uso.<\/p>\n<p>Si sabe o sospecha que alguien que no sea usted conoce su c\u00f3digo de identificaci\u00f3n de usuario o contrase\u00f1a, debe notificarnos de inmediato a info@theologyx.com.<\/p>\n<p><strong>C\u00f3mo puede utilizar el material de nuestro sitio<\/strong><\/p>\n<p>Nosotros (o nuestros proveedores de contenido de terceros) somos el propietario o el licenciatario de todos los derechos de propiedad intelectual en nuestro sitio y en el material publicado en \u00e9l. Esas obras est\u00e1n protegidas por leyes y tratados de derechos de autor en todo el mundo. Todos los derechos est\u00e1n reservados.<\/p>\n<p>Puede imprimir una copia y descargar extractos de cualquier p\u00e1gina de nuestro sitio para su uso personal y puede llamar la atenci\u00f3n de otros dentro de su organizaci\u00f3n sobre el contenido publicado en nuestro sitio.<\/p>\n<p>No debe modificar las copias en papel o digitales de ning\u00fan material que haya impreso o descargado de ninguna manera, y no debe utilizar ilustraciones, fotograf\u00edas, secuencias de video o audio o gr\u00e1ficos por separado del texto que lo acompa\u00f1a.<\/p>\n<p>Siempre se debe reconocer nuestro estado (y el de cualquier proveedor de contenido de terceros identificado) como autores del contenido de nuestro sitio.<\/p>\n<p>No debe utilizar ninguna parte del contenido de nuestro sitio con fines comerciales sin obtener una licencia para hacerlo de nosotros o de nuestros licenciantes.<\/p>\n<p>Si imprime, copia o descarga cualquier parte de nuestro sitio en violaci\u00f3n de estos t\u00e9rminos de uso, su derecho a usar nuestro sitio cesar\u00e1 inmediatamente y deber\u00e1, a nuestra opci\u00f3n, devolver o destruir cualquier copia de los materiales que haya realizado.<\/p>\n<p><strong>No conf\u00ede en la informaci\u00f3n de este sitio<\/strong><\/p>\n<p>El contenido de nuestro sitio se proporciona solo para informaci\u00f3n general. No pretende ser un consejo en el que deba confiar. Debe obtener asesoramiento profesional o especializado antes de tomar o abstenerse de cualquier acci\u00f3n basada en el contenido de nuestro sitio.<\/p>\n<p>Aunque hacemos esfuerzos razonables para actualizar la informaci\u00f3n en nuestro sitio, no hacemos declaraciones, garant\u00edas o garant\u00edas, ya sean expresas o impl\u00edcitas, de que el contenido de nuestro sitio sea exacto, completo o actualizado.<\/p>\n<p><strong>No somos responsables de los sitios web a los que enlazamos<\/strong><\/p>\n<p>Cuando nuestro sitio contiene enlaces a otros sitios y recursos proporcionados por terceros, estos enlaces se proporcionan solo para su informaci\u00f3n. Dichos enlaces no deben interpretarse como una aprobaci\u00f3n por nuestra parte de esos sitios web vinculados o la informaci\u00f3n que pueda obtener de ellos.<\/p>\n<p>No tenemos control sobre el contenido de esos sitios o recursos.<\/p>\n<p><strong>El contenido generado por el usuario no est\u00e1 aprobado por nosotros<\/strong><\/p>\n<p>Este sitio web puede incluir informaci\u00f3n y materiales cargados por otros usuarios del sitio, incluidos tableros de anuncios y salas de chat. Esta informaci\u00f3n y estos materiales no han sido verificados ni aprobados por nosotros. Las opiniones expresadas por otros usuarios en nuestro sitio no representan nuestras opiniones o valores.<\/p>\n<p>Si desea presentar una queja sobre la informaci\u00f3n y los materiales cargados por otros usuarios, cont\u00e1ctenos en info@theologyx.com.<\/p>\n<p>Nuestra responsabilidad por las p\u00e9rdidas o da\u00f1os sufridos por usted<\/p>\n<p><strong>Ya sea un consumidor o un usuario comercial:<\/strong><\/p>\n<ul>\n<li>No excluimos ni limitamos de ninguna manera nuestra responsabilidad hacia usted cuando sea ilegal hacerlo. Esto incluye responsabilidad por muerte o lesiones personales causadas por nuestra negligencia o la negligencia de nuestros empleados, agentes o subcontratistas y por fraude o tergiversaci\u00f3n fraudulenta.<\/li>\n<li>Es posible que se le apliquen diferentes limitaciones y exclusiones de responsabilidad si es un proveedor de contenido; estos se pueden encontrar en el Acuerdo de suministro de servicios celebrado por usted y nosotros.<\/li>\n<\/ul>\n<p><strong>Si es un usuario empresarial:<\/strong><\/p>\n<ul>\n<li>Excluimos todas las condiciones impl\u00edcitas, garant\u00edas, representaciones u otros t\u00e9rminos que puedan aplicarse a nuestro sitio o cualquier contenido en \u00e9l.<\/li>\n<li>No seremos responsables ante usted por ninguna p\u00e9rdida o da\u00f1o, ya sea por contrato, agravio (incluida la negligencia), incumplimiento de la obligaci\u00f3n legal o de otro modo, incluso si es previsible, que surja de o en conexi\u00f3n con:<\/li>\n<li>uso o imposibilidad de usar nuestro sitio; o<\/li>\n<li>uso o dependencia de cualquier contenido mostrado en nuestro sitio.<\/li>\n<li>En particular, no seremos responsables de:<\/li>\n<li>p\u00e9rdida de ganancias, ventas, negocios o ingresos;<\/li>\n<li>interrupci\u00f3n del negocio;<\/li>\n<li>p\u00e9rdida de ahorros anticipados;<\/li>\n<li>p\u00e9rdida de oportunidad comercial, buena voluntad o reputaci\u00f3n; o<\/li>\n<li>cualquier p\u00e9rdida o da\u00f1o indirecto o consecuente<\/li>\n<\/ul>\n<\/div>\n<p><strong>Si es un usuario consumidor:<\/strong><\/p>\n<ul>\n<li>Tenga en cuenta que solo proporcionamos nuestro sitio para uso dom\u00e9stico y privado. Usted acepta no utilizar nuestro sitio para fines comerciales o comerciales, y no tenemos ninguna responsabilidad ante usted por cualquier p\u00e9rdida de ganancias, p\u00e9rdida de negocios, interrupci\u00f3n de negocios o p\u00e9rdida de oportunidades comerciales.<\/li>\n<\/ul>\n<div class=\"col col-12 sm-col-12 md-col-9\">\n<p><strong>C\u00f3mo podemos utilizar su informaci\u00f3n personal<\/strong><\/p>\n<p>Solo usaremos su informaci\u00f3n personal como se establece en nuestra https:\/\/theologyx.com\/privacy-policy\/.<\/p>\n<p><strong>Subiendo contenido a nuestro sitio<\/strong><\/p>\n<p>Siempre que haga uso de una funci\u00f3n que le permita cargar contenido en nuestro sitio, o ponerse en contacto con otros usuarios de nuestro sitio, debe cumplir con los est\u00e1ndares de contenido establecidos en nuestra Pol\u00edtica de uso aceptable https:\/\/theologyx.com\/ pol\u00edtica-de-uso-del-sitio-web \/.<\/p>\n<p>Usted garantiza que dicha contribuci\u00f3n cumple con esos est\u00e1ndares, y ser\u00e1 responsable ante nosotros y nos indemnizar\u00e1 por cualquier incumplimiento de esa garant\u00eda. Esto significa que usted ser\u00e1 responsable de cualquier p\u00e9rdida o da\u00f1o que suframos como resultado de su incumplimiento de la garant\u00eda.<\/p>\n<p>Cualquier contenido que cargue en nuestro sitio se considerar\u00e1 no confidencial y no propietario. Usted conserva todos sus derechos de propiedad sobre su contenido, pero debe otorgarnos a nosotros y a otros usuarios de nuestro sitio una licencia limitada para usar, almacenar y copiar ese contenido y distribuirlo y ponerlo a disposici\u00f3n de terceros. Los derechos que nos otorga la licencia se describen en Derechos que nos otorga para usar el material que carga https:\/\/theologyx.com\/website-use-policy\/.<\/p>\n<p>Tambi\u00e9n tenemos derecho a revelar su identidad a cualquier tercero que afirme que cualquier contenido publicado o cargado por usted en nuestro sitio constituye una violaci\u00f3n de sus derechos de propiedad intelectual o de su derecho a la privacidad.<\/p>\n<p>Tenemos derecho a eliminar cualquier publicaci\u00f3n que realice en nuestro sitio si, en nuestra opini\u00f3n, su publicaci\u00f3n no cumple con los est\u00e1ndares de contenido establecidos en nuestra Pol\u00edtica de uso aceptable https:\/\/theologyx.com\/website-use-policy\/.<\/p>\n<p>Usted es el \u00fanico responsable de proteger y realizar copias de seguridad de su contenido.<\/p>\n<p><strong>Derechos que nos otorga para utilizar el material que carga<\/strong><\/p>\n<p>Cuando carga o publica contenido en nuestro sitio, nos otorga derechos para usar ese contenido en nuestro material promocional y en nuestro sitio en general.<\/p>\n<p><strong>No somos responsables de los virus y no debes introducirlos.<\/strong><\/p>\n<p>No garantizamos que nuestro sitio sea seguro o est\u00e9 libre de errores o virus.<\/p>\n<p>Usted es responsable de configurar su tecnolog\u00eda de informaci\u00f3n, programas de computadora y plataforma para acceder a nuestro sitio. Debe utilizar su propio software de protecci\u00f3n antivirus.<\/p>\n<p>No debe hacer un mal uso de nuestro sitio introduciendo a sabiendas virus, troyanos, gusanos, bombas l\u00f3gicas u otro material que sea malicioso o tecnol\u00f3gicamente da\u00f1ino. No debe intentar obtener acceso no autorizado a nuestro sitio, el servidor en el que se almacena nuestro sitio o cualquier servidor, computadora o base de datos conectada a nuestro sitio. No debe atacar nuestro sitio mediante un ataque de denegaci\u00f3n de servicio o un ataque de denegaci\u00f3n de servicio distribuido. Al infringir esta disposici\u00f3n, cometer\u00eda un delito en virtud de la Ley de uso indebido de computadoras de 1990. Informaremos de dicha infracci\u00f3n a las autoridades policiales pertinentes y cooperaremos con esas autoridades revel\u00e1ndoles su identidad. En caso de tal incumplimiento, su derecho a utilizar nuestro sitio cesar\u00e1 de inmediato.<\/p>\n<p><strong>Reglas sobre la vinculaci\u00f3n a nuestro sitio<\/strong><\/p>\n<p>Puede vincular a nuestra p\u00e1gina de inicio, siempre que lo haga de una manera que sea justa y legal y no da\u00f1e nuestra reputaci\u00f3n ni se aproveche de ella.<\/p>\n<p>No debe establecer un enlace de manera que sugiera cualquier forma de asociaci\u00f3n, aprobaci\u00f3n o respaldo de nuestra parte donde no exista.<\/p>\n<p>No debe establecer un enlace a nuestro sitio en ning\u00fan sitio web que no sea de su propiedad.<\/p>\n<p>Nuestro sitio no debe estar enmarcado en ning\u00fan otro sitio, ni puede crear un enlace a ninguna parte de nuestro sitio que no sea la p\u00e1gina de inicio.<\/p>\n<p>Nos reservamos el derecho de retirar el permiso de vinculaci\u00f3n sin previo aviso.<\/p>\n<p>El sitio web en el que se vincula debe cumplir en todos los aspectos con los est\u00e1ndares de contenido establecidos en nuestra Pol\u00edtica de uso aceptable https:\/\/theologyx.com\/website-use-policy\/.<\/p>\n<p>Si desea vincular o hacer uso del contenido de nuestro sitio que no sea el establecido anteriormente, comun\u00edquese con info@theologyx.com.<\/p>\n<p><strong>\u00bfQu\u00e9 leyes del pa\u00eds se aplican a cualquier disputa?<\/strong><\/p>\n<p>Si es un consumidor, tenga en cuenta que estos t\u00e9rminos de uso, su contenido y su formaci\u00f3n se rigen por la ley inglesa. Usted y nosotros estamos de acuerdo en que los tribunales de Inglaterra y Gales tendr\u00e1n jurisdicci\u00f3n exclusiva, excepto que si usted es residente de Irlanda del Norte tambi\u00e9n puede iniciar un procedimiento en Irlanda del Norte, y si es residente de Escocia, tambi\u00e9n puede iniciar un procedimiento en Escocia. .<\/p>\n<p>Si es una empresa, estos t\u00e9rminos de uso, su objeto y su formaci\u00f3n (y cualquier disputa o reclamaci\u00f3n no contractual) se rigen por la ley inglesa. Ambos aceptamos la jurisdicci\u00f3n exclusiva de los tribunales de Inglaterra y Gales.<\/p>\n<p><strong>Nuestras marcas comerciales est\u00e1n registradas<\/strong><\/p>\n<p>UK00003457796 y [&#8220;TRADE MARK 2&#8221;] son \u200b\u200bmarcas comerciales registradas en el Reino Unido [y EE. UU.] De Cliff College Outreach. No se le permite usar nuestras marcas comerciales sin nuestra aprobaci\u00f3n, a menos que sean parte del material que est\u00e1 usando seg\u00fan lo permitido en C\u00f3mo puede usar el material en nuestro sitio.<\/p>\n<\/div>\n<\/div>\n<\/div>\n<\/div>\n<\/section>\n","protected":false},"excerpt":{"rendered":"<p>Condiciones generales de uso del sitio web POR FAVOR LEA ESTOS T\u00c9RMINOS Y CONDICIONES DETENIDAMENTE ANTES DE UTILIZAR ESTE SITIO Qui\u00e9nes somos y c\u00f3mo contactarnos www.theologyx.com es un sitio operado por Cliff College Outreach (&#8220;Nosotros&#8221;). Estamos registrados en Inglaterra y . . .<\/p>\n","protected":false},"author":1,"featured_media":0,"parent":0,"menu_order":0,"comment_status":"closed","ping_status":"closed","template":"","meta":{"_acf_changed":false,"footnotes":""},"class_list":["post-1582","page","type-page","status-publish","hentry"],"acf":[],"_links":{"self":[{"href":"https:\/\/theologyx.com\/es\/wp-json\/wp\/v2\/pages\/1582"}],"collection":[{"href":"https:\/\/theologyx.com\/es\/wp-json\/wp\/v2\/pages"}],"about":[{"href":"https:\/\/theologyx.com\/es\/wp-json\/wp\/v2\/types\/page"}],"author":[{"embeddable":true,"href":"https:\/\/theologyx.com\/es\/wp-json\/wp\/v2\/users\/1"}],"replies":[{"embeddable":true,"href":"https:\/\/theologyx.com\/es\/wp-json\/wp\/v2\/comments?post=1582"}],"version-history":[{"count":3,"href":"https:\/\/theologyx.com\/es\/wp-json\/wp\/v2\/pages\/1582\/revisions"}],"predecessor-version":[{"id":1585,"href":"https:\/\/theologyx.com\/es\/wp-json\/wp\/v2\/pages\/1582\/revisions\/1585"}],"wp:attachment":[{"href":"https:\/\/theologyx.com\/es\/wp-json\/wp\/v2\/media?parent=1582"}],"curies":[{"name":"wp","href":"https:\/\/api.w.org\/{rel}","templated":true}]}}