{"id":1561,"date":"2021-11-29T06:48:48","date_gmt":"2021-11-29T06:48:48","guid":{"rendered":"https:\/\/theologyx.com\/?page_id=1561"},"modified":"2021-11-29T06:53:46","modified_gmt":"2021-11-29T06:53:46","slug":"galletas","status":"publish","type":"page","link":"https:\/\/theologyx.com\/es\/galletas\/","title":{"rendered":"Galletas"},"content":{"rendered":"<div class=\"page-heading\">\n<h1>Pol\u00edtica de cookies<\/h1>\n<\/div>\n<section class=\"static-content\">\n<div class=\"grid-manual grid-container\">\n<div class=\"inner-container\">\n<div class=\"row\">\n<div class=\"col col-12 sm-col-12 md-col-3\"><\/div>\n<div class=\"col col-12 sm-col-12 md-col-9\">\n<p><strong>Pol\u00edtica de cookies: Alcance de Cliff College<\/strong><\/p>\n<p>Nuestro sitio web utiliza cookies para distinguirlo de otros usuarios de nuestro sitio web. Esto nos ayuda a brindarle una buena experiencia cuando navega por nuestro sitio web y tambi\u00e9n nos permite mejorar nuestro sitio.<\/p>\n<p>Una cookie es un peque\u00f1o archivo de letras y n\u00fameros que almacenamos en su navegador o en el disco duro de su computadora si est\u00e1 de acuerdo. Las cookies contienen informaci\u00f3n que se transfiere al disco duro de su computadora.<\/p>\n<p>Usamos las siguientes cookies:<\/p>\n<ul>\n<li><strong>Cookies estrictamente necesarias<\/strong>. Son cookies necesarias para el funcionamiento de nuestro sitio web. Incluyen, por ejemplo, cookies que le permiten iniciar sesi\u00f3n en \u00e1reas seguras de nuestro sitio web, usar un carrito de compras o hacer uso de servicios de facturaci\u00f3n electr\u00f3nica.<\/li>\n<li><strong>Cookies anal\u00edticas o de rendimiento.<\/strong> Estos nos permiten reconocer y contar el n\u00famero de visitantes y ver c\u00f3mo los visitantes se mueven por nuestro sitio web cuando lo utilizan. Esto nos ayuda a mejorar el funcionamiento de nuestro sitio web, por ejemplo, garantizando que los usuarios encuentren lo que buscan f\u00e1cilmente.<\/li>\n<li><strong>Cookies de funcionalidad<\/strong>. Estos se utilizan para reconocerlo cuando regresa a nuestro sitio web. Esto nos permite personalizar nuestro contenido para usted, saludarlo por su nombre y recordar sus preferencias (por ejemplo, su elecci\u00f3n de idioma o regi\u00f3n).<\/li>\n<li><strong>Orientaci\u00f3n a las cookies<\/strong>. Estas cookies registran su visita a nuestro sitio web, las p\u00e1ginas que ha visitado y los enlaces que ha seguido. Usaremos esta informaci\u00f3n para hacer que nuestro sitio web y la publicidad que se muestra en \u00e9l sean m\u00e1s relevantes para sus intereses. Tambi\u00e9n podemos compartir esta informaci\u00f3n con terceros para este prop\u00f3sito.<\/li>\n<\/ul>\n<p>Puede encontrar m\u00e1s informaci\u00f3n sobre las cookies individuales que usamos y los fines para los que las usamos en la siguiente tabla:<\/p>\n<table>\n<tbody>\n<tr>\n<td><strong>T\u00edtulo de la cookie Nombre de la cookie<\/strong><\/td>\n<td><strong>Objetivo<\/strong><\/td>\n<\/tr>\n<tr>\n<td>[COOKIE TITLE][COOKIE NAME]<\/td>\n<td>Ejemplos de fines para los que se puede utilizar una cookie: Esta cookie nos permite:<\/p>\n<p>(a) Calcule el tama\u00f1o de nuestra audiencia y el patr\u00f3n de uso.<\/p>\n<p>(b) Almacenar informaci\u00f3n sobre sus preferencias y, por lo tanto, permitirnos personalizar nuestro sitio y ofrecerle ofertas que se adapten a sus intereses individuales.<\/p>\n<p>(c) Acelere sus b\u00fasquedas.<\/p>\n<p>(d) Reconocerlo cuando regrese a nuestro sitio.<\/p>\n<p>(e) Permitirle usar nuestro sitio de una manera que haga que su experiencia de navegaci\u00f3n sea m\u00e1s conveniente, por ejemplo, permiti\u00e9ndole almacenar art\u00edculos en una canasta de compras electr\u00f3nica entre visitas. Si se registra con nosotros o completa nuestros formularios en l\u00ednea, utilizaremos cookies para recordar sus detalles durante su visita actual y cualquier visita futura, siempre que la cookie no se haya eliminado en el \u00ednterin.<\/p>\n<p>(f) [OTROS PROP\u00d3SITOS].<\/td>\n<\/tr>\n<\/tbody>\n<\/table>\n<p>Tenga en cuenta que los siguientes terceros tambi\u00e9n pueden utilizar cookies, sobre las cuales no tenemos control. Estos terceros nombrados pueden incluir, por ejemplo, redes publicitarias y proveedores de servicios externos como servicios de an\u00e1lisis de tr\u00e1fico web. Es probable que estas cookies de terceros sean cookies anal\u00edticas o cookies de rendimiento o cookies de orientaci\u00f3n:<\/p>\n<p>[NOMBRE DE TERCEROS]<\/p>\n<p>Para desactivar el uso de cookies publicitarias de terceros, puede visitar la siguiente p\u00e1gina para gestionar el uso de este tipo de cookies [INSERT LINK].<\/p>\n<p>Puede bloquear las cookies activando la configuraci\u00f3n en su navegador que le permite rechazar la configuraci\u00f3n de todas o algunas cookies. Sin embargo, si utiliza la configuraci\u00f3n de su navegador para bloquear todas las cookies (incluidas las cookies esenciales), es posible que no pueda acceder a todo o parte de nuestro sitio web.<\/p>\n<p>A excepci\u00f3n de las cookies esenciales, todas las cookies caducar\u00e1n despu\u00e9s del [PERIODO DE CADUCIDAD].<\/p>\n<\/div>\n<\/div>\n<\/div>\n<\/div>\n<\/section>\n","protected":false},"excerpt":{"rendered":"<p>Pol\u00edtica de cookies Pol\u00edtica de cookies: Alcance de Cliff College Nuestro sitio web utiliza cookies para distinguirlo de otros usuarios de nuestro sitio web. Esto nos ayuda a brindarle una buena experiencia cuando navega por nuestro sitio web y tambi\u00e9n . . .<\/p>\n","protected":false},"author":1,"featured_media":0,"parent":0,"menu_order":0,"comment_status":"closed","ping_status":"closed","template":"","meta":{"_acf_changed":false,"footnotes":""},"class_list":["post-1561","page","type-page","status-publish","hentry"],"acf":[],"_links":{"self":[{"href":"https:\/\/theologyx.com\/es\/wp-json\/wp\/v2\/pages\/1561"}],"collection":[{"href":"https:\/\/theologyx.com\/es\/wp-json\/wp\/v2\/pages"}],"about":[{"href":"https:\/\/theologyx.com\/es\/wp-json\/wp\/v2\/types\/page"}],"author":[{"embeddable":true,"href":"https:\/\/theologyx.com\/es\/wp-json\/wp\/v2\/users\/1"}],"replies":[{"embeddable":true,"href":"https:\/\/theologyx.com\/es\/wp-json\/wp\/v2\/comments?post=1561"}],"version-history":[{"count":2,"href":"https:\/\/theologyx.com\/es\/wp-json\/wp\/v2\/pages\/1561\/revisions"}],"predecessor-version":[{"id":1563,"href":"https:\/\/theologyx.com\/es\/wp-json\/wp\/v2\/pages\/1561\/revisions\/1563"}],"wp:attachment":[{"href":"https:\/\/theologyx.com\/es\/wp-json\/wp\/v2\/media?parent=1561"}],"curies":[{"name":"wp","href":"https:\/\/api.w.org\/{rel}","templated":true}]}}