{"id":994,"date":"2021-11-16T10:37:07","date_gmt":"2021-11-16T10:37:07","guid":{"rendered":"https:\/\/theologyx.com\/?page_id=994"},"modified":"2021-11-16T10:38:10","modified_gmt":"2021-11-16T10:38:10","slug":"about-this-site","status":"publish","type":"page","link":"https:\/\/theologyx.com\/de\/about-this-site\/","title":{"rendered":"\u00dcber diese Site"},"content":{"rendered":"<div class=\"page-heading\">\n<div id=\"tw-container\" class=\"\" data-cp=\"1\" data-is-ver=\"false\" data-nnttsvi=\"1\" data-sm=\"1\" data-sugg-time=\"500\" data-sugg-url=\"https:\/\/clients1.google.com\/complete\/search\" data-uilc=\"en\">\n<div id=\"tw-ob\" class=\"tw-src-ltr\">\n<div class=\"oSioSc\">\n<div id=\"tw-target\">\n<div id=\"kAz1tf\" class=\"g9WsWb\">\n<div id=\"tw-target-text-container\" class=\"tw-ta-container F0azHf tw-nfl\" tabindex=\"0\">\n<h2 id=\"tw-target-text\" class=\"tw-data-text tw-text-large tw-ta\" dir=\"ltr\" data-placeholder=\"Translation\"><span class=\"Y2IQFc\" lang=\"de\">\u00dcber uns<\/span><\/h2>\n<\/div>\n<\/div>\n<\/div>\n<\/div>\n<\/div>\n<\/div>\n<\/div>\n<section class=\"static-content\">\n<div class=\"grid-manual grid-container\">\n<div class=\"inner-container\">\n<div class=\"row\">\n<div class=\"col col-12 sm-col-8\">\n<div id=\"tw-container\" class=\"\" data-cp=\"1\" data-is-ver=\"false\" data-nnttsvi=\"1\" data-sm=\"1\" data-sugg-time=\"500\" data-sugg-url=\"https:\/\/clients1.google.com\/complete\/search\" data-uilc=\"en\">\n<div id=\"tw-ob\" class=\"tw-src-ltr\">\n<div class=\"oSioSc\">\n<div id=\"tw-target\">\n<div id=\"kAz1tf\" class=\"g9WsWb\">\n<div id=\"tw-target-text-container\" class=\"tw-ta-container F0azHf tw-nfl\" tabindex=\"0\">\n<p id=\"tw-target-text\" class=\"tw-data-text tw-text-large tw-ta\" dir=\"ltr\" data-placeholder=\"Translation\"><span class=\"Y2IQFc\" lang=\"de\">Theologyx.com bietet eine Weltklasse-Plattform, um das Online-Lernen zu erleichtern. Wir bem\u00fchen uns, die Zugangsl\u00fccke f\u00fcr potenzielle Lernende und geografische Barrieren gegen\u00fcber Bildungsanbietern zu schlie\u00dfen. Neben bundesweiten Open-Access-Plattformen bieten wir ma\u00dfgeschneiderte L\u00f6sungen f\u00fcr Firmen, Unternehmenstrainer, Bildungsinstitute etc., um exklusiv eigene Lern-\/Trainingsplattformen zu betreiben.<\/span><\/p>\n<\/div>\n<div class=\"iYB33c\">\n<div id=\"tw-tmenu\" class=\"tw-menu\"><\/div>\n<\/div>\n<\/div>\n<\/div>\n<\/div>\n<\/div>\n<\/div>\n<h2 id=\"tw-target-text\" class=\"tw-data-text tw-text-large tw-ta\" dir=\"ltr\" data-placeholder=\"Translation\"><span class=\"Y2IQFc\" lang=\"de\">ANFRAGEN<\/span><\/h2>\n<p><a class=\"brand-link\" href=\"https:\/\/theologyx.com\/about\">info@theologyx.com<\/a><\/p>\n<\/div>\n<\/div>\n<\/div>\n<\/div>\n<\/section>\n","protected":false},"excerpt":{"rendered":"<p>\u00dcber uns Theologyx.com bietet eine Weltklasse-Plattform, um das Online-Lernen zu erleichtern. Wir bem\u00fchen uns, die Zugangsl\u00fccke f\u00fcr potenzielle Lernende und geografische Barrieren gegen\u00fcber Bildungsanbietern zu schlie\u00dfen. Neben bundesweiten Open-Access-Plattformen bieten wir ma\u00dfgeschneiderte L\u00f6sungen f\u00fcr Firmen, Unternehmenstrainer, Bildungsinstitute etc., um exklusiv . . .<\/p>\n","protected":false},"author":1,"featured_media":0,"parent":0,"menu_order":0,"comment_status":"closed","ping_status":"closed","template":"","meta":{"_acf_changed":false,"footnotes":""},"class_list":["post-994","page","type-page","status-publish","hentry"],"acf":[],"_links":{"self":[{"href":"https:\/\/theologyx.com\/de\/wp-json\/wp\/v2\/pages\/994"}],"collection":[{"href":"https:\/\/theologyx.com\/de\/wp-json\/wp\/v2\/pages"}],"about":[{"href":"https:\/\/theologyx.com\/de\/wp-json\/wp\/v2\/types\/page"}],"author":[{"embeddable":true,"href":"https:\/\/theologyx.com\/de\/wp-json\/wp\/v2\/users\/1"}],"replies":[{"embeddable":true,"href":"https:\/\/theologyx.com\/de\/wp-json\/wp\/v2\/comments?post=994"}],"version-history":[{"count":2,"href":"https:\/\/theologyx.com\/de\/wp-json\/wp\/v2\/pages\/994\/revisions"}],"predecessor-version":[{"id":996,"href":"https:\/\/theologyx.com\/de\/wp-json\/wp\/v2\/pages\/994\/revisions\/996"}],"wp:attachment":[{"href":"https:\/\/theologyx.com\/de\/wp-json\/wp\/v2\/media?parent=994"}],"curies":[{"name":"wp","href":"https:\/\/api.w.org\/{rel}","templated":true}]}}