{"id":1087,"date":"2021-11-16T13:22:34","date_gmt":"2021-11-16T13:22:34","guid":{"rendered":"https:\/\/theologyx.com\/?page_id=1087"},"modified":"2021-11-16T13:22:34","modified_gmt":"2021-11-16T13:22:34","slug":"website-nutzungsrichtlinie","status":"publish","type":"page","link":"https:\/\/theologyx.com\/de\/website-nutzungsrichtlinie\/","title":{"rendered":"Website-Nutzungsrichtlinie"},"content":{"rendered":"<div class=\"page-heading\"><\/div>\n<section class=\"static-content\">\n<div class=\"grid-manual grid-container\">\n<div class=\"inner-container\">\n<div class=\"row\">\n<div class=\"col col-12 sm-col-12 md-col-9\">\n<h1>Richtlinien zur akzeptablen Nutzung der Website<\/h1>\n<p>&nbsp;<\/p>\n<h2>Richtlinien zur akzeptablen Nutzung der Website: Cliff College Outreach<\/h2>\n<p>BITTE LESEN SIE DIE BEDINGUNGEN DIESER RICHTLINIE SORGF\u00c4LTIG DURCH, BEVOR SIE DIE WEBSITE BENUTZEN<\/p>\n<p><strong>Was ist in diesen Begriffen?<\/strong><\/p>\n<p>Diese Richtlinie zur akzeptablen Nutzung legt die Inhaltsstandards fest, die gelten, wenn Sie Inhalte auf unsere Website hochladen, mit anderen Benutzern unserer Website in Kontakt treten, auf unsere Website verlinken oder auf andere Weise mit unserer Website interagieren.<\/p>\n<p>Wer wir sind und wie Sie uns kontaktieren k\u00f6nnen<\/p>\n<p>www.theologyx.com ist eine Website, die von Cliff College Outreach (\u201eWir\u201c) betrieben wird. Wir sind in England und Wales unter der Firmennummer 02331438 registriert und haben unseren Sitz im Cliff College, Calver, Hope Valley, Derbyshire, S32 3XG.<\/p>\n<p><strong>Wir sind eine Gesellschaft mit beschr\u00e4nkter Haftung.<\/strong><\/p>\n<p>Um uns zu kontaktieren, senden Sie bitte eine E-Mail an info@theologyx.com oder rufen Sie uns unter 01246584200 an.<\/p>\n<p><strong>Durch die Nutzung unserer Website akzeptieren Sie diese Bedingungen<\/strong><\/p>\n<p>Durch die Nutzung unserer Website best\u00e4tigen Sie, dass Sie die Bedingungen dieser Richtlinie akzeptieren und sich damit einverstanden erkl\u00e4ren, diese einzuhalten.<\/p>\n<p>Wenn Sie diesen Bedingungen nicht zustimmen, d\u00fcrfen Sie unsere Website nicht nutzen.<\/p>\n<p>Wir empfehlen Ihnen, eine Kopie dieser Bedingungen zum sp\u00e4teren Nachschlagen auszudrucken.<\/p>\n<p><strong>Es gibt andere Bedingungen, die auf Sie zutreffen k\u00f6nnen<\/strong><\/p>\n<p>Benutzer: Bitte beachten Sie unsere Datenschutzrichtlinien, Cookie-Richtlinien und Allgemeinen Nutzungsbedingungen der Website.<\/p>\n<p>Inhaltsanbieter: Bitte beachten Sie unsere Vereinbarung \u00fcber die Bereitstellung von Dienstleistungen.<\/p>\n<p><strong>Wir k\u00f6nnen \u00c4nderungen an den Bedingungen dieser Richtlinie vornehmen<\/strong><\/p>\n<p>Wir \u00e4ndern diese Bedingungen von Zeit zu Zeit. Bitte \u00fcberpr\u00fcfen Sie jedes Mal, wenn Sie unsere Website nutzen m\u00f6chten, diese Bedingungen, um sicherzustellen, dass Sie die zu diesem Zeitpunkt geltenden Bedingungen verstehen. Diese Bedingungen wurden zuletzt am 15.04.2020 aktualisiert.<\/p>\n<p><strong>Verbotene Verwendungen<\/strong><\/p>\n<p>Sie d\u00fcrfen unsere Website nur f\u00fcr rechtm\u00e4\u00dfige Zwecke nutzen. Sie d\u00fcrfen unsere Seite nicht nutzen:<\/p>\n<ul>\n<li>In irgendeiner Weise, die gegen geltende lokale, nationale oder internationale Gesetze oder Vorschriften verst\u00f6\u00dft.<\/li>\n<li>In irgendeiner Weise, die rechtswidrig oder betr\u00fcgerisch ist oder einen rechtswidrigen oder betr\u00fcgerischen Zweck oder eine rechtswidrige Wirkung hat.<\/li>\n<li>Um Minderj\u00e4hrigen in irgendeiner Weise Schaden zuzuf\u00fcgen oder zu versuchen, ihnen Schaden zuzuf\u00fcgen.<\/li>\n<li>Um eine Person zu schikanieren, zu beleidigen, einzusch\u00fcchtern oder zu dem\u00fctigen.<\/li>\n<li>Um Material zu senden, wissentlich zu empfangen, hochzuladen, herunterzuladen, zu verwenden oder wiederzuverwenden, das nicht unseren Inhaltsstandards entspricht.<\/li>\n<li>Um unaufgefordertes oder nicht autorisiertes Werbe- oder Werbematerial oder jede andere Form \u00e4hnlicher Werbung (Spam) zu \u00fcbermitteln oder deren<\/li>\n<li>Zusendung zu veranlassen.<\/li>\n<li>Um wissentlich Daten zu \u00fcbertragen, Materialien zu senden oder hochzuladen, die Viren, Trojanische Pferde, W\u00fcrmer, Zeitbomben, Keylogger, Spyware,<\/li>\n<li>Adware oder andere sch\u00e4dliche Programme oder \u00e4hnlichen Computercode enthalten, der den Betrieb von Computersoftware beeintr\u00e4chtigen k\u00f6nnte, oder Hardware.<\/li>\n<\/ul>\n<p><strong>Sie stimmen auch zu:<\/strong><\/p>\n<p>Keine Teile unserer Website zu reproduzieren, zu duplizieren, zu kopieren oder weiterzuverkaufen, die gegen die Bestimmungen unserer Nutzungsbedingungen f\u00fcr die Website versto\u00dfen.<br \/>\nNicht ohne Autorit\u00e4t zugreifen, st\u00f6ren, besch\u00e4digen oder st\u00f6ren:<br \/>\nirgendein Teil unserer Website;<br \/>\nalle Ger\u00e4te oder Netzwerke, auf denen unsere Website gespeichert ist;<br \/>\njegliche Software, die bei der Bereitstellung unserer Website verwendet wird; oder<br \/>\nGer\u00e4te, Netzwerke oder Software, die im Besitz von Dritten sind oder von Dritten verwendet werden.<\/p>\n<p><strong>Interaktive Dienste<\/strong><\/p>\n<p>Wir k\u00f6nnen von Zeit zu Zeit interaktive Dienste auf unserer Website anbieten, einschlie\u00dflich, aber nicht beschr\u00e4nkt auf:<\/p>\n<p>Chat-R\u00e4ume.<br \/>\nSchwarzes Brett.<\/p>\n<p>(interaktive Dienste.)<\/p>\n<p>Wenn wir interaktive Dienste anbieten, geben wir Ihnen klare Informationen \u00fcber die Art des angebotenen Dienstes, ob er moderiert wird und welche Form der Moderation verwendet wird (einschlie\u00dflich menschlicher oder technischer Art).<\/p>\n<p>Wir werden unser Bestes tun, um m\u00f6gliche Risiken f\u00fcr Benutzer (insbesondere f\u00fcr Kinder) von Dritten bei der Nutzung eines interaktiven Dienstes auf unserer Website abzusch\u00e4tzen, und wir werden in jedem Fall entscheiden, ob eine Moderation der entsprechenden Dienst (einschlie\u00dflich der Art der zu verwendenden Moderation) angesichts dieser Risiken. Wir sind jedoch nicht verpflichtet, interaktive Dienste, die wir auf unserer Website anbieten, zu beaufsichtigen, zu \u00fcberwachen oder zu moderieren, und wir schlie\u00dfen ausdr\u00fccklich unsere Haftung f\u00fcr Verluste oder Sch\u00e4den aus, die sich aus der Nutzung eines interaktiven Dienstes durch einen Benutzer ergeben, der gegen unsere Inhaltsstandards verst\u00f6\u00dft , unabh\u00e4ngig davon, ob der Dienst moderiert ist oder nicht.<\/p>\n<p>Die Nutzung unserer interaktiven Dienste durch Minderj\u00e4hrige bedarf der Zustimmung ihrer Eltern oder Erziehungsberechtigten. Wir empfehlen Eltern, die ihren Kindern die Nutzung eines interaktiven Dienstes erlauben, dass es wichtig ist, dass sie mit ihren Kindern online \u00fcber ihre Sicherheit kommunizieren, da Moderation nicht narrensicher ist. Minderj\u00e4hrige, die interaktive Dienste nutzen, sollten auf die m\u00f6glichen Risiken f\u00fcr sie aufmerksam gemacht werden.<\/p>\n<p>Wenn wir einen interaktiven Dienst moderieren, bieten wir Ihnen normalerweise die M\u00f6glichkeit, den Moderator zu kontaktieren, falls Bedenken oder Schwierigkeiten auftreten.<\/p>\n<p><strong>Inhaltsstandards<\/strong><\/p>\n<p>Diese Inhaltsstandards gelten f\u00fcr alle Materialien, die Sie zu unserer Website beitragen (Beitrag), und f\u00fcr alle damit verbundenen interaktiven Dienste.<\/p>\n<p>Die Content Standards m\u00fcssen sowohl dem Geist als auch dem Wortlaut nach eingehalten werden. Die Standards gelten f\u00fcr jeden Teil eines Beitrags sowie f\u00fcr seinen gesamten Beitrag.<\/p>\n<p>Cliff College Outreach entscheidet nach eigenem Ermessen, ob ein Beitrag gegen die Inhaltsstandards verst\u00f6\u00dft.<\/p>\n<p><strong>Ein Beitrag muss:<\/strong><\/p>\n<ul>\n<li>Seien Sie genau (wo es Fakten gibt).<\/li>\n<li>Seien Sie aufrichtig gehalten (wo es Meinungen gibt).<\/li>\n<\/ul>\n<p>Halten Sie sich an das in England und Wales sowie in jedem Land, aus dem es ver\u00f6ffentlicht wird, geltende Recht.<\/p>\n<p><strong>Ein Beitrag darf nicht:<\/strong><\/p>\n<ul>\n<li>Seien Sie diffamierend gegen\u00fcber jeder Person.<\/li>\n<li>Seien Sie obsz\u00f6n, beleidigend, hasserf\u00fcllt oder aufr\u00fchrerisch.<\/li>\n<li>Mobben, beleidigen, einsch\u00fcchtern oder erniedrigen.<\/li>\n<li>Bewerben Sie sexuell explizites Material.<\/li>\n<li>F\u00fcgen Sie Material zum sexuellen Missbrauch von Kindern hinzu.<br \/>\nGewalt f\u00f6rdern.<\/li>\n<li>F\u00f6rderung von Diskriminierung aufgrund von Rasse, Geschlecht, Religion, Nationalit\u00e4t, Behinderung, sexueller Orientierung oder Alter.<\/li>\n<li>Urheberrechte, Datenbankrechte oder Warenzeichen einer anderen Person verletzen.<\/li>\n<li>Seien Sie wahrscheinlich, um eine Person zu t\u00e4uschen.<\/li>\n<li>Verletzung einer gesetzlichen Pflicht gegen\u00fcber einem Dritten, wie etwa einer Vertragspflicht oder einer Geheimhaltungspflicht.<\/li>\n<li>Werben Sie f\u00fcr illegale Aktivit\u00e4ten.<\/li>\n<li>Missachten Sie das Gericht.<\/li>\n<li>Drohen, missbrauchen oder die Privatsph\u00e4re anderer verletzen oder \u00c4rger, Unannehmlichkeiten oder unn\u00f6tige Angst verursachen.<\/li>\n<li>Es ist wahrscheinlich, dass Sie andere Personen bel\u00e4stigen, ver\u00e4rgern, in Verlegenheit bringen, alarmieren oder \u00e4rgern.<\/li>\n<li>Sich als eine Person auszugeben oder Ihre Identit\u00e4t oder Zugeh\u00f6rigkeit zu einer Person falsch darzustellen.<\/li>\n<li>Erwecken Sie den Eindruck, dass der Beitrag von Cliff College Outreach stammt, wenn dies nicht der Fall ist.<\/li>\n<li>Sich f\u00fcr rechtswidrige oder kriminelle Handlungen wie (nur als Beispiel) Urheberrechtsverletzungen oder Computermissbrauch einsetzen, sie bef\u00fcrworten,<\/li>\n<li>f\u00f6rdern oder dazu auffordern, eine Partei zu begehen oder zu unterst\u00fctzen.<\/li>\n<li>eine Erkl\u00e4rung enthalten, von der Sie wissen oder glauben oder vern\u00fcnftige Gr\u00fcnde zu der Annahme haben, dass Mitglieder der \u00d6ffentlichkeit, denen die<\/li>\n<li>Erkl\u00e4rung ver\u00f6ffentlicht wird oder werden soll, wahrscheinlich als direkte oder indirekte Ermutigung oder sonstigen Anreiz f\u00fcr die Kommission verstehen,<\/li>\n<li>Vorbereitung oder Anstiftung von Terrorakten.<\/li>\n<li>Werbung enthalten oder f\u00fcr Dienste oder Weblinks zu anderen Websites werben, es sei denn, die vorherige schriftliche Zustimmung von Cliff College Outreach wurde eingeholt.<\/li>\n<\/ul>\n<p>&nbsp;<\/p>\n<p><strong>Versto\u00df gegen diese Richtlinie<\/strong><\/p>\n<p>Wenn wir der Ansicht sind, dass ein Versto\u00df gegen diese Richtlinie zur akzeptablen Nutzung vorliegt, k\u00f6nnen wir die Ma\u00dfnahmen ergreifen, die wir f\u00fcr angemessen halten.<\/p>\n<p>Die Nichteinhaltung dieser Richtlinie zur akzeptablen Nutzung stellt einen wesentlichen Versto\u00df gegen die Nutzungsbedingungen (f\u00fcr Benutzer) oder die entsprechende Vereinbarung zur Bereitstellung von Dienstleistungen (f\u00fcr Inhaltsanbieter) dar, aufgrund derer Sie unsere Website nutzen d\u00fcrfen, und kann dazu f\u00fchren, dass wir alle nehmen oder eine der folgenden Aktionen:<\/p>\n<ul>\n<li>Sofortiger, vor\u00fcbergehender oder dauerhafter Widerruf Ihres Rechts zur Nutzung unserer Website.<\/li>\n<li>Sofortige, vor\u00fcbergehende oder dauerhafte Entfernung von Beitr\u00e4gen, die Sie auf unsere Website hochgeladen haben.<\/li>\n<li>Ausgabe einer Verwarnung an Sie.<\/li>\n<li>Gerichtliche Verfahren gegen Sie auf Erstattung aller Kosten auf Schadensersatzbasis (einschlie\u00dflich, aber nicht beschr\u00e4nkt auf angemessene Verwaltungs- und Rechtskosten), die sich aus dem Versto\u00df ergeben.<\/li>\n<li>Weitere rechtliche Schritte gegen Sie.<\/li>\n<li>Offenlegung solcher Informationen an Strafverfolgungsbeh\u00f6rden, wenn wir dies vern\u00fcnftigerweise f\u00fcr notwendig erachten oder gesetzlich vorgeschrieben sind.<\/li>\n<\/ul>\n<p>Wir schlie\u00dfen unsere Haftung f\u00fcr alle Ma\u00dfnahmen aus, die wir als Reaktion auf Verst\u00f6\u00dfe gegen diese Richtlinie zur akzeptablen Nutzung ergreifen. Die Ma\u00dfnahmen, die wir ergreifen k\u00f6nnen, sind nicht auf die oben beschriebenen beschr\u00e4nkt, und wir k\u00f6nnen alle anderen Ma\u00dfnahmen ergreifen, die wir vern\u00fcnftigerweise f\u00fcr angemessen halten.<\/p>\n<p><strong>Die Gesetze in welchem \u200b\u200bLand gelten f\u00fcr Streitigkeiten?<\/strong><\/p>\n<p>Wenn Sie ein Verbraucher sind, beachten Sie bitte, dass die Bedingungen dieser Richtlinie, ihr Gegenstand und ihre Ausgestaltung englischem Recht unterliegen. Sie und wir sind uns einig, dass die Gerichte von England und Wales die ausschlie\u00dfliche Zust\u00e4ndigkeit haben, mit der Ausnahme, dass Sie, wenn Sie in Nordirland ans\u00e4ssig sind, auch in Nordirland Klage erheben k\u00f6nnen, und wenn Sie in Schottland ans\u00e4ssig sind, k\u00f6nnen Sie auch in Schottland Klage erheben .<\/p>\n<p>Wenn Sie ein Unternehmen sind, unterliegen die Bedingungen dieser Richtlinie, ihr Gegenstand und ihre Entstehung (sowie alle au\u00dfervertraglichen Streitigkeiten oder Anspr\u00fcche) englischem Recht. Wir stimmen beide der ausschlie\u00dflichen Zust\u00e4ndigkeit der Gerichte von England und Wales zu.<\/p>\n<\/div>\n<\/div>\n<\/div>\n<\/div>\n<\/section>\n","protected":false},"excerpt":{"rendered":"<p>Richtlinien zur akzeptablen Nutzung der Website &nbsp; Richtlinien zur akzeptablen Nutzung der Website: Cliff College Outreach BITTE LESEN SIE DIE BEDINGUNGEN DIESER RICHTLINIE SORGF\u00c4LTIG DURCH, BEVOR SIE DIE WEBSITE BENUTZEN Was ist in diesen Begriffen? Diese Richtlinie zur akzeptablen Nutzung . . .<\/p>\n","protected":false},"author":1,"featured_media":0,"parent":0,"menu_order":0,"comment_status":"closed","ping_status":"closed","template":"","meta":{"_acf_changed":false,"footnotes":""},"class_list":["post-1087","page","type-page","status-publish","hentry"],"acf":[],"_links":{"self":[{"href":"https:\/\/theologyx.com\/de\/wp-json\/wp\/v2\/pages\/1087"}],"collection":[{"href":"https:\/\/theologyx.com\/de\/wp-json\/wp\/v2\/pages"}],"about":[{"href":"https:\/\/theologyx.com\/de\/wp-json\/wp\/v2\/types\/page"}],"author":[{"embeddable":true,"href":"https:\/\/theologyx.com\/de\/wp-json\/wp\/v2\/users\/1"}],"replies":[{"embeddable":true,"href":"https:\/\/theologyx.com\/de\/wp-json\/wp\/v2\/comments?post=1087"}],"version-history":[{"count":1,"href":"https:\/\/theologyx.com\/de\/wp-json\/wp\/v2\/pages\/1087\/revisions"}],"predecessor-version":[{"id":1088,"href":"https:\/\/theologyx.com\/de\/wp-json\/wp\/v2\/pages\/1087\/revisions\/1088"}],"wp:attachment":[{"href":"https:\/\/theologyx.com\/de\/wp-json\/wp\/v2\/media?parent=1087"}],"curies":[{"name":"wp","href":"https:\/\/api.w.org\/{rel}","templated":true}]}}