{"id":1010,"date":"2021-11-16T10:58:53","date_gmt":"2021-11-16T10:58:53","guid":{"rendered":"https:\/\/theologyx.com\/?page_id=1010"},"modified":"2021-11-16T11:40:20","modified_gmt":"2021-11-16T11:40:20","slug":"hilfe-beim-einloggen","status":"publish","type":"page","link":"https:\/\/theologyx.com\/de\/hilfe-beim-einloggen\/","title":{"rendered":"Hilfe beim Einloggen"},"content":{"rendered":"\t\t<div data-elementor-type=\"wp-page\" data-elementor-id=\"1010\" class=\"elementor elementor-1010 elementor-678\" data-elementor-post-type=\"page\">\n\t\t\t\t\t\t<section class=\"elementor-section elementor-top-section elementor-element elementor-element-660c4ee elementor-section-boxed elementor-section-height-default elementor-section-height-default\" data-id=\"660c4ee\" data-element_type=\"section\">\n\t\t\t\t\t\t<div class=\"elementor-container elementor-column-gap-default\">\n\t\t\t\t\t<div class=\"elementor-column elementor-col-100 elementor-top-column elementor-element elementor-element-1d61f98\" data-id=\"1d61f98\" data-element_type=\"column\">\n\t\t\t<div class=\"elementor-widget-wrap elementor-element-populated\">\n\t\t\t\t\t\t<section class=\"elementor-section elementor-inner-section elementor-element elementor-element-3b1d47d elementor-section-boxed elementor-section-height-default elementor-section-height-default\" data-id=\"3b1d47d\" data-element_type=\"section\">\n\t\t\t\t\t\t<div class=\"elementor-container elementor-column-gap-default\">\n\t\t\t\t\t<div class=\"elementor-column elementor-col-50 elementor-inner-column elementor-element elementor-element-d30f3bb\" data-id=\"d30f3bb\" data-element_type=\"column\">\n\t\t\t<div class=\"elementor-widget-wrap elementor-element-populated\">\n\t\t\t\t\t\t<div class=\"elementor-element elementor-element-7df69f3 elementor-widget elementor-widget-spacer\" data-id=\"7df69f3\" data-element_type=\"widget\" data-widget_type=\"spacer.default\">\n\t\t\t\t<div class=\"elementor-widget-container\">\n\t\t\t\t\t<div class=\"elementor-spacer\">\n\t\t\t<div class=\"elementor-spacer-inner\"><\/div>\n\t\t<\/div>\n\t\t\t\t<\/div>\n\t\t\t\t<\/div>\n\t\t\t\t<div class=\"elementor-element elementor-element-0925141 elementor-view-default elementor-invisible elementor-widget elementor-widget-icon\" data-id=\"0925141\" data-element_type=\"widget\" data-settings=\"{&quot;_animation&quot;:&quot;fadeInLeft&quot;}\" data-widget_type=\"icon.default\">\n\t\t\t\t<div class=\"elementor-widget-container\">\n\t\t\t\t\t<div class=\"elementor-icon-wrapper\">\n\t\t\t<div class=\"elementor-icon\">\n\t\t\t<i aria-hidden=\"true\" class=\"fas fa-briefcase-medical\"><\/i>\t\t\t<\/div>\n\t\t<\/div>\n\t\t\t\t<\/div>\n\t\t\t\t<\/div>\n\t\t\t\t\t<\/div>\n\t\t<\/div>\n\t\t\t\t<div class=\"elementor-column elementor-col-50 elementor-inner-column elementor-element elementor-element-e3d8f68\" data-id=\"e3d8f68\" data-element_type=\"column\">\n\t\t\t<div class=\"elementor-widget-wrap elementor-element-populated\">\n\t\t\t\t\t\t<div class=\"elementor-element elementor-element-2a95bda elementor-invisible elementor-widget elementor-widget-text-editor\" data-id=\"2a95bda\" data-element_type=\"widget\" data-settings=\"{&quot;_animation&quot;:&quot;fadeIn&quot;}\" data-widget_type=\"text-editor.default\">\n\t\t\t\t<div class=\"elementor-widget-container\">\n\t\t\t\t\t\t\t<p><strong>Wir freuen uns, Sie auf unserer \u00fcberarbeiteten Website begr\u00fc\u00dfen zu d\u00fcrfen!<\/strong><\/p><p>Wenn Sie ein Benutzer unserer vorherigen Website waren, sollten Sie sich mit Ihren bisherigen Zugangsdaten anmelden k\u00f6nnen.<\/p><p>Wenn Sie feststellen, dass sich die Anmeldeseite in einer Schleife befindet, versuchen Sie zun\u00e4chst, Ihren Browser-Cache zu leeren oder einen anderen Browser zu verwenden. Wir finden, dass Chrome oder Firefox am besten funktionieren.<\/p><p>Wenn dies nicht funktioniert oder Sie sich nicht an Ihr Passwort erinnern k\u00f6nnen, machen Sie sich keine Sorgen! Klicken Sie auf der Anmeldeseite auf &#8220;Ben\u00f6tige Hilfe beim Anmelden&#8221; und Sie k\u00f6nnen eine E-Mail zum Rest des Passworts anfordern.<\/p><p>Wenn nichts davon funktioniert hat, k\u00f6nnen Sie uns eine E-Mail an info@theologyx.com senden und wir werden Ihnen helfen!<\/p>\t\t\t\t\t\t<\/div>\n\t\t\t\t<\/div>\n\t\t\t\t\t<\/div>\n\t\t<\/div>\n\t\t\t\t\t<\/div>\n\t\t<\/section>\n\t\t\t\t\t<\/div>\n\t\t<\/div>\n\t\t\t\t\t<\/div>\n\t\t<\/section>\n\t\t\t\t<\/div>\n\t\t","protected":false},"excerpt":{"rendered":"<p>Wir freuen uns, Sie auf unserer \u00fcberarbeiteten Website begr\u00fc\u00dfen zu d\u00fcrfen! Wenn Sie ein Benutzer unserer vorherigen Website waren, sollten Sie sich mit Ihren bisherigen Zugangsdaten anmelden k\u00f6nnen. Wenn Sie feststellen, dass sich die Anmeldeseite in einer Schleife befindet, versuchen . . .<\/p>\n","protected":false},"author":1,"featured_media":0,"parent":0,"menu_order":0,"comment_status":"closed","ping_status":"closed","template":"","meta":{"_acf_changed":false,"footnotes":""},"class_list":["post-1010","page","type-page","status-publish","hentry"],"acf":[],"_links":{"self":[{"href":"https:\/\/theologyx.com\/de\/wp-json\/wp\/v2\/pages\/1010"}],"collection":[{"href":"https:\/\/theologyx.com\/de\/wp-json\/wp\/v2\/pages"}],"about":[{"href":"https:\/\/theologyx.com\/de\/wp-json\/wp\/v2\/types\/page"}],"author":[{"embeddable":true,"href":"https:\/\/theologyx.com\/de\/wp-json\/wp\/v2\/users\/1"}],"replies":[{"embeddable":true,"href":"https:\/\/theologyx.com\/de\/wp-json\/wp\/v2\/comments?post=1010"}],"version-history":[{"count":5,"href":"https:\/\/theologyx.com\/de\/wp-json\/wp\/v2\/pages\/1010\/revisions"}],"predecessor-version":[{"id":1023,"href":"https:\/\/theologyx.com\/de\/wp-json\/wp\/v2\/pages\/1010\/revisions\/1023"}],"wp:attachment":[{"href":"https:\/\/theologyx.com\/de\/wp-json\/wp\/v2\/media?parent=1010"}],"curies":[{"name":"wp","href":"https:\/\/api.w.org\/{rel}","templated":true}]}}