{"id":1001,"date":"2021-11-16T10:45:38","date_gmt":"2021-11-16T10:45:38","guid":{"rendered":"https:\/\/theologyx.com\/?page_id=1001"},"modified":"2021-11-16T11:43:44","modified_gmt":"2021-11-16T11:43:44","slug":"kekse","status":"publish","type":"page","link":"https:\/\/theologyx.com\/de\/kekse\/","title":{"rendered":"Kekse"},"content":{"rendered":"\t\t<div data-elementor-type=\"wp-page\" data-elementor-id=\"1001\" class=\"elementor elementor-1001 elementor-515\" data-elementor-post-type=\"page\">\n\t\t\t\t\t\t<section class=\"elementor-section elementor-top-section elementor-element elementor-element-35fed51f elementor-section-boxed elementor-section-height-default elementor-section-height-default\" data-id=\"35fed51f\" data-element_type=\"section\">\n\t\t\t\t\t\t<div class=\"elementor-container elementor-column-gap-default\">\n\t\t\t\t\t<div class=\"elementor-column elementor-col-100 elementor-top-column elementor-element elementor-element-7521acc2\" data-id=\"7521acc2\" data-element_type=\"column\">\n\t\t\t<div class=\"elementor-widget-wrap elementor-element-populated\">\n\t\t\t\t\t\t<div class=\"elementor-element elementor-element-483a3271 elementor-widget elementor-widget-text-editor\" data-id=\"483a3271\" data-element_type=\"widget\" data-widget_type=\"text-editor.default\">\n\t\t\t\t<div class=\"elementor-widget-container\">\n\t\t\t\t\t\t\t<div class=\"page-heading\"><div id=\"tw-container\" class=\"\" data-cp=\"1\" data-is-ver=\"false\" data-nnttsvi=\"1\" data-sm=\"1\" data-sugg-time=\"500\" data-sugg-url=\"https:\/\/clients1.google.com\/complete\/search\" data-uilc=\"en\"><div id=\"tw-ob\" class=\"tw-src-ltr\"><div class=\"oSioSc\"><div id=\"tw-target\"><div id=\"kAz1tf\" class=\"g9WsWb\"><div id=\"tw-target-text-container\" class=\"tw-ta-container F0azHf tw-nfl\" tabindex=\"0\"><h1 id=\"tw-target-text\" class=\"tw-data-text tw-text-large tw-ta\" dir=\"ltr\" data-placeholder=\"Translation\"><span class=\"Y2IQFc\" lang=\"de\">Cookie-Richtlinie<\/span><\/h1><\/div><\/div><\/div><\/div><\/div><\/div><\/div><section class=\"static-content\"><div class=\"grid-manual grid-container\"><div class=\"inner-container\"><div class=\"row\"><div class=\"col col-12 sm-col-12 md-col-3\">\u00a0<\/div><div class=\"col col-12 sm-col-12 md-col-9\"><div id=\"tw-container\" class=\"\" data-cp=\"1\" data-is-ver=\"false\" data-nnttsvi=\"1\" data-sm=\"1\" data-sugg-time=\"500\" data-sugg-url=\"https:\/\/clients1.google.com\/complete\/search\" data-uilc=\"en\"><div id=\"tw-ob\" class=\"tw-src-ltr\"><div class=\"oSioSc\"><div id=\"tw-target\"><div id=\"kAz1tf\" class=\"g9WsWb\"><div id=\"tw-target-text-container\" class=\"tw-ta-container F0azHf tw-nfl\" tabindex=\"0\"><p id=\"tw-target-text\" class=\"tw-data-text tw-text-large tw-ta\" dir=\"ltr\" data-placeholder=\"Translation\"><strong><span class=\"Y2IQFc\" lang=\"de\">Cookie-Richtlinie: Cliff College Outreach<\/span><\/strong><\/p><\/div><\/div><\/div><\/div><\/div><\/div><div id=\"tw-container\" class=\"\" data-cp=\"1\" data-is-ver=\"false\" data-nnttsvi=\"1\" data-sm=\"1\" data-sugg-time=\"500\" data-sugg-url=\"https:\/\/clients1.google.com\/complete\/search\" data-uilc=\"en\"><div id=\"tw-ob\" class=\"tw-src-ltr\"><div class=\"oSioSc\"><div id=\"tw-target\"><div id=\"kAz1tf\" class=\"g9WsWb\"><div id=\"tw-target-text-container\" class=\"tw-ta-container F0azHf tw-nfl\" tabindex=\"0\"><p id=\"tw-target-text\" class=\"tw-data-text tw-text-large tw-ta\" dir=\"ltr\" data-placeholder=\"Translation\"><span class=\"Y2IQFc\" lang=\"de\">Unsere Website verwendet Cookies, um Sie von anderen Nutzern unserer Website zu unterscheiden. Dies hilft uns, Ihnen ein gutes Erlebnis beim Surfen auf unserer Website zu bieten und erm\u00f6glicht es uns auch, unsere Website zu verbessern.<\/span><\/p><\/div><\/div><\/div><\/div><\/div><\/div><div id=\"tw-container\" class=\"\" data-cp=\"1\" data-is-ver=\"false\" data-nnttsvi=\"1\" data-sm=\"1\" data-sugg-time=\"500\" data-sugg-url=\"https:\/\/clients1.google.com\/complete\/search\" data-uilc=\"en\"><div id=\"tw-ob\" class=\"tw-src-ltr\"><div class=\"oSioSc\"><div id=\"tw-target\"><div id=\"kAz1tf\" class=\"g9WsWb\"><div id=\"tw-target-text-container\" class=\"tw-ta-container F0azHf tw-nfl\" tabindex=\"0\"><p id=\"tw-target-text\" class=\"tw-data-text tw-text-large tw-ta\" dir=\"ltr\" data-placeholder=\"Translation\"><span class=\"Y2IQFc\" lang=\"de\">Ein Cookie ist eine kleine Datei mit Buchstaben und Zahlen, die wir in Ihrem Browser oder auf der Festplatte Ihres Computers speichern, wenn Sie damit einverstanden sind. Cookies enthalten Informationen, die auf die Festplatte Ihres Computers \u00fcbertragen werden.<\/span><\/p><\/div><\/div><\/div><\/div><\/div><\/div><div id=\"tw-container\" class=\"\" data-cp=\"1\" data-is-ver=\"false\" data-nnttsvi=\"1\" data-sm=\"1\" data-sugg-time=\"500\" data-sugg-url=\"https:\/\/clients1.google.com\/complete\/search\" data-uilc=\"en\"><div id=\"tw-ob\" class=\"tw-src-ltr\"><div class=\"oSioSc\"><div id=\"tw-target\"><div id=\"kAz1tf\" class=\"g9WsWb\"><div id=\"tw-target-text-container\" class=\"tw-ta-container F0azHf tw-nfl\" tabindex=\"0\"><p id=\"tw-target-text\" class=\"tw-data-text tw-text-large tw-ta\" dir=\"ltr\" data-placeholder=\"Translation\"><span class=\"Y2IQFc\" lang=\"de\">Wir verwenden die folgenden Cookies:<\/span><\/p><\/div><\/div><\/div><\/div><\/div><\/div><ul><li><strong>Strictly necessary cookies.<\/strong><div id=\"tw-container\" class=\"\" data-cp=\"1\" data-is-ver=\"false\" data-nnttsvi=\"1\" data-sm=\"1\" data-sugg-time=\"500\" data-sugg-url=\"https:\/\/clients1.google.com\/complete\/search\" data-uilc=\"en\"><div id=\"tw-ob\" class=\"tw-src-ltr\"><div class=\"oSioSc\"><div id=\"tw-target\"><div id=\"kAz1tf\" class=\"g9WsWb\"><div id=\"tw-target-text-container\" class=\"tw-ta-container F0azHf tw-nfl\" tabindex=\"0\"><p id=\"tw-target-text\" class=\"tw-data-text tw-text-large tw-ta\" dir=\"ltr\" data-placeholder=\"Translation\"><span class=\"Y2IQFc\" lang=\"de\">Dies sind Cookies, die f\u00fcr den Betrieb unserer Website erforderlich sind. Dazu geh\u00f6ren beispielsweise Cookies, die es Ihnen erm\u00f6glichen, sich in sichere Bereiche unserer Website einzuloggen, einen Warenkorb zu verwenden oder E-Rechnungsdienste zu nutzen.<\/span><\/p><\/div><\/div><\/div><\/div><\/div><\/div><\/li><li><strong>Analytical or performance cookies.<\/strong><div id=\"tw-container\" class=\"\" data-cp=\"1\" data-is-ver=\"false\" data-nnttsvi=\"1\" data-sm=\"1\" data-sugg-time=\"500\" data-sugg-url=\"https:\/\/clients1.google.com\/complete\/search\" data-uilc=\"en\"><div id=\"tw-ob\" class=\"tw-src-ltr\"><div class=\"oSioSc\"><div id=\"tw-target\"><div id=\"kAz1tf\" class=\"g9WsWb\"><div id=\"tw-target-text-container\" class=\"tw-ta-container F0azHf tw-nfl\" tabindex=\"0\"><p id=\"tw-target-text\" class=\"tw-data-text tw-text-large tw-ta\" dir=\"ltr\" data-placeholder=\"Translation\"><span class=\"Y2IQFc\" lang=\"de\">Diese erm\u00f6glichen es uns, die Anzahl der Besucher zu erkennen und zu z\u00e4hlen und zu sehen, wie sich Besucher auf unserer Website bewegen, wenn sie diese nutzen. Dies hilft uns, die Funktionsweise unserer Website zu verbessern, indem wir beispielsweise sicherstellen, dass die Benutzer leicht finden, wonach sie suchen.<\/span><\/p><\/div><\/div><\/div><\/div><\/div><\/div><\/li><li><strong><strong>Functionality cookies.<\/strong><\/strong><div id=\"tw-container\" class=\"\" data-cp=\"1\" data-is-ver=\"false\" data-nnttsvi=\"1\" data-sm=\"1\" data-sugg-time=\"500\" data-sugg-url=\"https:\/\/clients1.google.com\/complete\/search\" data-uilc=\"en\"><div id=\"tw-ob\" class=\"tw-src-ltr\"><div class=\"oSioSc\"><div id=\"tw-target\"><div id=\"kAz1tf\" class=\"g9WsWb\"><div id=\"tw-target-text-container\" class=\"tw-ta-container F0azHf tw-nfl\" tabindex=\"0\"><p id=\"tw-target-text\" class=\"tw-data-text tw-text-large tw-ta\" dir=\"ltr\" data-placeholder=\"Translation\"><span class=\"Y2IQFc\" lang=\"de\">Diese dienen dazu, Sie wiederzuerkennen, wenn Sie auf unsere Website zur\u00fcckkehren. Dies erm\u00f6glicht es uns, unsere Inhalte f\u00fcr Sie zu personalisieren, Sie mit Namen zu begr\u00fc\u00dfen und Ihre Pr\u00e4ferenzen (z. B. Ihre Sprach- oder Regionswahl) zu speichern.<\/span><\/p><\/div><div class=\"iYB33c\"><div class=\"dlJLJe\">\u00a0<\/div><\/div><\/div><\/div><\/div><\/div><\/div><\/li><li><strong>Targeting cookies.<\/strong><div id=\"tw-container\" class=\"\" data-cp=\"1\" data-is-ver=\"false\" data-nnttsvi=\"1\" data-sm=\"1\" data-sugg-time=\"500\" data-sugg-url=\"https:\/\/clients1.google.com\/complete\/search\" data-uilc=\"en\"><div id=\"tw-ob\" class=\"tw-src-ltr\"><div class=\"oSioSc\"><div id=\"tw-target\"><div id=\"kAz1tf\" class=\"g9WsWb\"><div id=\"tw-target-text-container\" class=\"tw-ta-container F0azHf tw-nfl\" tabindex=\"0\"><p id=\"tw-target-text\" class=\"tw-data-text tw-text-large tw-ta\" dir=\"ltr\" data-placeholder=\"Translation\"><span class=\"Y2IQFc\" lang=\"de\">Diese Cookies zeichnen Ihren Besuch auf unserer Website, die von Ihnen besuchten Seiten und die Links, denen Sie gefolgt sind, auf. Wir verwenden diese Informationen, um unsere Website und die darauf angezeigte Werbung f\u00fcr Ihre Interessen relevanter zu gestalten. Zu diesem Zweck k\u00f6nnen wir diese Informationen auch an Dritte weitergeben.<\/span><\/p><\/div><div class=\"iYB33c\"><div class=\"dlJLJe\">\u00a0<\/div><\/div><\/div><\/div><\/div><\/div><\/div><\/li><\/ul><div id=\"tw-container\" class=\"\" data-cp=\"1\" data-is-ver=\"false\" data-nnttsvi=\"1\" data-sm=\"1\" data-sugg-time=\"500\" data-sugg-url=\"https:\/\/clients1.google.com\/complete\/search\" data-uilc=\"en\"><div id=\"tw-ob\" class=\"tw-src-ltr\"><div class=\"oSioSc\"><div id=\"tw-target\"><div id=\"kAz1tf\" class=\"g9WsWb\"><div id=\"tw-target-text-container\" class=\"tw-ta-container F0azHf tw-nfl\" tabindex=\"0\"><p id=\"tw-target-text\" class=\"tw-data-text tw-text-large tw-ta\" dir=\"ltr\" data-placeholder=\"Translation\"><span class=\"Y2IQFc\" lang=\"de\">Weitere Informationen zu den einzelnen von uns verwendeten Cookies und den Zwecken, f\u00fcr die wir sie verwenden, finden Sie in der folgenden Tabelle:<\/span><\/p><\/div><div id=\"tw-target-rmn-container\" class=\"tw-target-rmn tw-ta-container F0azHf tw-nfl\"><pre id=\"tw-target-rmn\" class=\"tw-data-placeholder tw-text-small tw-ta\" dir=\"ltr\" data-placeholder=\"\">\u00a0<\/pre><\/div><\/div><\/div><\/div><\/div><\/div><table><tbody><tr><td><strong>Cookie Title<\/strong><strong>Cookie Name<\/strong><\/td><td><strong>Purpose<\/strong><\/td><\/tr><tr><td>[COOKIE TITLE][COOKIE NAME]<\/td><td><p>Examples of purposes for which a cookie may be used:This cookie enables us to:<\/p><p>(a) Estimate our audience size and usage pattern.<\/p><p>(b) Store information about your preferences, and so allow us to customise our site and to provide you with offers that are targeted to your individual interests.<\/p><p>(c) Speed up your searches.<\/p><p>(d) Recognise you when you return to our site.<\/p><p>(e) Allow you to use our site in a way that makes your browsing experience more convenient, for example, by allowing you to store items in an electronic shopping basket between visits. If you register with us or complete our online forms, we will use cookies to remember your details during your current visit, and any future visits provided the cookie was not deleted in the interim.<\/p><p>(f) [OTHER PURPOSES].<\/p><\/td><\/tr><\/tbody><\/table><p>Please note that the following third parties may also use cookies, over which we have no control. These named third parties may include, for example, advertising networks and providers of external services like web traffic analysis services. These third party cookies are likely to be analytical cookies or performance cookies or targeting cookies:<\/p><p>[NAME THIRD PARTIES]<\/p><p>To deactivate the use of third party advertising cookies, you may visit the following page to manage the use of these types of cookies [INSERT LINK].<\/p><p>You can block cookies by activating the setting on your browser that allows you to refuse the setting of all or some cookies. However, if you use your browser settings to block all cookies (including essential cookies) you may not be able to access all or parts of our website.<\/p><p>Except for essential cookies, all cookies will expire after [EXPIRY PERIOD].<\/p><\/div><\/div><\/div><\/div><\/section>\t\t\t\t\t\t<\/div>\n\t\t\t\t<\/div>\n\t\t\t\t\t<\/div>\n\t\t<\/div>\n\t\t\t\t\t<\/div>\n\t\t<\/section>\n\t\t\t\t<\/div>\n\t\t","protected":false},"excerpt":{"rendered":"<p>Cookie-Richtlinie Cookie-Richtlinie: Cliff College Outreach Unsere Website verwendet Cookies, um Sie von anderen Nutzern unserer Website zu unterscheiden. Dies hilft uns, Ihnen ein gutes Erlebnis beim Surfen auf unserer Website zu bieten und erm\u00f6glicht es uns auch, unsere Website zu . . .<\/p>\n","protected":false},"author":1,"featured_media":0,"parent":0,"menu_order":0,"comment_status":"closed","ping_status":"closed","template":"","meta":{"_acf_changed":false,"footnotes":""},"class_list":["post-1001","page","type-page","status-publish","hentry"],"acf":[],"_links":{"self":[{"href":"https:\/\/theologyx.com\/de\/wp-json\/wp\/v2\/pages\/1001"}],"collection":[{"href":"https:\/\/theologyx.com\/de\/wp-json\/wp\/v2\/pages"}],"about":[{"href":"https:\/\/theologyx.com\/de\/wp-json\/wp\/v2\/types\/page"}],"author":[{"embeddable":true,"href":"https:\/\/theologyx.com\/de\/wp-json\/wp\/v2\/users\/1"}],"replies":[{"embeddable":true,"href":"https:\/\/theologyx.com\/de\/wp-json\/wp\/v2\/comments?post=1001"}],"version-history":[{"count":5,"href":"https:\/\/theologyx.com\/de\/wp-json\/wp\/v2\/pages\/1001\/revisions"}],"predecessor-version":[{"id":1024,"href":"https:\/\/theologyx.com\/de\/wp-json\/wp\/v2\/pages\/1001\/revisions\/1024"}],"wp:attachment":[{"href":"https:\/\/theologyx.com\/de\/wp-json\/wp\/v2\/media?parent=1001"}],"curies":[{"name":"wp","href":"https:\/\/api.w.org\/{rel}","templated":true}]}}